{"id":10905,"date":"2015-11-13T15:00:42","date_gmt":"2015-11-13T14:00:42","guid":{"rendered":"https:\/\/muninsports.com\/?page_id=10905"},"modified":"2020-11-04T09:51:16","modified_gmt":"2020-11-04T08:51:16","slug":"finansiering","status":"publish","type":"page","link":"https:\/\/old.muninsports.com\/da\/support\/finansiering\/","title":{"rendered":"Finansiering"},"content":{"rendered":"","protected":false},"excerpt":{"rendered":"","protected":false},"author":1,"featured_media":0,"parent":1697,"menu_order":8,"comment_status":"closed","ping_status":"closed","template":"page-templates\/terms.php","meta":{"_mi_skip_tracking":false},"acf":[],"yoast_head":"<!-- This site is optimized with the Yoast SEO plugin v19.6.1 - https:\/\/yoast.com\/wordpress\/plugins\/seo\/ -->\n<title>Finansiering af rebounder, fodbolde og udstyr | Munin Sports<\/title>\n<meta name=\"description\" content=\"Vi kan hj\u00e6lpe dig med finansieringen til k\u00f8b af bl.a. rebounders, M-station og udstyr. Du kan beregne og ans\u00f8ge om l\u00e5net direkte p\u00e5 siden - klik og se mere.\" \/>\n<meta name=\"robots\" content=\"index, follow, max-snippet:-1, max-image-preview:large, max-video-preview:-1\" \/>\n<link rel=\"canonical\" href=\"https:\/\/old.muninsports.com\/da\/support\/finansiering\/\" \/>\n<meta property=\"og:locale\" content=\"da_DK\" \/>\n<meta property=\"og:type\" content=\"article\" \/>\n<meta property=\"og:title\" content=\"Finansiering af rebounder, fodbolde og udstyr | Munin Sports\" \/>\n<meta property=\"og:description\" content=\"Vi kan hj\u00e6lpe dig med finansieringen til k\u00f8b af bl.a. rebounders, M-station og udstyr. Du kan beregne og ans\u00f8ge om l\u00e5net direkte p\u00e5 siden - klik og se mere.\" \/>\n<meta property=\"og:url\" content=\"https:\/\/old.muninsports.com\/da\/support\/finansiering\/\" \/>\n<meta property=\"og:site_name\" content=\"Munin Sports\" \/>\n<meta property=\"article:modified_time\" content=\"2020-11-04T08:51:16+00:00\" \/>\n<script type=\"application\/ld+json\" class=\"yoast-schema-graph\">{\"@context\":\"https:\/\/schema.org\",\"@graph\":[{\"@type\":\"WebPage\",\"@id\":\"https:\/\/old.muninsports.com\/da\/support\/finansiering\/\",\"url\":\"https:\/\/old.muninsports.com\/da\/support\/finansiering\/\",\"name\":\"Finansiering af rebounder, fodbolde og udstyr | Munin Sports\",\"isPartOf\":{\"@id\":\"https:\/\/old.muninsports.com\/eur\/#website\"},\"datePublished\":\"2015-11-13T14:00:42+00:00\",\"dateModified\":\"2020-11-04T08:51:16+00:00\",\"description\":\"Vi kan hj\u00e6lpe dig med finansieringen til k\u00f8b af bl.a. rebounders, M-station og udstyr. Du kan beregne og ans\u00f8ge om l\u00e5net direkte p\u00e5 siden - klik og se mere.\",\"breadcrumb\":{\"@id\":\"https:\/\/old.muninsports.com\/da\/support\/finansiering\/#breadcrumb\"},\"inLanguage\":\"da-DK\",\"potentialAction\":[{\"@type\":\"ReadAction\",\"target\":[\"https:\/\/old.muninsports.com\/da\/support\/finansiering\/\"]}]},{\"@type\":\"BreadcrumbList\",\"@id\":\"https:\/\/old.muninsports.com\/da\/support\/finansiering\/#breadcrumb\",\"itemListElement\":[{\"@type\":\"ListItem\",\"position\":1,\"name\":\"Home\",\"item\":\"https:\/\/old.muninsports.com\/da\/\"},{\"@type\":\"ListItem\",\"position\":2,\"name\":\"Support\",\"item\":\"https:\/\/old.muninsports.com\/da\/support\/\"},{\"@type\":\"ListItem\",\"position\":3,\"name\":\"Finansiering\"}]},{\"@type\":\"WebSite\",\"@id\":\"https:\/\/old.muninsports.com\/eur\/#website\",\"url\":\"https:\/\/old.muninsports.com\/eur\/\",\"name\":\"Munin Sports\",\"description\":\"\",\"potentialAction\":[{\"@type\":\"SearchAction\",\"target\":{\"@type\":\"EntryPoint\",\"urlTemplate\":\"https:\/\/old.muninsports.com\/eur\/?s={search_term_string}\"},\"query-input\":\"required name=search_term_string\"}],\"inLanguage\":\"da-DK\"}]}<\/script>\n<!-- \/ Yoast SEO plugin. -->","yoast_head_json":{"title":"Finansiering af rebounder, fodbolde og udstyr | Munin Sports","description":"Vi kan hj\u00e6lpe dig med finansieringen til k\u00f8b af bl.a. rebounders, M-station og udstyr. Du kan beregne og ans\u00f8ge om l\u00e5net direkte p\u00e5 siden - klik og se mere.","robots":{"index":"index","follow":"follow","max-snippet":"max-snippet:-1","max-image-preview":"max-image-preview:large","max-video-preview":"max-video-preview:-1"},"canonical":"https:\/\/old.muninsports.com\/da\/support\/finansiering\/","og_locale":"da_DK","og_type":"article","og_title":"Finansiering af rebounder, fodbolde og udstyr | Munin Sports","og_description":"Vi kan hj\u00e6lpe dig med finansieringen til k\u00f8b af bl.a. rebounders, M-station og udstyr. Du kan beregne og ans\u00f8ge om l\u00e5net direkte p\u00e5 siden - klik og se mere.","og_url":"https:\/\/old.muninsports.com\/da\/support\/finansiering\/","og_site_name":"Munin Sports","article_modified_time":"2020-11-04T08:51:16+00:00","schema":{"@context":"https:\/\/schema.org","@graph":[{"@type":"WebPage","@id":"https:\/\/old.muninsports.com\/da\/support\/finansiering\/","url":"https:\/\/old.muninsports.com\/da\/support\/finansiering\/","name":"Finansiering af rebounder, fodbolde og udstyr | Munin Sports","isPartOf":{"@id":"https:\/\/old.muninsports.com\/eur\/#website"},"datePublished":"2015-11-13T14:00:42+00:00","dateModified":"2020-11-04T08:51:16+00:00","description":"Vi kan hj\u00e6lpe dig med finansieringen til k\u00f8b af bl.a. rebounders, M-station og udstyr. Du kan beregne og ans\u00f8ge om l\u00e5net direkte p\u00e5 siden - klik og se mere.","breadcrumb":{"@id":"https:\/\/old.muninsports.com\/da\/support\/finansiering\/#breadcrumb"},"inLanguage":"da-DK","potentialAction":[{"@type":"ReadAction","target":["https:\/\/old.muninsports.com\/da\/support\/finansiering\/"]}]},{"@type":"BreadcrumbList","@id":"https:\/\/old.muninsports.com\/da\/support\/finansiering\/#breadcrumb","itemListElement":[{"@type":"ListItem","position":1,"name":"Home","item":"https:\/\/old.muninsports.com\/da\/"},{"@type":"ListItem","position":2,"name":"Support","item":"https:\/\/old.muninsports.com\/da\/support\/"},{"@type":"ListItem","position":3,"name":"Finansiering"}]},{"@type":"WebSite","@id":"https:\/\/old.muninsports.com\/eur\/#website","url":"https:\/\/old.muninsports.com\/eur\/","name":"Munin Sports","description":"","potentialAction":[{"@type":"SearchAction","target":{"@type":"EntryPoint","urlTemplate":"https:\/\/old.muninsports.com\/eur\/?s={search_term_string}"},"query-input":"required name=search_term_string"}],"inLanguage":"da-DK"}]}},"_links":{"self":[{"href":"https:\/\/old.muninsports.com\/da\/wp-json\/wp\/v2\/pages\/10905"}],"collection":[{"href":"https:\/\/old.muninsports.com\/da\/wp-json\/wp\/v2\/pages"}],"about":[{"href":"https:\/\/old.muninsports.com\/da\/wp-json\/wp\/v2\/types\/page"}],"author":[{"embeddable":true,"href":"https:\/\/old.muninsports.com\/da\/wp-json\/wp\/v2\/users\/1"}],"replies":[{"embeddable":true,"href":"https:\/\/old.muninsports.com\/da\/wp-json\/wp\/v2\/comments?post=10905"}],"version-history":[{"count":18,"href":"https:\/\/old.muninsports.com\/da\/wp-json\/wp\/v2\/pages\/10905\/revisions"}],"predecessor-version":[{"id":48082,"href":"https:\/\/old.muninsports.com\/da\/wp-json\/wp\/v2\/pages\/10905\/revisions\/48082"}],"up":[{"embeddable":true,"href":"https:\/\/old.muninsports.com\/da\/wp-json\/wp\/v2\/pages\/1697"}],"wp:attachment":[{"href":"https:\/\/old.muninsports.com\/da\/wp-json\/wp\/v2\/media?parent=10905"}],"curies":[{"name":"wp","href":"https:\/\/api.w.org\/{rel}","templated":true}]}}