{"id":1121,"date":"2014-11-10T12:00:31","date_gmt":"2014-11-10T11:00:31","guid":{"rendered":"https:\/\/muninsports.com\/social-media-2\/"},"modified":"2016-02-16T10:07:17","modified_gmt":"2016-02-16T09:07:17","slug":"social-media","status":"publish","type":"page","link":"https:\/\/old.muninsports.com\/da\/social-media\/","title":{"rendered":"SOCIAL MEDIA"},"content":{"rendered":"<p>[dc_social_wall id=&#8221;1117&#8243;]<\/p>\n","protected":false},"excerpt":{"rendered":"<p>[dc_social_wall id=&#8221;1117&#8243;]<\/p>\n","protected":false},"author":1,"featured_media":0,"parent":0,"menu_order":0,"comment_status":"open","ping_status":"open","template":"page-templates\/social_media.php","meta":{"_mi_skip_tracking":false},"acf":[],"yoast_head":"<!-- This site is optimized with the Yoast SEO plugin v19.6.1 - https:\/\/yoast.com\/wordpress\/plugins\/seo\/ -->\n<title>F\u00f8lg os for mere info om fodbold og tr\u00e6ning | Munin Sports<\/title>\n<meta name=\"description\" content=\"Fodbold, tr\u00e6ning og M-station er bare nogle af de ting, du vil l\u00e6re meget mere om, hvis du f\u00f8lger os p\u00e5 de sociale medier. Lad os g\u00f8re din tr\u00e6ning sjovere.\" \/>\n<meta name=\"robots\" content=\"index, follow, max-snippet:-1, max-image-preview:large, max-video-preview:-1\" \/>\n<link rel=\"canonical\" href=\"https:\/\/old.muninsports.com\/da\/social-media\/\" \/>\n<meta property=\"og:locale\" content=\"da_DK\" \/>\n<meta property=\"og:type\" content=\"article\" \/>\n<meta property=\"og:title\" content=\"F\u00f8lg os for mere info om fodbold og tr\u00e6ning | Munin Sports\" \/>\n<meta property=\"og:description\" content=\"Fodbold, tr\u00e6ning og M-station er bare nogle af de ting, du vil l\u00e6re meget mere om, hvis du f\u00f8lger os p\u00e5 de sociale medier. Lad os g\u00f8re din tr\u00e6ning sjovere.\" \/>\n<meta property=\"og:url\" content=\"https:\/\/old.muninsports.com\/da\/social-media\/\" \/>\n<meta property=\"og:site_name\" content=\"Munin Sports\" \/>\n<meta property=\"article:modified_time\" content=\"2016-02-16T09:07:17+00:00\" \/>\n<script type=\"application\/ld+json\" class=\"yoast-schema-graph\">{\"@context\":\"https:\/\/schema.org\",\"@graph\":[{\"@type\":\"WebPage\",\"@id\":\"https:\/\/old.muninsports.com\/da\/social-media\/\",\"url\":\"https:\/\/old.muninsports.com\/da\/social-media\/\",\"name\":\"F\u00f8lg os for mere info om fodbold og tr\u00e6ning | Munin Sports\",\"isPartOf\":{\"@id\":\"https:\/\/old.muninsports.com\/eur\/#website\"},\"datePublished\":\"2014-11-10T11:00:31+00:00\",\"dateModified\":\"2016-02-16T09:07:17+00:00\",\"description\":\"Fodbold, tr\u00e6ning og M-station er bare nogle af de ting, du vil l\u00e6re meget mere om, hvis du f\u00f8lger os p\u00e5 de sociale medier. Lad os g\u00f8re din tr\u00e6ning sjovere.\",\"breadcrumb\":{\"@id\":\"https:\/\/old.muninsports.com\/da\/social-media\/#breadcrumb\"},\"inLanguage\":\"da-DK\",\"potentialAction\":[{\"@type\":\"ReadAction\",\"target\":[\"https:\/\/old.muninsports.com\/da\/social-media\/\"]}]},{\"@type\":\"BreadcrumbList\",\"@id\":\"https:\/\/old.muninsports.com\/da\/social-media\/#breadcrumb\",\"itemListElement\":[{\"@type\":\"ListItem\",\"position\":1,\"name\":\"Home\",\"item\":\"https:\/\/old.muninsports.com\/da\/\"},{\"@type\":\"ListItem\",\"position\":2,\"name\":\"SOCIAL MEDIA\"}]},{\"@type\":\"WebSite\",\"@id\":\"https:\/\/old.muninsports.com\/eur\/#website\",\"url\":\"https:\/\/old.muninsports.com\/eur\/\",\"name\":\"Munin Sports\",\"description\":\"\",\"potentialAction\":[{\"@type\":\"SearchAction\",\"target\":{\"@type\":\"EntryPoint\",\"urlTemplate\":\"https:\/\/old.muninsports.com\/eur\/?s={search_term_string}\"},\"query-input\":\"required name=search_term_string\"}],\"inLanguage\":\"da-DK\"}]}<\/script>\n<!-- \/ Yoast SEO plugin. -->","yoast_head_json":{"title":"F\u00f8lg os for mere info om fodbold og tr\u00e6ning | Munin Sports","description":"Fodbold, tr\u00e6ning og M-station er bare nogle af de ting, du vil l\u00e6re meget mere om, hvis du f\u00f8lger os p\u00e5 de sociale medier. Lad os g\u00f8re din tr\u00e6ning sjovere.","robots":{"index":"index","follow":"follow","max-snippet":"max-snippet:-1","max-image-preview":"max-image-preview:large","max-video-preview":"max-video-preview:-1"},"canonical":"https:\/\/old.muninsports.com\/da\/social-media\/","og_locale":"da_DK","og_type":"article","og_title":"F\u00f8lg os for mere info om fodbold og tr\u00e6ning | Munin Sports","og_description":"Fodbold, tr\u00e6ning og M-station er bare nogle af de ting, du vil l\u00e6re meget mere om, hvis du f\u00f8lger os p\u00e5 de sociale medier. Lad os g\u00f8re din tr\u00e6ning sjovere.","og_url":"https:\/\/old.muninsports.com\/da\/social-media\/","og_site_name":"Munin Sports","article_modified_time":"2016-02-16T09:07:17+00:00","schema":{"@context":"https:\/\/schema.org","@graph":[{"@type":"WebPage","@id":"https:\/\/old.muninsports.com\/da\/social-media\/","url":"https:\/\/old.muninsports.com\/da\/social-media\/","name":"F\u00f8lg os for mere info om fodbold og tr\u00e6ning | Munin Sports","isPartOf":{"@id":"https:\/\/old.muninsports.com\/eur\/#website"},"datePublished":"2014-11-10T11:00:31+00:00","dateModified":"2016-02-16T09:07:17+00:00","description":"Fodbold, tr\u00e6ning og M-station er bare nogle af de ting, du vil l\u00e6re meget mere om, hvis du f\u00f8lger os p\u00e5 de sociale medier. Lad os g\u00f8re din tr\u00e6ning sjovere.","breadcrumb":{"@id":"https:\/\/old.muninsports.com\/da\/social-media\/#breadcrumb"},"inLanguage":"da-DK","potentialAction":[{"@type":"ReadAction","target":["https:\/\/old.muninsports.com\/da\/social-media\/"]}]},{"@type":"BreadcrumbList","@id":"https:\/\/old.muninsports.com\/da\/social-media\/#breadcrumb","itemListElement":[{"@type":"ListItem","position":1,"name":"Home","item":"https:\/\/old.muninsports.com\/da\/"},{"@type":"ListItem","position":2,"name":"SOCIAL MEDIA"}]},{"@type":"WebSite","@id":"https:\/\/old.muninsports.com\/eur\/#website","url":"https:\/\/old.muninsports.com\/eur\/","name":"Munin Sports","description":"","potentialAction":[{"@type":"SearchAction","target":{"@type":"EntryPoint","urlTemplate":"https:\/\/old.muninsports.com\/eur\/?s={search_term_string}"},"query-input":"required name=search_term_string"}],"inLanguage":"da-DK"}]}},"_links":{"self":[{"href":"https:\/\/old.muninsports.com\/da\/wp-json\/wp\/v2\/pages\/1121"}],"collection":[{"href":"https:\/\/old.muninsports.com\/da\/wp-json\/wp\/v2\/pages"}],"about":[{"href":"https:\/\/old.muninsports.com\/da\/wp-json\/wp\/v2\/types\/page"}],"author":[{"embeddable":true,"href":"https:\/\/old.muninsports.com\/da\/wp-json\/wp\/v2\/users\/1"}],"replies":[{"embeddable":true,"href":"https:\/\/old.muninsports.com\/da\/wp-json\/wp\/v2\/comments?post=1121"}],"version-history":[{"count":7,"href":"https:\/\/old.muninsports.com\/da\/wp-json\/wp\/v2\/pages\/1121\/revisions"}],"predecessor-version":[{"id":9274,"href":"https:\/\/old.muninsports.com\/da\/wp-json\/wp\/v2\/pages\/1121\/revisions\/9274"}],"wp:attachment":[{"href":"https:\/\/old.muninsports.com\/da\/wp-json\/wp\/v2\/media?parent=1121"}],"curies":[{"name":"wp","href":"https:\/\/api.w.org\/{rel}","templated":true}]}}