{"id":1849,"date":"2014-11-10T16:53:53","date_gmt":"2014-11-10T15:53:53","guid":{"rendered":"https:\/\/muninsports.com\/support\/contact\/"},"modified":"2021-02-19T15:30:08","modified_gmt":"2021-02-19T14:30:08","slug":"kontakt","status":"publish","type":"page","link":"https:\/\/old.muninsports.com\/da\/support\/kontakt\/","title":{"rendered":"Kontakt os"},"content":{"rendered":"<h1>KONTAKT OS<\/h1>\n<p><span data-sheets-value=\"[null,2,&quot;Vi har gjort det nemt for dig at komme i kontakt med os \\u2013 derfor v\\u00e6lgt det emne du har brug for nedenfor og du kan skrive dirkete til den relevante medarbejder, som hurtigt muligt og inden for 24 timer vil svare p\\u00e5 din mail.&quot;]\" data-sheets-userformat=\"[null,null,9213,[null,0],null,[null,[[null,2,0,null,null,[null,2,0]],[null,0,0,3],[null,1,0,null,1]]],[null,[[null,2,0,null,null,[null,2,0]],[null,0,0,3],[null,1,0,null,1]]],[null,[[null,2,0,null,null,[null,2,0]],[null,0,0,3],[null,1,0,null,1]]],[null,[[null,2,0,null,null,[null,2,0]],[null,0,0,3],[null,1,0,null,1]]],1,2,1,0,null,null,null,8]\">Vi har gjort det nemt for dig at komme i kontakt med os. Vi bestr\u00e6ber os p\u00e5 at svare p\u00e5 alle henvendelser inden for 24 timer.\u00a0<\/span><\/p>\n<p>Munin Sports<br \/>\nDanneskiold-sams\u00f8es All\u00e9 24, 1<br \/>\nDK-1434 K\u00f8benhavn<br \/>\nCVR: 39889471<\/p>\n<p><strong>Salg<\/strong>: <a href=\"mailto:sales@muninsports.com\">sales@muninsports.com<\/a><br \/>\n<strong>Support<\/strong>: <a href=\"mailto:support@muninsports.com\">support@muninsports.com<\/a><br \/>\n<strong>Telefon<\/strong>: +45 51250535<\/p>\n","protected":false},"excerpt":{"rendered":"<p>KONTAKT OS Vi har gjort det nemt for dig at komme i kontakt med os. Vi bestr\u00e6ber os p\u00e5 at svare p\u00e5 alle henvendelser inden for 24 timer.\u00a0 Munin Sports Danneskiold-sams\u00f8es All\u00e9 24, 1 DK-1434 K\u00f8benhavn CVR: 39889471 Salg: sales@muninsports.com Support: support@muninsports.com Telefon: +45 51250535<\/p>\n","protected":false},"author":1,"featured_media":0,"parent":1697,"menu_order":2,"comment_status":"open","ping_status":"closed","template":"page-templates\/contact.php","meta":{"_mi_skip_tracking":false},"acf":[],"yoast_head":"<!-- This site is optimized with the Yoast SEO plugin v19.6.1 - https:\/\/yoast.com\/wordpress\/plugins\/seo\/ -->\n<title>Kontakt os - vi svarer indenfor 24 timer | Munin Sports<\/title>\n<meta name=\"description\" content=\"Kontakt os p\u00e5 tlf. +45 50 84 23 87 eller via mail info@muninsports.com, hvis du har sp\u00f8rgsm\u00e5l omkring M-stationer, fodboldm\u00e5l, udstyr til selvtr\u00e6ning m.m.\" \/>\n<meta name=\"robots\" content=\"index, follow, max-snippet:-1, max-image-preview:large, max-video-preview:-1\" \/>\n<link rel=\"canonical\" href=\"https:\/\/old.muninsports.com\/da\/support\/kontakt\/\" \/>\n<meta property=\"og:locale\" content=\"da_DK\" \/>\n<meta property=\"og:type\" content=\"article\" \/>\n<meta property=\"og:title\" content=\"Kontakt os - vi svarer indenfor 24 timer | Munin Sports\" \/>\n<meta property=\"og:description\" content=\"Kontakt os p\u00e5 tlf. +45 50 84 23 87 eller via mail info@muninsports.com, hvis du har sp\u00f8rgsm\u00e5l omkring M-stationer, fodboldm\u00e5l, udstyr til selvtr\u00e6ning m.m.\" \/>\n<meta property=\"og:url\" content=\"https:\/\/old.muninsports.com\/da\/support\/kontakt\/\" \/>\n<meta property=\"og:site_name\" content=\"Munin Sports\" \/>\n<meta property=\"article:modified_time\" content=\"2021-02-19T14:30:08+00:00\" \/>\n<script type=\"application\/ld+json\" class=\"yoast-schema-graph\">{\"@context\":\"https:\/\/schema.org\",\"@graph\":[{\"@type\":\"WebPage\",\"@id\":\"https:\/\/old.muninsports.com\/da\/support\/kontakt\/\",\"url\":\"https:\/\/old.muninsports.com\/da\/support\/kontakt\/\",\"name\":\"Kontakt os - vi svarer indenfor 24 timer | Munin Sports\",\"isPartOf\":{\"@id\":\"https:\/\/old.muninsports.com\/eur\/#website\"},\"datePublished\":\"2014-11-10T15:53:53+00:00\",\"dateModified\":\"2021-02-19T14:30:08+00:00\",\"description\":\"Kontakt os p\u00e5 tlf. +45 50 84 23 87 eller via mail info@muninsports.com, hvis du har sp\u00f8rgsm\u00e5l omkring M-stationer, fodboldm\u00e5l, udstyr til selvtr\u00e6ning m.m.\",\"breadcrumb\":{\"@id\":\"https:\/\/old.muninsports.com\/da\/support\/kontakt\/#breadcrumb\"},\"inLanguage\":\"da-DK\",\"potentialAction\":[{\"@type\":\"ReadAction\",\"target\":[\"https:\/\/old.muninsports.com\/da\/support\/kontakt\/\"]}]},{\"@type\":\"BreadcrumbList\",\"@id\":\"https:\/\/old.muninsports.com\/da\/support\/kontakt\/#breadcrumb\",\"itemListElement\":[{\"@type\":\"ListItem\",\"position\":1,\"name\":\"Home\",\"item\":\"https:\/\/old.muninsports.com\/da\/\"},{\"@type\":\"ListItem\",\"position\":2,\"name\":\"Support\",\"item\":\"https:\/\/old.muninsports.com\/da\/support\/\"},{\"@type\":\"ListItem\",\"position\":3,\"name\":\"Kontakt os\"}]},{\"@type\":\"WebSite\",\"@id\":\"https:\/\/old.muninsports.com\/eur\/#website\",\"url\":\"https:\/\/old.muninsports.com\/eur\/\",\"name\":\"Munin Sports\",\"description\":\"\",\"potentialAction\":[{\"@type\":\"SearchAction\",\"target\":{\"@type\":\"EntryPoint\",\"urlTemplate\":\"https:\/\/old.muninsports.com\/eur\/?s={search_term_string}\"},\"query-input\":\"required name=search_term_string\"}],\"inLanguage\":\"da-DK\"}]}<\/script>\n<!-- \/ Yoast SEO plugin. -->","yoast_head_json":{"title":"Kontakt os - vi svarer indenfor 24 timer | Munin Sports","description":"Kontakt os p\u00e5 tlf. +45 50 84 23 87 eller via mail info@muninsports.com, hvis du har sp\u00f8rgsm\u00e5l omkring M-stationer, fodboldm\u00e5l, udstyr til selvtr\u00e6ning m.m.","robots":{"index":"index","follow":"follow","max-snippet":"max-snippet:-1","max-image-preview":"max-image-preview:large","max-video-preview":"max-video-preview:-1"},"canonical":"https:\/\/old.muninsports.com\/da\/support\/kontakt\/","og_locale":"da_DK","og_type":"article","og_title":"Kontakt os - vi svarer indenfor 24 timer | Munin Sports","og_description":"Kontakt os p\u00e5 tlf. +45 50 84 23 87 eller via mail info@muninsports.com, hvis du har sp\u00f8rgsm\u00e5l omkring M-stationer, fodboldm\u00e5l, udstyr til selvtr\u00e6ning m.m.","og_url":"https:\/\/old.muninsports.com\/da\/support\/kontakt\/","og_site_name":"Munin Sports","article_modified_time":"2021-02-19T14:30:08+00:00","schema":{"@context":"https:\/\/schema.org","@graph":[{"@type":"WebPage","@id":"https:\/\/old.muninsports.com\/da\/support\/kontakt\/","url":"https:\/\/old.muninsports.com\/da\/support\/kontakt\/","name":"Kontakt os - vi svarer indenfor 24 timer | Munin Sports","isPartOf":{"@id":"https:\/\/old.muninsports.com\/eur\/#website"},"datePublished":"2014-11-10T15:53:53+00:00","dateModified":"2021-02-19T14:30:08+00:00","description":"Kontakt os p\u00e5 tlf. +45 50 84 23 87 eller via mail info@muninsports.com, hvis du har sp\u00f8rgsm\u00e5l omkring M-stationer, fodboldm\u00e5l, udstyr til selvtr\u00e6ning m.m.","breadcrumb":{"@id":"https:\/\/old.muninsports.com\/da\/support\/kontakt\/#breadcrumb"},"inLanguage":"da-DK","potentialAction":[{"@type":"ReadAction","target":["https:\/\/old.muninsports.com\/da\/support\/kontakt\/"]}]},{"@type":"BreadcrumbList","@id":"https:\/\/old.muninsports.com\/da\/support\/kontakt\/#breadcrumb","itemListElement":[{"@type":"ListItem","position":1,"name":"Home","item":"https:\/\/old.muninsports.com\/da\/"},{"@type":"ListItem","position":2,"name":"Support","item":"https:\/\/old.muninsports.com\/da\/support\/"},{"@type":"ListItem","position":3,"name":"Kontakt os"}]},{"@type":"WebSite","@id":"https:\/\/old.muninsports.com\/eur\/#website","url":"https:\/\/old.muninsports.com\/eur\/","name":"Munin Sports","description":"","potentialAction":[{"@type":"SearchAction","target":{"@type":"EntryPoint","urlTemplate":"https:\/\/old.muninsports.com\/eur\/?s={search_term_string}"},"query-input":"required name=search_term_string"}],"inLanguage":"da-DK"}]}},"_links":{"self":[{"href":"https:\/\/old.muninsports.com\/da\/wp-json\/wp\/v2\/pages\/1849"}],"collection":[{"href":"https:\/\/old.muninsports.com\/da\/wp-json\/wp\/v2\/pages"}],"about":[{"href":"https:\/\/old.muninsports.com\/da\/wp-json\/wp\/v2\/types\/page"}],"author":[{"embeddable":true,"href":"https:\/\/old.muninsports.com\/da\/wp-json\/wp\/v2\/users\/1"}],"replies":[{"embeddable":true,"href":"https:\/\/old.muninsports.com\/da\/wp-json\/wp\/v2\/comments?post=1849"}],"version-history":[{"count":42,"href":"https:\/\/old.muninsports.com\/da\/wp-json\/wp\/v2\/pages\/1849\/revisions"}],"predecessor-version":[{"id":49045,"href":"https:\/\/old.muninsports.com\/da\/wp-json\/wp\/v2\/pages\/1849\/revisions\/49045"}],"up":[{"embeddable":true,"href":"https:\/\/old.muninsports.com\/da\/wp-json\/wp\/v2\/pages\/1697"}],"wp:attachment":[{"href":"https:\/\/old.muninsports.com\/da\/wp-json\/wp\/v2\/media?parent=1849"}],"curies":[{"name":"wp","href":"https:\/\/api.w.org\/{rel}","templated":true}]}}