{"id":1861,"date":"2014-11-10T16:53:39","date_gmt":"2014-11-10T15:53:39","guid":{"rendered":"https:\/\/muninsports.com\/support\/manuals\/"},"modified":"2021-07-05T13:41:36","modified_gmt":"2021-07-05T12:41:36","slug":"manualer","status":"publish","type":"page","link":"https:\/\/old.muninsports.com\/da\/support\/manualer\/","title":{"rendered":"Manualer"},"content":{"rendered":"<p>Her kan du finde en oversigt over monteringsvejledningerne til vores m-station rebounders. Brug dem direkte fra din computer, tablet eller telefon eller download og print den manual du skal bruge.<\/p>\n<p>Hvis der skulle dukke et sp\u00f8rgms\u00e5l op eller hvis ikke du kan finde den manual du leder efter, s\u00e5 tag i vores support, der sidder\u00a0<a href=\"https:\/\/old.muninsports.com\/da\/support\/kontakt\/\">klar til at hj\u00e6lpe her<\/a>.<\/p>\n","protected":false},"excerpt":{"rendered":"<p>Her kan du finde en oversigt over monteringsvejledningerne til vores m-station rebounders. Brug dem direkte fra din computer, tablet eller telefon eller download og print den manual du skal bruge. Hvis der skulle dukke et sp\u00f8rgms\u00e5l op eller hvis ikke du kan finde den manual du leder efter, s\u00e5 tag i vores support, der sidder\u00a0klar [&hellip;]<\/p>\n","protected":false},"author":1,"featured_media":0,"parent":1697,"menu_order":3,"comment_status":"open","ping_status":"closed","template":"page-templates\/manuals.php","meta":{"_mi_skip_tracking":false},"acf":[],"yoast_head":"<!-- This site is optimized with the Yoast SEO plugin v19.6.1 - https:\/\/yoast.com\/wordpress\/plugins\/seo\/ -->\n<title>Manualer og videoer til M-station Talent og Pro | Munin Sports<\/title>\n<meta name=\"description\" content=\"Er du i tvivl om, hvordan du samler din M-station, kan du finde manualer og videoer med gode r\u00e5d og vejledning, s\u00e5 du kan komme godt igang med dit udstyr.\" \/>\n<meta name=\"robots\" content=\"index, follow, max-snippet:-1, max-image-preview:large, max-video-preview:-1\" \/>\n<link rel=\"canonical\" href=\"https:\/\/old.muninsports.com\/da\/support\/manualer\/\" \/>\n<meta property=\"og:locale\" content=\"da_DK\" \/>\n<meta property=\"og:type\" content=\"article\" \/>\n<meta property=\"og:title\" content=\"Manualer og videoer til M-station Talent og Pro | Munin Sports\" \/>\n<meta property=\"og:description\" content=\"Er du i tvivl om, hvordan du samler din M-station, kan du finde manualer og videoer med gode r\u00e5d og vejledning, s\u00e5 du kan komme godt igang med dit udstyr.\" \/>\n<meta property=\"og:url\" content=\"https:\/\/old.muninsports.com\/da\/support\/manualer\/\" \/>\n<meta property=\"og:site_name\" content=\"Munin Sports\" \/>\n<meta property=\"article:modified_time\" content=\"2021-07-05T12:41:36+00:00\" \/>\n<script type=\"application\/ld+json\" class=\"yoast-schema-graph\">{\"@context\":\"https:\/\/schema.org\",\"@graph\":[{\"@type\":\"WebPage\",\"@id\":\"https:\/\/old.muninsports.com\/da\/support\/manualer\/\",\"url\":\"https:\/\/old.muninsports.com\/da\/support\/manualer\/\",\"name\":\"Manualer og videoer til M-station Talent og Pro | Munin Sports\",\"isPartOf\":{\"@id\":\"https:\/\/old.muninsports.com\/eur\/#website\"},\"datePublished\":\"2014-11-10T15:53:39+00:00\",\"dateModified\":\"2021-07-05T12:41:36+00:00\",\"description\":\"Er du i tvivl om, hvordan du samler din M-station, kan du finde manualer og videoer med gode r\u00e5d og vejledning, s\u00e5 du kan komme godt igang med dit udstyr.\",\"breadcrumb\":{\"@id\":\"https:\/\/old.muninsports.com\/da\/support\/manualer\/#breadcrumb\"},\"inLanguage\":\"da-DK\",\"potentialAction\":[{\"@type\":\"ReadAction\",\"target\":[\"https:\/\/old.muninsports.com\/da\/support\/manualer\/\"]}]},{\"@type\":\"BreadcrumbList\",\"@id\":\"https:\/\/old.muninsports.com\/da\/support\/manualer\/#breadcrumb\",\"itemListElement\":[{\"@type\":\"ListItem\",\"position\":1,\"name\":\"Home\",\"item\":\"https:\/\/old.muninsports.com\/da\/\"},{\"@type\":\"ListItem\",\"position\":2,\"name\":\"Support\",\"item\":\"https:\/\/old.muninsports.com\/da\/support\/\"},{\"@type\":\"ListItem\",\"position\":3,\"name\":\"Manualer\"}]},{\"@type\":\"WebSite\",\"@id\":\"https:\/\/old.muninsports.com\/eur\/#website\",\"url\":\"https:\/\/old.muninsports.com\/eur\/\",\"name\":\"Munin Sports\",\"description\":\"\",\"potentialAction\":[{\"@type\":\"SearchAction\",\"target\":{\"@type\":\"EntryPoint\",\"urlTemplate\":\"https:\/\/old.muninsports.com\/eur\/?s={search_term_string}\"},\"query-input\":\"required name=search_term_string\"}],\"inLanguage\":\"da-DK\"}]}<\/script>\n<!-- \/ Yoast SEO plugin. -->","yoast_head_json":{"title":"Manualer og videoer til M-station Talent og Pro | Munin Sports","description":"Er du i tvivl om, hvordan du samler din M-station, kan du finde manualer og videoer med gode r\u00e5d og vejledning, s\u00e5 du kan komme godt igang med dit udstyr.","robots":{"index":"index","follow":"follow","max-snippet":"max-snippet:-1","max-image-preview":"max-image-preview:large","max-video-preview":"max-video-preview:-1"},"canonical":"https:\/\/old.muninsports.com\/da\/support\/manualer\/","og_locale":"da_DK","og_type":"article","og_title":"Manualer og videoer til M-station Talent og Pro | Munin Sports","og_description":"Er du i tvivl om, hvordan du samler din M-station, kan du finde manualer og videoer med gode r\u00e5d og vejledning, s\u00e5 du kan komme godt igang med dit udstyr.","og_url":"https:\/\/old.muninsports.com\/da\/support\/manualer\/","og_site_name":"Munin Sports","article_modified_time":"2021-07-05T12:41:36+00:00","schema":{"@context":"https:\/\/schema.org","@graph":[{"@type":"WebPage","@id":"https:\/\/old.muninsports.com\/da\/support\/manualer\/","url":"https:\/\/old.muninsports.com\/da\/support\/manualer\/","name":"Manualer og videoer til M-station Talent og Pro | Munin Sports","isPartOf":{"@id":"https:\/\/old.muninsports.com\/eur\/#website"},"datePublished":"2014-11-10T15:53:39+00:00","dateModified":"2021-07-05T12:41:36+00:00","description":"Er du i tvivl om, hvordan du samler din M-station, kan du finde manualer og videoer med gode r\u00e5d og vejledning, s\u00e5 du kan komme godt igang med dit udstyr.","breadcrumb":{"@id":"https:\/\/old.muninsports.com\/da\/support\/manualer\/#breadcrumb"},"inLanguage":"da-DK","potentialAction":[{"@type":"ReadAction","target":["https:\/\/old.muninsports.com\/da\/support\/manualer\/"]}]},{"@type":"BreadcrumbList","@id":"https:\/\/old.muninsports.com\/da\/support\/manualer\/#breadcrumb","itemListElement":[{"@type":"ListItem","position":1,"name":"Home","item":"https:\/\/old.muninsports.com\/da\/"},{"@type":"ListItem","position":2,"name":"Support","item":"https:\/\/old.muninsports.com\/da\/support\/"},{"@type":"ListItem","position":3,"name":"Manualer"}]},{"@type":"WebSite","@id":"https:\/\/old.muninsports.com\/eur\/#website","url":"https:\/\/old.muninsports.com\/eur\/","name":"Munin Sports","description":"","potentialAction":[{"@type":"SearchAction","target":{"@type":"EntryPoint","urlTemplate":"https:\/\/old.muninsports.com\/eur\/?s={search_term_string}"},"query-input":"required name=search_term_string"}],"inLanguage":"da-DK"}]}},"_links":{"self":[{"href":"https:\/\/old.muninsports.com\/da\/wp-json\/wp\/v2\/pages\/1861"}],"collection":[{"href":"https:\/\/old.muninsports.com\/da\/wp-json\/wp\/v2\/pages"}],"about":[{"href":"https:\/\/old.muninsports.com\/da\/wp-json\/wp\/v2\/types\/page"}],"author":[{"embeddable":true,"href":"https:\/\/old.muninsports.com\/da\/wp-json\/wp\/v2\/users\/1"}],"replies":[{"embeddable":true,"href":"https:\/\/old.muninsports.com\/da\/wp-json\/wp\/v2\/comments?post=1861"}],"version-history":[{"count":32,"href":"https:\/\/old.muninsports.com\/da\/wp-json\/wp\/v2\/pages\/1861\/revisions"}],"predecessor-version":[{"id":49737,"href":"https:\/\/old.muninsports.com\/da\/wp-json\/wp\/v2\/pages\/1861\/revisions\/49737"}],"up":[{"embeddable":true,"href":"https:\/\/old.muninsports.com\/da\/wp-json\/wp\/v2\/pages\/1697"}],"wp:attachment":[{"href":"https:\/\/old.muninsports.com\/da\/wp-json\/wp\/v2\/media?parent=1861"}],"curies":[{"name":"wp","href":"https:\/\/api.w.org\/{rel}","templated":true}]}}