{"id":1865,"date":"2014-11-10T16:53:25","date_gmt":"2014-11-10T15:53:25","guid":{"rendered":"https:\/\/muninsports.com\/support\/terms\/"},"modified":"2022-06-08T15:04:38","modified_gmt":"2022-06-08T14:04:38","slug":"handelsbetingelser","status":"publish","type":"page","link":"https:\/\/old.muninsports.com\/da\/support\/handelsbetingelser\/","title":{"rendered":"Handelsbetingelser"},"content":{"rendered":"<header class=\"deck-header\">\n<div class=\"title\">\n<h1>HANDELSBETINGELSER<\/h1>\n<\/div>\n<div class=\"title\">\n<h3>1. ANSVARLIG FOR MUNINSPORTS.COM<\/h3>\n<p>Muninsports.com er ejet af MS 2018 Aps som ogs\u00e5 drives under virksomhedsnavnet Munin Sports, CVR-nr. 39889471, Havnegade 29, 1058 K\u00f8benhavn, Danmark, som er ansvarlig for muninsports.com.<\/p>\n<p>Disse salgs- og leveringsbetingelser finder anvendelse p\u00e5 alle k\u00f8b foretaget p\u00e5 muninsports.com. og bliver fremsendt pr. e-mail ved k\u00f8b.<\/p>\n<p>Vi udvikler l\u00f8bende muninsports.com, hvorfor vi forbeholder os ret til l\u00f8bende at opdatere vores salgs- og leveringsbetingelser.<\/p>\n<p>Du er altid velkommen til at skrive til os p\u00e5 e-mail p\u00e5 <a href=\"mailto:support@muninsports.com\">support@muninsports.com<\/a> eller +45 51250535.<\/p>\n<p>&nbsp;<\/p>\n<h3>2. BESTILLING<\/h3>\n<p>Du kan bestille og k\u00f8be vores produkter via vores webshop <a href=\"https:\/\/old.muninsports.com\">muninsports.com<\/a>.<\/p>\n<p>Muninsports.com er \u00e5ben 24 timer i d\u00f8gnet, og du kan derfor n\u00e6sten altid handle. Det kan dog ske, at vi lukker butikken grundet vedligeholdelse. Du kan kun foretage k\u00f8b, n\u00e5r butikken er \u00e5ben og tilg\u00e6ngelig.<\/p>\n<p>Du skal minimum v\u00e6re fyldt 18 \u00e5r for at handle p\u00e5 muninsports.com. Hvis du er under 18 \u00e5r, skal du have dine for\u00e6ldres samtykke.<\/p>\n<p>N\u00e5r du har valgt dit produkt, l\u00e6gger du det i indk\u00f8bskurven, og gennemf\u00f8rer dit k\u00f8b. Du vil, indtil du gennemf\u00f8rer din betaling, kunne rette i alle de afgivne oplysninger.<\/p>\n<p>Du accepterer, at du i forbindelse med k\u00f8bet ikke n\u00f8dvendigvis har modtaget nogen r\u00e5dgivning fra muninsports.com om det produkt, du har k\u00f8bt.<\/p>\n<p>Vi g\u00f8r s\u00e6rligt opm\u00e6rksom p\u00e5, at du selv skal samle din m-station. Der f\u00f8lger monteringsvejledning med n\u00e5r du k\u00f8ber. Du kan ogs\u00e5 finde manualerne online ved at klikke <a href=\"https:\/\/old.muninsports.com\/da\/support\/manualer\/\">her<\/a>.<\/p>\n<p>S\u00e5fremt det ikke lykkes dig at montere din m-station som du har k\u00f8bt i vores webshop, beder vi dig <a href=\"https:\/\/old.muninsports.com\/da\/support\/kontakt\/\">kontakte<\/a> os, s\u00e5 finder vi en l\u00f8sning.<\/p>\n<p>Du er selv ansvarlig for dit valg af produkt og dets egnethed til at opfylde det form\u00e5l, du har k\u00f8bt det til. Inden du k\u00f8ber, b\u00f8r du derfor l\u00e6se produktspecifikationen grundigt igennem.<\/p>\n<p>Du skal ved hvert k\u00f8b acceptere vores salgs- og leveringsbetingelser, som vil v\u00e6re g\u00e6ldende for dit k\u00f8b. Vi opfordrer dig til at l\u00e6se betingelserne grundigt igennem og g\u00f8re dig bekendt med de forpligtelser og rettigheder, som disse betingelser giver dig.<\/p>\n<p>&nbsp;<\/p>\n<h3>3. BETALING<\/h3>\n<p>N\u00e5r du k\u00f8ber varer p\u00e5 muninsports.com kan du benytte et betalingskort, MobilePay eller Paypal. Betaler du via PayPal, er du ikke beskyttet af indsigelsesordningen. L\u00e6s mere om betingelserne p\u00e5 PayPals hjemmeside<\/p>\n<p>Det er sikkert at handle med kort p\u00e5 muninsports.com, idet al kommunikation mellem vores betalingssystem og kortindehaveren foreg\u00e5r via en krypteret SSL forbindelse (Secure Socket Layer).<\/p>\n<p>P\u00e5 muninsports.com kan k\u00f8b foretages med Dankort\/E-dankort og VISA-Dankort\/Visa Elektron samt internationale kort; MasterCard, Diners Club, Maestro, JCB og American Express.<\/p>\n<p>Vi h\u00e6ver f\u00f8rst pengene fra dit kort, n\u00e5r vi sender varerne til dig. Betaling med kort p\u00e5l\u00e6gges ikke et betalingsgebyr.<\/p>\n<p>Vi tager ikke kortgebyrer.<\/p>\n<p>Bel\u00f8bet h\u00e6ves f\u00f8rst p\u00e5 dit kort, n\u00e5r varen afsendes.<\/p>\n<p>P\u00e5 muninsports.com har du ogs\u00e5 mulighed for at finansiere dit k\u00f8b via en SPARXPRES betalingsaftale. Du kan se mere om vilk\u00e5rene for SPARXPRES betalingsaftalen <a href=\"http:\/\/old.muninsports.com\/da\/support\/finansiering\">her<\/a>.<\/p>\n<p>&nbsp;<\/p>\n<h3>4. FRAGT<\/h3>\n<p>Vi leverer til nedenst\u00e5ende lande. Vejledende leveringstider er ogs\u00e5 angivet her:<\/p>\n<p>Belgien: 2-3 dage<br \/>\nBulgarien: 3-7 dage<br \/>\nDanmark: 1-2 dage<br \/>\nEngland: 2-6 dage<br \/>\nEstland: 4-6 dage<br \/>\nFinland: 3-6 dage<br \/>\nFrankrig: 3-5 dage<br \/>\nGr\u00e6kenland: 3-6 dage<br \/>\nHolland: 2-4 dage<br \/>\nIrland: 3-5 dage<br \/>\nItalien: 3-5 dage<br \/>\nLetland: 5-6 dage<br \/>\nLitauen: 5-6 dage<br \/>\nLuxembourg: 2-4 dage<br \/>\nNorge: 2-9 dage<br \/>\nPolen: 3-4 dage<br \/>\nPortugal: 4-6 dage<br \/>\nSchweiz: 3-4 dage<br \/>\nRum\u00e6nien: 3-6 dage<br \/>\nSlovenien: 4-5 dage<br \/>\nSlovakiet: 4-5 dage<br \/>\nSpanien: 3-6 dage<br \/>\nSverige: 1-6 dage<br \/>\nTjekkiet: 3-4 dage<br \/>\nTyskland: 2-3 dage<br \/>\n\u00d8strig: 3-4 dage<br \/>\nUngarn: 3-5 dage<\/p>\n<p>\u00d8nsker du levering til et land som ikke fremg\u00e5r af listen, er du velkommen til at kontakte os via <a href=\"https:\/\/old.muninsports.com\/da\/support\/kontakt\/\">kontaktformularen<\/a>.<\/p>\n<p>Alle produkter k\u00f8bt p\u00e5 muninsports.com bliver leveret via f\u00f8lgende transport\u00f8rer: Post Nord, GLS, UPS mm.<\/p>\n<p>Det er desv\u00e6rre ikke muligt at afhente produkter personligt p\u00e5 vores adresse, da al forsendelse sker via et centrallager p\u00e5 en anden adresse.<\/p>\n<p>Vi p\u00e5tager os alene risikoen for korrekt og forsvarlig transport frem til den adresse, vi har f\u00e5et opgivet af dig som leveringsadresse.<\/p>\n<p>&nbsp;<\/p>\n<h3>5. MODTAGELSE<\/h3>\n<p>Vi opfordrer altid til at kontrollere pakken for transportskader inden du kvitterer for modtagelsen. Hvis pakken er synligt beskadiget skal du helst afvise at modtage den og efterf\u00f8lgende tage kontakt til os via <a href=\"https:\/\/old.muninsports.com\/da\/support\/kontakt\/\">kontaktformularen<\/a>.<\/p>\n<p>Hvis ikke du er hjemme ved modtagelse, men har givet fragtselskabet fuldmagt til at levere uden kvittering, og herefter opdager, at pakken er beskadiget bedes du tage kontakt til os via <a href=\"https:\/\/old.muninsports.com\/da\/support\/kontakt\/\">kontaktformularen<\/a>.<\/p>\n<p>&nbsp;<\/p>\n<h3>6. FORTRYDELSESRET<\/h3>\n<p>Som forbruger har du 14 dages fortrydelsesret, n\u00e5r du handler hos os.<\/p>\n<p>Fortrydelsesfristen udl\u00f8ber 14 dage efter den dag, du har modtaget din vare. Hvis du har bestilt flere forskellige varer i samme k\u00f8b, men de leveres enkeltvist, l\u00f8ber fristen fra den dag, hvor du modtager den sidste vare.<\/p>\n<p>Best\u00e5r k\u00f8bet af flere partier eller dele, udl\u00f8ber fortrydelsesfristen 14 dage efter den dag, du modtager det sidste parti eller den sidste del.<\/p>\n<p>Drejer det sig om en aftale om regelm\u00e6ssig levering af varer over en bestemt periode, udl\u00f8ber fortrydelsesfristen 14 dage efter den dag, du modtager den f\u00f8rste vare.<\/p>\n<p>Fristen indeb\u00e6rer, at du har 14 dage fra modtagelsen til at give os besked om, at du vil fortryde dit k\u00f8b. Du kan sende en mail til <a href=\"mailto:support@muninsports.com\">support@muninsports.com<\/a>\u00a0eller benytte standardfortrydelsesformularen, som du finder nederst i handelsbetingelserne.<\/p>\n<p>Du kan ikke fortryde k\u00f8bet ved at n\u00e6gte at modtage varen uden samtidig at give os besked.<\/p>\n<p><strong>FORTRYDELSE AF EN DEL AF K\u00d8BET<\/strong><\/p>\n<p>Hvis du har k\u00f8bt flere varer hos os, har du mulighed for at sende \u00e9n eller flere varer retur, selvom de er k\u00f8bt i \u00e9n ordre.<\/p>\n<p>Bem\u00e6rk, at du ikke f\u00e5r fragtomkostningerne retur, hvis du fortryder en del af dit k\u00f8b.<\/p>\n<p><strong>RETURNERING<\/strong><\/p>\n<p>N\u00e5r du har givet os besked om, at du vil fortryde dit k\u00f8b, har du 14 dage til at sende varen tilbage til os. Du skal selv betale for at pakken returneres, og det er dig, der h\u00e6fter, hvis der opst\u00e5r en skade under transporten.<\/p>\n<p>Visse varer kan ikke returneres med normal post. Dette g\u00e6lder for alle produkter i m-station kategorien. Udgifterne til returnering af disse varer forventes h\u00f8jst at koste kr. 200.<\/p>\n<p><strong>VARENS STAND, N\u00c5R DU SENDER DEN RETUR<\/strong><\/p>\n<p>Hvis varen har mistet v\u00e6rdi, og det skyldes at du har brugt den p\u00e5 en anden m\u00e5de, end hvad der var n\u00f8dvendigt for at fastsl\u00e5 varens art, egenskaber og den m\u00e5de, den fungerer, kan du kun f\u00e5 en del af k\u00f8bsbel\u00f8bet tilbage. Bel\u00f8bet du kan f\u00e5 tilbage afh\u00e6nger af varens handelsm\u00e6ssige v\u00e6rdi, og i visse tilf\u00e6lde kan det betyde, at du kun kan f\u00e5 fragtomkostningerne tilbage.<\/p>\n<p>Vi anbefaler, at du sender varen retur i den originale emballage.<\/p>\n<p>Hvis den originale emballage mangler, kan det muligvis medf\u00f8re en v\u00e6rdiforringelse af varen.<\/p>\n<p><strong>TILBAGEBETALING AF K\u00d8BSBEL\u00d8BET<\/strong><\/p>\n<p>Hvis du fortryder dit k\u00f8b, f\u00e5r du dine penge tilbage. Hvis varen er v\u00e6rdiforringet, fratr\u00e6kker vi det bel\u00f8b, du h\u00e6fter for.<\/p>\n<p>Vi refunderer alle betalinger modtaget fra dig, med undtagelse af leveringsomkostningerne, senest 14 dage fra den dag, hvor vi har modtaget din besked om, at du vil fortryde aftalen.<\/p>\n<p>Vi tilbagef\u00f8rer pengene med samme betalingsmiddel, som du benyttede ved k\u00f8bet, medmindre vi har aftalt andet.<\/p>\n<p>Vi kan tilbageholde betalingen indtil vi har modtaget varen, med mindre du sender os dokumentation for at have returneret den.<\/p>\n<p><strong>Varen sendes til:<br \/>\n<\/strong>Geodis<br \/>\nAtt.: Munin Sports<br \/>\nOliefabriksvej 29-43<br \/>\n2770 Kastrup<br \/>\nDenmark<\/p>\n<p>Vi modtager kun pakker, som sendes direkte til adressen.<\/p>\n<p>&nbsp;<\/p>\n<h3>7. REKLAMATIONSRET<\/h3>\n<p>N\u00e5r du handler hos os som forbruger, g\u00e6lder k\u00f8belovens regler for varek\u00f8b.<br \/>\nDet betyder, at du har reklamationsret i 24 m\u00e5neder. <a href=\"https:\/\/old.muninsports.com\/da\/support\/kontakt\/\">Kontakt<\/a> os inden du sender varen.<\/p>\n<p>Hvis din reklamation er berettiget, betyder det, at du enten kan f\u00e5 varen repareret, ombyttet, pengene tilbage eller et afslag i prisen, afh\u00e6ngig af den konkrete situation.<\/p>\n<p>Du skal reklamere inden for \u201drimelig tid\u201d efter, at du har opdaget fejlen. Hvis du reklamerer inden for to m\u00e5neder efter, at fejlen er opdaget, vil reklamationen altid v\u00e6re rettidig.<\/p>\n<p>Er reklamationen berettiget, refunderer vi dine (rimelige) fragtomkostninger. Varen skal altid sendes tilbage i forsvarlig emballage. Husk ogs\u00e5 at f\u00e5 en kvittering for afsendelse, s\u00e5 vi kan tilbagebetale dine fragtomkostninger.<\/p>\n<p><strong>Varen sendes til:<br \/>\n<\/strong>Geodis<br \/>\nAtt.: Munin Sports<br \/>\nOliefabriksvej 29-43<br \/>\n2770 Kastrup<br \/>\nDenmark<\/p>\n<p>Vi modtager kun pakker, som sendes direkte til adressen. N\u00e5r du returnerer varen, bedes du vedl\u00e6gge en detaljeret beskrivelse af problemet.<\/p>\n<p>&nbsp;<\/p>\n<h3>8. GARANTI<\/h3>\n<p>Garantiperioden er 3 \u00e5r efter levering.<\/p>\n<p>I tilf\u00e6lde af anmeldelse af en fejl eller mangel har muninsports.com ret til at unders\u00f8ge defekten og vurdere, om defekten skyldes materiale- eller produktionsfejl, mangler eller forkert brug. N\u00e5r vi har haft tid til at unders\u00f8ge din anmeldelse, vil vi kontakte dig via e-mail med henblik p\u00e5 at n\u00e5 frem til en l\u00f8sning, som kan accepteres af alle parter.<\/p>\n<p>Enhver anmeldelse, der ang\u00e5r et produkt fra muninsports.com, er betinget og g\u00e6lder ikke, hvis du bruger produktet forkert, og dette har for\u00e5rsaget defekten. En anmeldelse er retm\u00e6ssig, hvis:<\/p>\n<ul>\n<li>Du ikke har foretaget nogen \u00e6ndringer i de leverede produkter.<\/li>\n<li>Du regelm\u00e6ssigt \u2013 cirka hver 6. m\u00e5ned \u2013 har sp\u00e6ndt produktets skruer for at sikre optimal funktion og for at undg\u00e5 ulykker.<\/li>\n<li>Produktet kun er blevet brugt til fodbold.<\/li>\n<li>Produktet ikke er blevet udsat for h\u00e5rd fysisk behandling eller misbrug p\u00e5 nogen m\u00e5de (bortset fra at sparke en fodbold p\u00e5 produktet).<\/li>\n<li>Produktet h\u00e5ndteres korrekt og i overensstemmelse med brugervejledningen.<\/li>\n<\/ul>\n<p>Munisports.com afg\u00f8r, om en defekt vare byttes, repareres eller refunderes. Retm\u00e6ssig underretning af fejl giver dig ret til at klage over fejl i et produkt, som opst\u00e5r inden for 36 m\u00e5neder, efter du har modtaget varen. Du skal indsende din meddelelse om defekt inden for rimelig tid fra det tidspunkt, manglerne blev opdaget.<\/p>\n<p>Hvis du \u00f8nsker at anmelde et defekt produkt sendes en besked til vores mail <a href=\"mailto:support@muninsports.com\">support@muninsports.com<\/a>.<\/p>\n<p><strong>S\u00c6RLIGT FOR M-STATION<\/strong><\/p>\n<p>Garantien d\u00e6kker alle m-station komponenter og enkeltdele med undtagelse af den gule streng som muninsports.com ikke er forpligtiget til at erstatte indenfor garantien.<\/p>\n<h3>9. PERSONDATAPOLITIK<\/h3>\n<p>Vi har brug for f\u00f8lgende oplysninger, n\u00e5r du handler hos os: Navn, adresse, tlf.nr. og mailadresse.<\/p>\n<p>Vi registrerer og videregiver de personoplysninger, som er n\u00f8dvendige for at kunne levere varen til dig via vores logistikpartnere, herunder leveringsadresse, e-mail, samt telefonnummer.<\/p>\n<p>Personoplysningerne registreres hos MS 2018 Aps og opbevares i fem \u00e5r, hvorefter oplysningerne slettes.<\/p>\n<p>Vi samarbejder herudover med en r\u00e6kke andre virksomheder, som opbevarer og behandler data. Virksomhederne behandler udelukkende oplysninger p\u00e5 vores vegne og m\u00e5 ikke bruge dem til egne form\u00e5l.<\/p>\n<p>Vi samarbejder kun med databehandlere i EU eller i lande, der kan give dine oplysninger en tilstr\u00e6kkelig beskyttelse.<\/p>\n<p>Den dataansvarlige p\u00e5 muninsport.dk er MS 2018 Aps. Du har ret til at f\u00e5 oplyst, hvilke oplysninger vi behandler om dig. Hvis du mener, at oplysningerne er un\u00f8jagtige, har du ret til at f\u00e5 dem rettet. I nogle tilf\u00e6lde har vi pligt til at slette dine persondata, hvis du beder om det. Det kan f.eks. v\u00e6re hvis dine data ikke l\u00e6ngere er n\u00f8dvendige i forhold til det form\u00e5l, som vi skulle bruge dem til. Du kan ogs\u00e5 kontakte os, hvis du mener, at dine persondata bliver behandlet i strid med lovgivningen. Du kan skrive til os p\u00e5: <a href=\"mailto:info@muninsports.com\">info@muninsports.com<\/a><\/p>\n<p>&nbsp;<\/p>\n<h3>10. KLAGEADGANG<\/h3>\n<p>Hvis du som forbruger vil klage over dit k\u00f8b, skal du kontakte os pr. mail: <a href=\"mailto:info@muninsports.com\">info@muninsports.com<\/a>. Hvis det ikke lykkes os at finde en l\u00f8sning, kan du sende en klage til:<\/p>\n<p>N\u00e6vnenes Hus<br \/>\nToldboden 2<br \/>\n8800 Viborg<br \/>\n<u><a href=\"http:\/\/naevneneshus.dk\/\" target=\"_blank\" rel=\"noopener noreferrer\" data-saferedirecturl=\"https:\/\/www.google.com\/url?q=http:\/\/naevneneshus.dk&amp;source=gmail&amp;ust=1579088881304000&amp;usg=AFQjCNENgxnsYmFrHPq0-XL952UFrb7Jzg\">naevneneshus.dk<\/a><\/u><\/p>\n<p>Har du bop\u00e6l i et andet EU-land end Danmark, kan du klage til EU-Kommissionens online klageportal her &#8211;\u00a0<a href=\"https:\/\/emaerket.us9.list-manage.com\/track\/click?u=adedc83622d14817b81e1a462&amp;id=7ca495ec02&amp;e=88a3994bac\" target=\"_blank\" rel=\"noopener noreferrer\" data-saferedirecturl=\"https:\/\/www.google.com\/url?q=https:\/\/emaerket.us9.list-manage.com\/track\/click?u%3Dadedc83622d14817b81e1a462%26id%3D7ca495ec02%26e%3D88a3994bac&amp;source=gmail&amp;ust=1579088881304000&amp;usg=AFQjCNGOVxA1i_giceRe71oIrxguxQU7Nw\">http:\/\/ec.europa.eu\/odr<\/a><\/p>\n<p style=\"text-align: center;\"><em><br \/>\nHandelsbetingelserne er opdateret d. 14.01.2020<\/em><\/p>\n<\/div>\n<\/header>\n<p>&nbsp;<\/p>\n<h3>STANDARDFORTRYDELSESFORMULAR<\/h3>\n<p>(Denne formular udfyldes og returneres kun, hvis fortrydelsesretten g\u00f8res g\u00e6ldende)<\/p>\n<p>Download formular <a href=\"https:\/\/old.muninsports.com\/wp-content\/uploads\/Standardfortrydelsesformular_28032019.pdf\">her<\/a>.<\/p>\n<p>Til:<br \/>\nMuninsports.com<br \/>\nHavnegade 29<br \/>\n1058 K\u00f8benhavn K<br \/>\nDenmark<br \/>\nsupport@muninsport.som<\/p>\n<p>Jeg meddeler herved, at jeg \u00f8nsker at g\u00f8re fortrydelsesretten g\u00e6ldende i forbindelse med min k\u00f8bsaftale om f\u00f8lgende varer\/tjenesteydelser:<br \/>\n___________________________________________<\/p>\n<p>Bestilt den:<br \/>\n___________________________________________<\/p>\n<p>Modtaget den:<br \/>\n___________________________________________<\/p>\n<p>Forbrugerens navn:<br \/>\n___________________________________________<\/p>\n<p>Forbrugerens adresse:<br \/>\n___________________________________________<\/p>\n<p>Forbrugerens underskrift:<br \/>\n___________________________________________<\/p>\n<p>Dato:<br \/>\n___________________________________________<br \/>\n<em>(kun hvis formularens indhold meddeles p\u00e5 papir)<\/em><\/p>\n<p>&nbsp;<\/p>\n","protected":false},"excerpt":{"rendered":"<p>HANDELSBETINGELSER 1. ANSVARLIG FOR MUNINSPORTS.COM Muninsports.com er ejet af MS 2018 Aps som ogs\u00e5 drives under virksomhedsnavnet Munin Sports, CVR-nr. 39889471, Havnegade 29, 1058 K\u00f8benhavn, Danmark, som er ansvarlig for muninsports.com. Disse salgs- og leveringsbetingelser finder anvendelse p\u00e5 alle k\u00f8b foretaget p\u00e5 muninsports.com. og bliver fremsendt pr. e-mail ved k\u00f8b. Vi udvikler l\u00f8bende muninsports.com, hvorfor [&hellip;]<\/p>\n","protected":false},"author":1,"featured_media":0,"parent":1697,"menu_order":4,"comment_status":"open","ping_status":"closed","template":"page-templates\/terms.php","meta":{"_mi_skip_tracking":false},"acf":[],"yoast_head":"<!-- This site is optimized with the Yoast SEO plugin v19.6.1 - https:\/\/yoast.com\/wordpress\/plugins\/seo\/ -->\n<title>Betingelser ved k\u00f8b af rebounder, m\u00e5l og teknik | Munin Sports<\/title>\n<meta name=\"description\" content=\"Betingelser hos Muninsports, n\u00e5r du k\u00f8ber eksempelvis M-station, rebounder, m\u00e5leudstyr, fodbold m.m. F\u00e5 svar p\u00e5 dine sp\u00f8rgsm\u00e5l og g\u00f8r et sikkert k\u00f8b.\" \/>\n<meta name=\"robots\" content=\"index, follow, max-snippet:-1, max-image-preview:large, max-video-preview:-1\" \/>\n<link rel=\"canonical\" href=\"https:\/\/old.muninsports.com\/da\/support\/handelsbetingelser\/\" \/>\n<meta property=\"og:locale\" content=\"da_DK\" \/>\n<meta property=\"og:type\" content=\"article\" \/>\n<meta property=\"og:title\" content=\"Betingelser ved k\u00f8b af rebounder, m\u00e5l og teknik | Munin Sports\" \/>\n<meta property=\"og:description\" content=\"Betingelser hos Muninsports, n\u00e5r du k\u00f8ber eksempelvis M-station, rebounder, m\u00e5leudstyr, fodbold m.m. F\u00e5 svar p\u00e5 dine sp\u00f8rgsm\u00e5l og g\u00f8r et sikkert k\u00f8b.\" \/>\n<meta property=\"og:url\" content=\"https:\/\/old.muninsports.com\/da\/support\/handelsbetingelser\/\" \/>\n<meta property=\"og:site_name\" content=\"Munin Sports\" \/>\n<meta property=\"article:modified_time\" content=\"2022-06-08T14:04:38+00:00\" \/>\n<meta name=\"twitter:label1\" content=\"Estimeret l\u00e6setid\" \/>\n\t<meta name=\"twitter:data1\" content=\"11 minutter\" \/>\n<script type=\"application\/ld+json\" class=\"yoast-schema-graph\">{\"@context\":\"https:\/\/schema.org\",\"@graph\":[{\"@type\":\"WebPage\",\"@id\":\"https:\/\/old.muninsports.com\/da\/support\/handelsbetingelser\/\",\"url\":\"https:\/\/old.muninsports.com\/da\/support\/handelsbetingelser\/\",\"name\":\"Betingelser ved k\u00f8b af rebounder, m\u00e5l og teknik | Munin Sports\",\"isPartOf\":{\"@id\":\"https:\/\/old.muninsports.com\/eur\/#website\"},\"datePublished\":\"2014-11-10T15:53:25+00:00\",\"dateModified\":\"2022-06-08T14:04:38+00:00\",\"description\":\"Betingelser hos Muninsports, n\u00e5r du k\u00f8ber eksempelvis M-station, rebounder, m\u00e5leudstyr, fodbold m.m. F\u00e5 svar p\u00e5 dine sp\u00f8rgsm\u00e5l og g\u00f8r et sikkert k\u00f8b.\",\"breadcrumb\":{\"@id\":\"https:\/\/old.muninsports.com\/da\/support\/handelsbetingelser\/#breadcrumb\"},\"inLanguage\":\"da-DK\",\"potentialAction\":[{\"@type\":\"ReadAction\",\"target\":[\"https:\/\/old.muninsports.com\/da\/support\/handelsbetingelser\/\"]}]},{\"@type\":\"BreadcrumbList\",\"@id\":\"https:\/\/old.muninsports.com\/da\/support\/handelsbetingelser\/#breadcrumb\",\"itemListElement\":[{\"@type\":\"ListItem\",\"position\":1,\"name\":\"Home\",\"item\":\"https:\/\/old.muninsports.com\/da\/\"},{\"@type\":\"ListItem\",\"position\":2,\"name\":\"Support\",\"item\":\"https:\/\/old.muninsports.com\/da\/support\/\"},{\"@type\":\"ListItem\",\"position\":3,\"name\":\"Handelsbetingelser\"}]},{\"@type\":\"WebSite\",\"@id\":\"https:\/\/old.muninsports.com\/eur\/#website\",\"url\":\"https:\/\/old.muninsports.com\/eur\/\",\"name\":\"Munin Sports\",\"description\":\"\",\"potentialAction\":[{\"@type\":\"SearchAction\",\"target\":{\"@type\":\"EntryPoint\",\"urlTemplate\":\"https:\/\/old.muninsports.com\/eur\/?s={search_term_string}\"},\"query-input\":\"required name=search_term_string\"}],\"inLanguage\":\"da-DK\"}]}<\/script>\n<!-- \/ Yoast SEO plugin. -->","yoast_head_json":{"title":"Betingelser ved k\u00f8b af rebounder, m\u00e5l og teknik | Munin Sports","description":"Betingelser hos Muninsports, n\u00e5r du k\u00f8ber eksempelvis M-station, rebounder, m\u00e5leudstyr, fodbold m.m. F\u00e5 svar p\u00e5 dine sp\u00f8rgsm\u00e5l og g\u00f8r et sikkert k\u00f8b.","robots":{"index":"index","follow":"follow","max-snippet":"max-snippet:-1","max-image-preview":"max-image-preview:large","max-video-preview":"max-video-preview:-1"},"canonical":"https:\/\/old.muninsports.com\/da\/support\/handelsbetingelser\/","og_locale":"da_DK","og_type":"article","og_title":"Betingelser ved k\u00f8b af rebounder, m\u00e5l og teknik | Munin Sports","og_description":"Betingelser hos Muninsports, n\u00e5r du k\u00f8ber eksempelvis M-station, rebounder, m\u00e5leudstyr, fodbold m.m. F\u00e5 svar p\u00e5 dine sp\u00f8rgsm\u00e5l og g\u00f8r et sikkert k\u00f8b.","og_url":"https:\/\/old.muninsports.com\/da\/support\/handelsbetingelser\/","og_site_name":"Munin Sports","article_modified_time":"2022-06-08T14:04:38+00:00","twitter_misc":{"Estimeret l\u00e6setid":"11 minutter"},"schema":{"@context":"https:\/\/schema.org","@graph":[{"@type":"WebPage","@id":"https:\/\/old.muninsports.com\/da\/support\/handelsbetingelser\/","url":"https:\/\/old.muninsports.com\/da\/support\/handelsbetingelser\/","name":"Betingelser ved k\u00f8b af rebounder, m\u00e5l og teknik | Munin Sports","isPartOf":{"@id":"https:\/\/old.muninsports.com\/eur\/#website"},"datePublished":"2014-11-10T15:53:25+00:00","dateModified":"2022-06-08T14:04:38+00:00","description":"Betingelser hos Muninsports, n\u00e5r du k\u00f8ber eksempelvis M-station, rebounder, m\u00e5leudstyr, fodbold m.m. F\u00e5 svar p\u00e5 dine sp\u00f8rgsm\u00e5l og g\u00f8r et sikkert k\u00f8b.","breadcrumb":{"@id":"https:\/\/old.muninsports.com\/da\/support\/handelsbetingelser\/#breadcrumb"},"inLanguage":"da-DK","potentialAction":[{"@type":"ReadAction","target":["https:\/\/old.muninsports.com\/da\/support\/handelsbetingelser\/"]}]},{"@type":"BreadcrumbList","@id":"https:\/\/old.muninsports.com\/da\/support\/handelsbetingelser\/#breadcrumb","itemListElement":[{"@type":"ListItem","position":1,"name":"Home","item":"https:\/\/old.muninsports.com\/da\/"},{"@type":"ListItem","position":2,"name":"Support","item":"https:\/\/old.muninsports.com\/da\/support\/"},{"@type":"ListItem","position":3,"name":"Handelsbetingelser"}]},{"@type":"WebSite","@id":"https:\/\/old.muninsports.com\/eur\/#website","url":"https:\/\/old.muninsports.com\/eur\/","name":"Munin Sports","description":"","potentialAction":[{"@type":"SearchAction","target":{"@type":"EntryPoint","urlTemplate":"https:\/\/old.muninsports.com\/eur\/?s={search_term_string}"},"query-input":"required name=search_term_string"}],"inLanguage":"da-DK"}]}},"_links":{"self":[{"href":"https:\/\/old.muninsports.com\/da\/wp-json\/wp\/v2\/pages\/1865"}],"collection":[{"href":"https:\/\/old.muninsports.com\/da\/wp-json\/wp\/v2\/pages"}],"about":[{"href":"https:\/\/old.muninsports.com\/da\/wp-json\/wp\/v2\/types\/page"}],"author":[{"embeddable":true,"href":"https:\/\/old.muninsports.com\/da\/wp-json\/wp\/v2\/users\/1"}],"replies":[{"embeddable":true,"href":"https:\/\/old.muninsports.com\/da\/wp-json\/wp\/v2\/comments?post=1865"}],"version-history":[{"count":83,"href":"https:\/\/old.muninsports.com\/da\/wp-json\/wp\/v2\/pages\/1865\/revisions"}],"predecessor-version":[{"id":51795,"href":"https:\/\/old.muninsports.com\/da\/wp-json\/wp\/v2\/pages\/1865\/revisions\/51795"}],"up":[{"embeddable":true,"href":"https:\/\/old.muninsports.com\/da\/wp-json\/wp\/v2\/pages\/1697"}],"wp:attachment":[{"href":"https:\/\/old.muninsports.com\/da\/wp-json\/wp\/v2\/media?parent=1865"}],"curies":[{"name":"wp","href":"https:\/\/api.w.org\/{rel}","templated":true}]}}