{"id":23713,"date":"2017-02-07T21:32:55","date_gmt":"2017-02-07T20:32:55","guid":{"rendered":"https:\/\/muninsports.com\/?page_id=23713\/"},"modified":"2018-10-29T15:08:45","modified_gmt":"2018-10-29T14:08:45","slug":"oevrige-betingelser","status":"publish","type":"page","link":"https:\/\/old.muninsports.com\/da\/support\/oevrige-betingelser\/","title":{"rendered":"\u00d8vrige betingelser"},"content":{"rendered":"<header class=\"deck-header\">\n<div class=\"title\">\n<h1>\u00d8VRIGE BETINGELSER<\/h1>\n<\/div>\n<\/header>\n<div class=\"deck-content\">\n<h3>COOKIES<\/h3>\n<p>Ved at benytte muninsports.com accepterer du, at vi bruger cookies. En cookie er en lille datafil, som vi l\u00e6gger p\u00e5 din computer for at kunne holde styr p\u00e5, hvad der sker under dit bes\u00f8g og for at kunne genkende computeren. En cookie er ikke et program og indeholder ikke virus.<\/p>\n<p>\u00d8nsker du at l\u00e6se om, hvilke cookies der bruges p\u00e5 muninsports.com, samt hvorledes du sletter cookies findes der mere information under afsnittet cookies her p\u00e5 siden.<\/p>\n<h3>RETTIGHEDER<\/h3>\n<p>Alle immaterielle rettigheder herunder eneretten til tilg\u00e6ngeligg\u00f8relse og eksemplarfremstilling af indhold, herunder tekst, grafik og billeder, design mm. p\u00e5 muninsports.com tilh\u00f8rer MS 2018 ApS. Derfor m\u00e5 intet af overn\u00e6vnte kopieres eller p\u00e5 anden m\u00e5de videregives uden vores skriftlige tilladelse. Vi er dog ikke firkantede og samarbejder med bloggere og pressen generelt. Har du lyst til at skrive, anmelde eller p\u00e5 anden m\u00e5de omtale vores produkter, s\u00e5 skriv endelig til os\u00a0<span style=\"text-decoration: underline;\"><a href=\"https:\/\/old.muninsports.com\/da\/support\/kontakt\/\">her<\/a><\/span>.<\/p>\n<h3>SPROG<\/h3>\n<p>Ved at acceptere muninsports.com handelsbetingelser accepterer du ogs\u00e5, at handlen gennemf\u00f8res p\u00e5 et af f\u00f8lgende sprog:<br \/>\nDansk<br \/>\nNorsk<br \/>\nSvensk<br \/>\nEngelsk\/Amerikansk<\/p>\n<h3>STATISTIK<\/h3>\n<p>Alle oplysninger om dig og dit bes\u00f8g p\u00e5 muninsports.com er anonyme og indeholder ikke personidentific\u00e9rbare oplysninger. Al information benyttes udelukkende til vores arbejde for at g\u00f8re muninsports.com funktionel og brugervenlig. Til det form\u00e5l anvender vi Google Analytics.<\/p>\n<p>Muninsports.com tager forbehold for udsolgte varer, trykfejl, stavefejl, leverance\u00e6ndringer fra vore leverand\u00f8rer samt forsinkelser, som muninsports.com ikke kan kontrollere.<\/p>\n<\/div>\n","protected":false},"excerpt":{"rendered":"<p>\u00d8VRIGE BETINGELSER COOKIES Ved at benytte muninsports.com accepterer du, at vi bruger cookies. En cookie er en lille datafil, som vi l\u00e6gger p\u00e5 din computer for at kunne holde styr p\u00e5, hvad der sker under dit bes\u00f8g og for at kunne genkende computeren. En cookie er ikke et program og indeholder ikke virus. \u00d8nsker du [&hellip;]<\/p>\n","protected":false},"author":1,"featured_media":0,"parent":1697,"menu_order":5,"comment_status":"closed","ping_status":"closed","template":"page-templates\/terms.php","meta":{"_mi_skip_tracking":false},"acf":[],"yoast_head":"<!-- This site is optimized with the Yoast SEO plugin v19.6.1 - https:\/\/yoast.com\/wordpress\/plugins\/seo\/ -->\n<title>\u00d8vrige betingelser - Munin Sports<\/title>\n<meta name=\"robots\" content=\"index, follow, max-snippet:-1, max-image-preview:large, max-video-preview:-1\" \/>\n<link rel=\"canonical\" href=\"https:\/\/old.muninsports.com\/da\/support\/oevrige-betingelser\/\" \/>\n<meta property=\"og:locale\" content=\"da_DK\" \/>\n<meta property=\"og:type\" content=\"article\" \/>\n<meta property=\"og:title\" content=\"\u00d8vrige betingelser - Munin Sports\" \/>\n<meta property=\"og:description\" content=\"\u00d8VRIGE BETINGELSER COOKIES Ved at benytte muninsports.com accepterer du, at vi bruger cookies. En cookie er en lille datafil, som vi l\u00e6gger p\u00e5 din computer for at kunne holde styr p\u00e5, hvad der sker under dit bes\u00f8g og for at kunne genkende computeren. En cookie er ikke et program og indeholder ikke virus. \u00d8nsker du [&hellip;]\" \/>\n<meta property=\"og:url\" content=\"https:\/\/old.muninsports.com\/da\/support\/oevrige-betingelser\/\" \/>\n<meta property=\"og:site_name\" content=\"Munin Sports\" \/>\n<meta property=\"article:modified_time\" content=\"2018-10-29T14:08:45+00:00\" \/>\n<meta name=\"twitter:label1\" content=\"Estimeret l\u00e6setid\" \/>\n\t<meta name=\"twitter:data1\" content=\"1 minut\" \/>\n<script type=\"application\/ld+json\" class=\"yoast-schema-graph\">{\"@context\":\"https:\/\/schema.org\",\"@graph\":[{\"@type\":\"WebPage\",\"@id\":\"https:\/\/old.muninsports.com\/da\/support\/oevrige-betingelser\/\",\"url\":\"https:\/\/old.muninsports.com\/da\/support\/oevrige-betingelser\/\",\"name\":\"\u00d8vrige betingelser - Munin Sports\",\"isPartOf\":{\"@id\":\"https:\/\/old.muninsports.com\/eur\/#website\"},\"datePublished\":\"2017-02-07T20:32:55+00:00\",\"dateModified\":\"2018-10-29T14:08:45+00:00\",\"breadcrumb\":{\"@id\":\"https:\/\/old.muninsports.com\/da\/support\/oevrige-betingelser\/#breadcrumb\"},\"inLanguage\":\"da-DK\",\"potentialAction\":[{\"@type\":\"ReadAction\",\"target\":[\"https:\/\/old.muninsports.com\/da\/support\/oevrige-betingelser\/\"]}]},{\"@type\":\"BreadcrumbList\",\"@id\":\"https:\/\/old.muninsports.com\/da\/support\/oevrige-betingelser\/#breadcrumb\",\"itemListElement\":[{\"@type\":\"ListItem\",\"position\":1,\"name\":\"Home\",\"item\":\"https:\/\/old.muninsports.com\/da\/\"},{\"@type\":\"ListItem\",\"position\":2,\"name\":\"Support\",\"item\":\"https:\/\/old.muninsports.com\/da\/support\/\"},{\"@type\":\"ListItem\",\"position\":3,\"name\":\"\u00d8vrige betingelser\"}]},{\"@type\":\"WebSite\",\"@id\":\"https:\/\/old.muninsports.com\/eur\/#website\",\"url\":\"https:\/\/old.muninsports.com\/eur\/\",\"name\":\"Munin Sports\",\"description\":\"\",\"potentialAction\":[{\"@type\":\"SearchAction\",\"target\":{\"@type\":\"EntryPoint\",\"urlTemplate\":\"https:\/\/old.muninsports.com\/eur\/?s={search_term_string}\"},\"query-input\":\"required name=search_term_string\"}],\"inLanguage\":\"da-DK\"}]}<\/script>\n<!-- \/ Yoast SEO plugin. -->","yoast_head_json":{"title":"\u00d8vrige betingelser - Munin Sports","robots":{"index":"index","follow":"follow","max-snippet":"max-snippet:-1","max-image-preview":"max-image-preview:large","max-video-preview":"max-video-preview:-1"},"canonical":"https:\/\/old.muninsports.com\/da\/support\/oevrige-betingelser\/","og_locale":"da_DK","og_type":"article","og_title":"\u00d8vrige betingelser - Munin Sports","og_description":"\u00d8VRIGE BETINGELSER COOKIES Ved at benytte muninsports.com accepterer du, at vi bruger cookies. En cookie er en lille datafil, som vi l\u00e6gger p\u00e5 din computer for at kunne holde styr p\u00e5, hvad der sker under dit bes\u00f8g og for at kunne genkende computeren. En cookie er ikke et program og indeholder ikke virus. \u00d8nsker du [&hellip;]","og_url":"https:\/\/old.muninsports.com\/da\/support\/oevrige-betingelser\/","og_site_name":"Munin Sports","article_modified_time":"2018-10-29T14:08:45+00:00","twitter_misc":{"Estimeret l\u00e6setid":"1 minut"},"schema":{"@context":"https:\/\/schema.org","@graph":[{"@type":"WebPage","@id":"https:\/\/old.muninsports.com\/da\/support\/oevrige-betingelser\/","url":"https:\/\/old.muninsports.com\/da\/support\/oevrige-betingelser\/","name":"\u00d8vrige betingelser - Munin Sports","isPartOf":{"@id":"https:\/\/old.muninsports.com\/eur\/#website"},"datePublished":"2017-02-07T20:32:55+00:00","dateModified":"2018-10-29T14:08:45+00:00","breadcrumb":{"@id":"https:\/\/old.muninsports.com\/da\/support\/oevrige-betingelser\/#breadcrumb"},"inLanguage":"da-DK","potentialAction":[{"@type":"ReadAction","target":["https:\/\/old.muninsports.com\/da\/support\/oevrige-betingelser\/"]}]},{"@type":"BreadcrumbList","@id":"https:\/\/old.muninsports.com\/da\/support\/oevrige-betingelser\/#breadcrumb","itemListElement":[{"@type":"ListItem","position":1,"name":"Home","item":"https:\/\/old.muninsports.com\/da\/"},{"@type":"ListItem","position":2,"name":"Support","item":"https:\/\/old.muninsports.com\/da\/support\/"},{"@type":"ListItem","position":3,"name":"\u00d8vrige betingelser"}]},{"@type":"WebSite","@id":"https:\/\/old.muninsports.com\/eur\/#website","url":"https:\/\/old.muninsports.com\/eur\/","name":"Munin Sports","description":"","potentialAction":[{"@type":"SearchAction","target":{"@type":"EntryPoint","urlTemplate":"https:\/\/old.muninsports.com\/eur\/?s={search_term_string}"},"query-input":"required name=search_term_string"}],"inLanguage":"da-DK"}]}},"_links":{"self":[{"href":"https:\/\/old.muninsports.com\/da\/wp-json\/wp\/v2\/pages\/23713"}],"collection":[{"href":"https:\/\/old.muninsports.com\/da\/wp-json\/wp\/v2\/pages"}],"about":[{"href":"https:\/\/old.muninsports.com\/da\/wp-json\/wp\/v2\/types\/page"}],"author":[{"embeddable":true,"href":"https:\/\/old.muninsports.com\/da\/wp-json\/wp\/v2\/users\/1"}],"replies":[{"embeddable":true,"href":"https:\/\/old.muninsports.com\/da\/wp-json\/wp\/v2\/comments?post=23713"}],"version-history":[{"count":2,"href":"https:\/\/old.muninsports.com\/da\/wp-json\/wp\/v2\/pages\/23713\/revisions"}],"predecessor-version":[{"id":39363,"href":"https:\/\/old.muninsports.com\/da\/wp-json\/wp\/v2\/pages\/23713\/revisions\/39363"}],"up":[{"embeddable":true,"href":"https:\/\/old.muninsports.com\/da\/wp-json\/wp\/v2\/pages\/1697"}],"wp:attachment":[{"href":"https:\/\/old.muninsports.com\/da\/wp-json\/wp\/v2\/media?parent=23713"}],"curies":[{"name":"wp","href":"https:\/\/api.w.org\/{rel}","templated":true}]}}