{"id":23715,"date":"2017-02-07T21:35:48","date_gmt":"2017-02-07T20:35:48","guid":{"rendered":"https:\/\/muninsports.com\/?page_id=23715\/"},"modified":"2018-10-29T15:10:24","modified_gmt":"2018-10-29T14:10:24","slug":"cookies","status":"publish","type":"page","link":"https:\/\/old.muninsports.com\/da\/support\/cookies\/","title":{"rendered":"Cookies"},"content":{"rendered":"<header class=\"deck-header\">\n<div class=\"title\">\n<h1>COOKIES<\/h1>\n<\/div>\n<\/header>\n<div class=\"deck-content\">\n<div class=\"deck-content\">\n<p>For at give dig den bedst mulige oplevelse p\u00e5 muninsports.com anvender vi cookies. Dette er normal praksis for websites og is\u00e6r webshops.<\/p>\n<p>Det er et lovkrav fra EU om at g\u00f8re bes\u00f8gene af ens webshop s\u00e6rskilt opm\u00e6rksom p\u00e5 brug af cookies. Ved at benytte muninsports.com, accepterer du, at vi bruger cookies.<\/p>\n<h5>HJEMMESIDENS EJER OG KONTAKTOPLYSNINGER<\/h5>\n<p>Denne hjemmeside er drevet og ejet af:<br \/>\nMS 2018 ApS under virksomhedsnavnet Munin Sports<br \/>\nCVR-nr. 39889471<br \/>\nVedelsgade 7, 2.,<br \/>\n4180 Sor\u00f8<br \/>\nDanmark<\/p>\n<p>Hvad er en cookie?<br \/>\nEn cookie er en lille datafil, som vi gemmer p\u00e5 din computer for at kunne holde styr p\u00e5, hvad der sker under dit bes\u00f8g og for at kunne genkende computeren. En cookie er ikke et program og indeholder ikke virus.<\/p>\n<h6>HJEMMESIDENS BRUG AF COOKIES<\/h6>\n<p>Cookies er n\u00f8dvendige for at f\u00e5 hjemmesider og webshops til at fungere. Cookies hj\u00e6lper os desuden med at f\u00e5 overblik over dit bes\u00f8g p\u00e5 muninsports.com, s\u00e5 vi l\u00f8bende kan optimere og m\u00e5lrette hjemmesiden til dine behov og interesser. Cookies husker fx, hvad du har lagt i indk\u00f8bskurven, om du tidligere har bes\u00f8gt hjemmesiden, om du er logget ind og hvilket sprog og valuta, du gerne vil have hjemmesiden p\u00e5.<\/p>\n<p>Her er oversigten over munisports.com brug af cookies og vores samarbejdspartnere i denne forbindelse:<\/p>\n<h6>N\u00d8DVENDIGE COOKIES<\/h6>\n<p>Disse cookies er p\u00e5kr\u00e6vet for, at hjemmesiden kan levere en tjeneste, som du, som slutbruger udtrykkelig har anmodet om. Det kan f.eks. v\u00e6re cookies, der bruges for at f\u00e5 en indk\u00f8bskurv til at virke.<\/p>\n<p>Muninsports.com anvender cookies som bruges til at genkende dig, n\u00e5r du bev\u00e6ger dig rundt i vores webshop og husker om du f.eks. har lagt noget i kurven.<\/p>\n<h6>PR\u00c6FERENCE COOKIES<\/h6>\n<p>Disse cookies bruges til at sikre den optimale brugeroplevelse p\u00e5 muninsports.com. Det er fx valgte pr\u00e6ferencer s\u00e5som sprog eller valg, som g\u00f8r navigation enklere. Der indsamles ingen personligt identificerbare data med denne type cookies.<\/p>\n<p>Videoer indlejret p\u00e5 siden er via YouTube. YouTube bruger bl.a. cookies til at registrere hvilke video der vises og hvor meget af filmen du har set. YouTube cookies er s\u00e5kaldte Flash cookies.<\/p>\n<h6>DRIFTS- OG OPTIMERINGSCOOKIES<\/h6>\n<p>Disse cookies anvendes til driften af muninsports.com. Det kan f.eks. v\u00e6re opt\u00e6lling af antallet af bes\u00f8gende eller andre informationer, der skal bruges til analyse. Disse cookies kan i begr\u00e6nset omfang indsamle data, der kan henf\u00f8res til den enkelte bruger.<\/p>\n<p>Muninsports.com bruger Google Analytics for at analysere, hvordan brugerne anvender hjemmesiden. De oplysninger, som cookien indsamler om din brug (trafikdata, herunder din IP-adresse), sendes til og gemmes p\u00e5 Googles servere i USA. Du kan frav\u00e6lge cookies fra\u00a0<span style=\"text-decoration: underline;\"><a href=\"http:\/\/tools.google.com\/dlpage\/gaoptout\">Google Analytics<\/a>.<\/span><\/p>\n<h6>MARKETING \u2013 ANONYM TRACKING P\u00c5 TV\u00c6RS AF HJEMMESIDER<\/h6>\n<p>Disse cookies anvendes til at f\u00f8lge brugere p\u00e5 tv\u00e6rs af deres bes\u00f8g p\u00e5 flere hjemmesider. Disse cookies kan bruges til at opbygge profiler, der viser, hvilke s\u00f8gninger hver bruger har foretaget eller hvilke sider, de har bes\u00f8gt. Disse cookies kan lagre data, der identificerer den enkelte bruger eller som indeholder specifik information om brugeren. Anonyme data kan blive delt med 3. part.<\/p>\n<p>Cookies fra Facebook bruges til at vise en &#8220;synes godt om&#8221; knap og information om hvilke af dine Facebook venner synes godt om. Facebook giver endvidere adgang til et statistik v\u00e6rkt\u00f8j (Facebook Insights), der viser information omkring brugen af Facebook.<\/p>\n<h5>S\u00c5DAN AFVISER ELLER SLETTER DU DINE COOKIES<\/h5>\n<h6>AFVISNING AF COOKIES<\/h6>\n<p>Du kan altid afvise cookies p\u00e5 din computer ved at \u00e6ndre indstillingerne i din browser. Hvor du finder indstillingerne afh\u00e6nger af, hvilken browser du anvender. Du skal dog v\u00e6re opm\u00e6rksom p\u00e5, at hvis du g\u00f8r det, er der mange funktioner og services, du ikke kan bruge, fordi de foruds\u00e6tter, at muninsports.com kan huske de valg, du foretager.<\/p>\n<h6>SLETNING AF COOKIES<\/h6>\n<p>Cookies som du tidligere har accepteret, kan efterf\u00f8lgende slettes nemt. Benytter du en PC med en nyere browser, kan du slette dine cookies ved at bruge genvejstasterne: CTRL + SHIFT + Delete. Virker genvejstasterne ikke, og\/eller benytter du en MAC, skal du starte med at finde ud af, hvilken browser du bruger og herefter klikke p\u00e5 det relevante link. Husk &#8211; bruger du flere browsere, skal du slette cookies i dem alle.<\/p>\n<p><span style=\"text-decoration: underline;\"><a href=\"http:\/\/windows.microsoft.com\/da-DK\/windows-vista\/Delete-your-Internet-cookies\" target=\"_blank\" rel=\"noopener\">Internet Explorer<\/a><\/span><br \/>\n<span style=\"text-decoration: underline;\"><a href=\"https:\/\/support.mozilla.org\/da\/search?q=slet+cookies\">Mozilla Firefox\u00a0<\/a><\/span><br \/>\n<span style=\"text-decoration: underline;\"><a href=\"http:\/\/support.google.com\/chrome\/bin\/answer.py?hl=da&amp;answer=95647 \" target=\"_blank\" rel=\"noopener\">Google Chrome\u00a0<\/a><\/span><br \/>\n<span style=\"text-decoration: underline;\"><a href=\"http:\/\/help.opera.com\/Windows\/12.10\/en\/cookies.html\" target=\"_blank\" rel=\"noopener\">Opera\u00a0<\/a><\/span><br \/>\n<span style=\"text-decoration: underline;\"><a href=\"http:\/\/support.apple.com\/kb\/HT1677 \" target=\"_blank\" rel=\"noopener\">Safari 5.0\u00a0<\/a><\/span><br \/>\n<span style=\"text-decoration: underline;\"><a href=\"http:\/\/www.macromedia.com\/support\/documentation\/en\/flashplayer\/help\/settings_manager07.html \" target=\"_blank\" rel=\"noopener\">Flash cookies (g\u00e6lder alle browser)<br \/>\n<\/a><a href=\"http:\/\/support.apple.com\/kb\/HT1677 \" target=\"_blank\" rel=\"noopener\">iPhone, iPad og andet fra Apple\u00a0<\/a><a href=\"http:\/\/www.macromedia.com\/support\/documentation\/en\/flashplayer\/help\/settings_manager07.html \" target=\"_blank\" rel=\"noopener\"><br \/>\n<\/a><a href=\"http:\/\/hubpages.com\/technology\/How-to-delete-internet-cookies-on-your-Droid-or-any-Android-device\" target=\"_blank\" rel=\"noopener\">Telefoner med styresystemet Android\u00a0<\/a><a href=\"http:\/\/www.macromedia.com\/support\/documentation\/en\/flashplayer\/help\/settings_manager07.html \" target=\"_blank\" rel=\"noopener\"><br \/>\n<\/a><a href=\"http:\/\/www.windowsphone.com\/da-dk\/how-to\/wp7\/web\/changing-privacy-and-otherbrowser-settings \" target=\"_blank\" rel=\"noopener\">Telefoner med Windows 7\u00a0<\/a><\/span><\/p>\n<h5>SP\u00d8RGSM\u00c5L OG KLAGEVEJLEDNING<\/h5>\n<h6>HAR DU NOGEN SP\u00d8RGSM\u00c5L?<\/h6>\n<p>Har du kommentarer eller sp\u00f8rgsm\u00e5l i forbindelse med vores information og\/eller behandling af personlige oplysninger, er du velkommen til at kontakte os p\u00e5\u00a0<span style=\"text-decoration: underline;\"><a href=\"mailto:info@munnsports.com?Subject=Cookies%20p%C3%A5%20muninsports.com\">info@muninsports.com<\/a><\/span><\/p>\n<h6>S\u00c5DAN KAN DU KLAGE OVER MUNINSPORTS.COM INFORMATION OM COOKIES<\/h6>\n<p>Hvis du som bruger mener, at muninsports.com ikke overholder cookie-reglerne, kan du derfor rette din klage til dataansvarlige for MS 2018 Aps Joachim Christgau. N\u00e5r du sender din klage skal den indeholde en skriftlig og udf\u00f8rlig beskrivelse af, hvor og hvad muninsports.com ikke overholder den danske vejledning. Klagen skal ligeledes indeholde:<br \/>\nDit navn<br \/>\nDin adresse<br \/>\nDin e-mail<br \/>\nDit telefonnummer<\/p>\n<\/div>\n<\/div>\n","protected":false},"excerpt":{"rendered":"<p>COOKIES For at give dig den bedst mulige oplevelse p\u00e5 muninsports.com anvender vi cookies. Dette er normal praksis for websites og is\u00e6r webshops. Det er et lovkrav fra EU om at g\u00f8re bes\u00f8gene af ens webshop s\u00e6rskilt opm\u00e6rksom p\u00e5 brug af cookies. Ved at benytte muninsports.com, accepterer du, at vi bruger cookies. HJEMMESIDENS EJER OG [&hellip;]<\/p>\n","protected":false},"author":1,"featured_media":0,"parent":1697,"menu_order":6,"comment_status":"closed","ping_status":"closed","template":"page-templates\/terms.php","meta":{"_mi_skip_tracking":false},"acf":[],"yoast_head":"<!-- This site is optimized with the Yoast SEO plugin v19.6.1 - https:\/\/yoast.com\/wordpress\/plugins\/seo\/ -->\n<title>Cookies - Munin Sports<\/title>\n<meta name=\"robots\" content=\"index, follow, max-snippet:-1, max-image-preview:large, max-video-preview:-1\" \/>\n<link rel=\"canonical\" href=\"https:\/\/old.muninsports.com\/da\/support\/cookies\/\" \/>\n<meta property=\"og:locale\" content=\"da_DK\" \/>\n<meta property=\"og:type\" content=\"article\" \/>\n<meta property=\"og:title\" content=\"Cookies - Munin Sports\" \/>\n<meta property=\"og:description\" content=\"COOKIES For at give dig den bedst mulige oplevelse p\u00e5 muninsports.com anvender vi cookies. Dette er normal praksis for websites og is\u00e6r webshops. Det er et lovkrav fra EU om at g\u00f8re bes\u00f8gene af ens webshop s\u00e6rskilt opm\u00e6rksom p\u00e5 brug af cookies. Ved at benytte muninsports.com, accepterer du, at vi bruger cookies. HJEMMESIDENS EJER OG [&hellip;]\" \/>\n<meta property=\"og:url\" content=\"https:\/\/old.muninsports.com\/da\/support\/cookies\/\" \/>\n<meta property=\"og:site_name\" content=\"Munin Sports\" \/>\n<meta property=\"article:modified_time\" content=\"2018-10-29T14:10:24+00:00\" \/>\n<meta name=\"twitter:label1\" content=\"Estimeret l\u00e6setid\" \/>\n\t<meta name=\"twitter:data1\" content=\"4 minutter\" \/>\n<script type=\"application\/ld+json\" class=\"yoast-schema-graph\">{\"@context\":\"https:\/\/schema.org\",\"@graph\":[{\"@type\":\"WebPage\",\"@id\":\"https:\/\/old.muninsports.com\/da\/support\/cookies\/\",\"url\":\"https:\/\/old.muninsports.com\/da\/support\/cookies\/\",\"name\":\"Cookies - Munin Sports\",\"isPartOf\":{\"@id\":\"https:\/\/old.muninsports.com\/eur\/#website\"},\"datePublished\":\"2017-02-07T20:35:48+00:00\",\"dateModified\":\"2018-10-29T14:10:24+00:00\",\"breadcrumb\":{\"@id\":\"https:\/\/old.muninsports.com\/da\/support\/cookies\/#breadcrumb\"},\"inLanguage\":\"da-DK\",\"potentialAction\":[{\"@type\":\"ReadAction\",\"target\":[\"https:\/\/old.muninsports.com\/da\/support\/cookies\/\"]}]},{\"@type\":\"BreadcrumbList\",\"@id\":\"https:\/\/old.muninsports.com\/da\/support\/cookies\/#breadcrumb\",\"itemListElement\":[{\"@type\":\"ListItem\",\"position\":1,\"name\":\"Home\",\"item\":\"https:\/\/old.muninsports.com\/da\/\"},{\"@type\":\"ListItem\",\"position\":2,\"name\":\"Support\",\"item\":\"https:\/\/old.muninsports.com\/da\/support\/\"},{\"@type\":\"ListItem\",\"position\":3,\"name\":\"Cookies\"}]},{\"@type\":\"WebSite\",\"@id\":\"https:\/\/old.muninsports.com\/eur\/#website\",\"url\":\"https:\/\/old.muninsports.com\/eur\/\",\"name\":\"Munin Sports\",\"description\":\"\",\"potentialAction\":[{\"@type\":\"SearchAction\",\"target\":{\"@type\":\"EntryPoint\",\"urlTemplate\":\"https:\/\/old.muninsports.com\/eur\/?s={search_term_string}\"},\"query-input\":\"required name=search_term_string\"}],\"inLanguage\":\"da-DK\"}]}<\/script>\n<!-- \/ Yoast SEO plugin. -->","yoast_head_json":{"title":"Cookies - Munin Sports","robots":{"index":"index","follow":"follow","max-snippet":"max-snippet:-1","max-image-preview":"max-image-preview:large","max-video-preview":"max-video-preview:-1"},"canonical":"https:\/\/old.muninsports.com\/da\/support\/cookies\/","og_locale":"da_DK","og_type":"article","og_title":"Cookies - Munin Sports","og_description":"COOKIES For at give dig den bedst mulige oplevelse p\u00e5 muninsports.com anvender vi cookies. Dette er normal praksis for websites og is\u00e6r webshops. Det er et lovkrav fra EU om at g\u00f8re bes\u00f8gene af ens webshop s\u00e6rskilt opm\u00e6rksom p\u00e5 brug af cookies. Ved at benytte muninsports.com, accepterer du, at vi bruger cookies. HJEMMESIDENS EJER OG [&hellip;]","og_url":"https:\/\/old.muninsports.com\/da\/support\/cookies\/","og_site_name":"Munin Sports","article_modified_time":"2018-10-29T14:10:24+00:00","twitter_misc":{"Estimeret l\u00e6setid":"4 minutter"},"schema":{"@context":"https:\/\/schema.org","@graph":[{"@type":"WebPage","@id":"https:\/\/old.muninsports.com\/da\/support\/cookies\/","url":"https:\/\/old.muninsports.com\/da\/support\/cookies\/","name":"Cookies - Munin Sports","isPartOf":{"@id":"https:\/\/old.muninsports.com\/eur\/#website"},"datePublished":"2017-02-07T20:35:48+00:00","dateModified":"2018-10-29T14:10:24+00:00","breadcrumb":{"@id":"https:\/\/old.muninsports.com\/da\/support\/cookies\/#breadcrumb"},"inLanguage":"da-DK","potentialAction":[{"@type":"ReadAction","target":["https:\/\/old.muninsports.com\/da\/support\/cookies\/"]}]},{"@type":"BreadcrumbList","@id":"https:\/\/old.muninsports.com\/da\/support\/cookies\/#breadcrumb","itemListElement":[{"@type":"ListItem","position":1,"name":"Home","item":"https:\/\/old.muninsports.com\/da\/"},{"@type":"ListItem","position":2,"name":"Support","item":"https:\/\/old.muninsports.com\/da\/support\/"},{"@type":"ListItem","position":3,"name":"Cookies"}]},{"@type":"WebSite","@id":"https:\/\/old.muninsports.com\/eur\/#website","url":"https:\/\/old.muninsports.com\/eur\/","name":"Munin Sports","description":"","potentialAction":[{"@type":"SearchAction","target":{"@type":"EntryPoint","urlTemplate":"https:\/\/old.muninsports.com\/eur\/?s={search_term_string}"},"query-input":"required name=search_term_string"}],"inLanguage":"da-DK"}]}},"_links":{"self":[{"href":"https:\/\/old.muninsports.com\/da\/wp-json\/wp\/v2\/pages\/23715"}],"collection":[{"href":"https:\/\/old.muninsports.com\/da\/wp-json\/wp\/v2\/pages"}],"about":[{"href":"https:\/\/old.muninsports.com\/da\/wp-json\/wp\/v2\/types\/page"}],"author":[{"embeddable":true,"href":"https:\/\/old.muninsports.com\/da\/wp-json\/wp\/v2\/users\/1"}],"replies":[{"embeddable":true,"href":"https:\/\/old.muninsports.com\/da\/wp-json\/wp\/v2\/comments?post=23715"}],"version-history":[{"count":3,"href":"https:\/\/old.muninsports.com\/da\/wp-json\/wp\/v2\/pages\/23715\/revisions"}],"predecessor-version":[{"id":39365,"href":"https:\/\/old.muninsports.com\/da\/wp-json\/wp\/v2\/pages\/23715\/revisions\/39365"}],"up":[{"embeddable":true,"href":"https:\/\/old.muninsports.com\/da\/wp-json\/wp\/v2\/pages\/1697"}],"wp:attachment":[{"href":"https:\/\/old.muninsports.com\/da\/wp-json\/wp\/v2\/media?parent=23715"}],"curies":[{"name":"wp","href":"https:\/\/api.w.org\/{rel}","templated":true}]}}