{"id":789,"date":"2014-11-05T16:00:59","date_gmt":"2014-11-05T15:00:59","guid":{"rendered":"https:\/\/muninsports.com\/training-videos-2\/"},"modified":"2016-02-16T10:21:16","modified_gmt":"2016-02-16T09:21:16","slug":"traeningsvideoer","status":"publish","type":"page","link":"https:\/\/old.muninsports.com\/da\/traeningsvideoer\/","title":{"rendered":"Tr\u00e6ningsvideoer"},"content":{"rendered":"<p>Hvad er din favorit detalje?<\/p>\n<p>Hvad dr\u00f8mmer du om at v\u00e6re i stand til?<\/p>\n<p>Se vores tr\u00e6ningsvideoer og find ud af hvordan du kan blive bedre med M-Station<\/p>\n","protected":false},"excerpt":{"rendered":"<p>Hvad er din favorit detalje? Hvad dr\u00f8mmer du om at v\u00e6re i stand til? Se vores tr\u00e6ningsvideoer og find ud af hvordan du kan blive bedre med M-Station<\/p>\n","protected":false},"author":1,"featured_media":0,"parent":0,"menu_order":0,"comment_status":"open","ping_status":"open","template":"page-templates\/training_ground.php","meta":{"_mi_skip_tracking":false},"acf":[],"yoast_head":"<!-- This site is optimized with the Yoast SEO plugin v19.6.1 - https:\/\/yoast.com\/wordpress\/plugins\/seo\/ -->\n<title>Tr\u00e6ningsvideoer til M-station Talent og Pro | Munin Sports<\/title>\n<meta name=\"description\" content=\"Se videoerne, der viser, hvordan du med M-stationerne bliver en teknisk dygtigere fodboldspiller med disse \u00f8velser. Der er flere \u00f8velser til selvtr\u00e6ning\" \/>\n<meta name=\"robots\" content=\"index, follow, max-snippet:-1, max-image-preview:large, max-video-preview:-1\" \/>\n<link rel=\"canonical\" href=\"https:\/\/old.muninsports.com\/da\/traeningsvideoer\/\" \/>\n<meta property=\"og:locale\" content=\"da_DK\" \/>\n<meta property=\"og:type\" content=\"article\" \/>\n<meta property=\"og:title\" content=\"Tr\u00e6ningsvideoer til M-station Talent og Pro | Munin Sports\" \/>\n<meta property=\"og:description\" content=\"Se videoerne, der viser, hvordan du med M-stationerne bliver en teknisk dygtigere fodboldspiller med disse \u00f8velser. Der er flere \u00f8velser til selvtr\u00e6ning\" \/>\n<meta property=\"og:url\" content=\"https:\/\/old.muninsports.com\/da\/traeningsvideoer\/\" \/>\n<meta property=\"og:site_name\" content=\"Munin Sports\" \/>\n<meta property=\"article:modified_time\" content=\"2016-02-16T09:21:16+00:00\" \/>\n<script type=\"application\/ld+json\" class=\"yoast-schema-graph\">{\"@context\":\"https:\/\/schema.org\",\"@graph\":[{\"@type\":\"WebPage\",\"@id\":\"https:\/\/old.muninsports.com\/da\/traeningsvideoer\/\",\"url\":\"https:\/\/old.muninsports.com\/da\/traeningsvideoer\/\",\"name\":\"Tr\u00e6ningsvideoer til M-station Talent og Pro | Munin Sports\",\"isPartOf\":{\"@id\":\"https:\/\/old.muninsports.com\/eur\/#website\"},\"datePublished\":\"2014-11-05T15:00:59+00:00\",\"dateModified\":\"2016-02-16T09:21:16+00:00\",\"description\":\"Se videoerne, der viser, hvordan du med M-stationerne bliver en teknisk dygtigere fodboldspiller med disse \u00f8velser. Der er flere \u00f8velser til selvtr\u00e6ning\",\"breadcrumb\":{\"@id\":\"https:\/\/old.muninsports.com\/da\/traeningsvideoer\/#breadcrumb\"},\"inLanguage\":\"da-DK\",\"potentialAction\":[{\"@type\":\"ReadAction\",\"target\":[\"https:\/\/old.muninsports.com\/da\/traeningsvideoer\/\"]}]},{\"@type\":\"BreadcrumbList\",\"@id\":\"https:\/\/old.muninsports.com\/da\/traeningsvideoer\/#breadcrumb\",\"itemListElement\":[{\"@type\":\"ListItem\",\"position\":1,\"name\":\"Home\",\"item\":\"https:\/\/old.muninsports.com\/da\/\"},{\"@type\":\"ListItem\",\"position\":2,\"name\":\"Tr\u00e6ningsvideoer\"}]},{\"@type\":\"WebSite\",\"@id\":\"https:\/\/old.muninsports.com\/eur\/#website\",\"url\":\"https:\/\/old.muninsports.com\/eur\/\",\"name\":\"Munin Sports\",\"description\":\"\",\"potentialAction\":[{\"@type\":\"SearchAction\",\"target\":{\"@type\":\"EntryPoint\",\"urlTemplate\":\"https:\/\/old.muninsports.com\/eur\/?s={search_term_string}\"},\"query-input\":\"required name=search_term_string\"}],\"inLanguage\":\"da-DK\"}]}<\/script>\n<!-- \/ Yoast SEO plugin. -->","yoast_head_json":{"title":"Tr\u00e6ningsvideoer til M-station Talent og Pro | Munin Sports","description":"Se videoerne, der viser, hvordan du med M-stationerne bliver en teknisk dygtigere fodboldspiller med disse \u00f8velser. Der er flere \u00f8velser til selvtr\u00e6ning","robots":{"index":"index","follow":"follow","max-snippet":"max-snippet:-1","max-image-preview":"max-image-preview:large","max-video-preview":"max-video-preview:-1"},"canonical":"https:\/\/old.muninsports.com\/da\/traeningsvideoer\/","og_locale":"da_DK","og_type":"article","og_title":"Tr\u00e6ningsvideoer til M-station Talent og Pro | Munin Sports","og_description":"Se videoerne, der viser, hvordan du med M-stationerne bliver en teknisk dygtigere fodboldspiller med disse \u00f8velser. Der er flere \u00f8velser til selvtr\u00e6ning","og_url":"https:\/\/old.muninsports.com\/da\/traeningsvideoer\/","og_site_name":"Munin Sports","article_modified_time":"2016-02-16T09:21:16+00:00","schema":{"@context":"https:\/\/schema.org","@graph":[{"@type":"WebPage","@id":"https:\/\/old.muninsports.com\/da\/traeningsvideoer\/","url":"https:\/\/old.muninsports.com\/da\/traeningsvideoer\/","name":"Tr\u00e6ningsvideoer til M-station Talent og Pro | Munin Sports","isPartOf":{"@id":"https:\/\/old.muninsports.com\/eur\/#website"},"datePublished":"2014-11-05T15:00:59+00:00","dateModified":"2016-02-16T09:21:16+00:00","description":"Se videoerne, der viser, hvordan du med M-stationerne bliver en teknisk dygtigere fodboldspiller med disse \u00f8velser. Der er flere \u00f8velser til selvtr\u00e6ning","breadcrumb":{"@id":"https:\/\/old.muninsports.com\/da\/traeningsvideoer\/#breadcrumb"},"inLanguage":"da-DK","potentialAction":[{"@type":"ReadAction","target":["https:\/\/old.muninsports.com\/da\/traeningsvideoer\/"]}]},{"@type":"BreadcrumbList","@id":"https:\/\/old.muninsports.com\/da\/traeningsvideoer\/#breadcrumb","itemListElement":[{"@type":"ListItem","position":1,"name":"Home","item":"https:\/\/old.muninsports.com\/da\/"},{"@type":"ListItem","position":2,"name":"Tr\u00e6ningsvideoer"}]},{"@type":"WebSite","@id":"https:\/\/old.muninsports.com\/eur\/#website","url":"https:\/\/old.muninsports.com\/eur\/","name":"Munin Sports","description":"","potentialAction":[{"@type":"SearchAction","target":{"@type":"EntryPoint","urlTemplate":"https:\/\/old.muninsports.com\/eur\/?s={search_term_string}"},"query-input":"required name=search_term_string"}],"inLanguage":"da-DK"}]}},"_links":{"self":[{"href":"https:\/\/old.muninsports.com\/da\/wp-json\/wp\/v2\/pages\/789"}],"collection":[{"href":"https:\/\/old.muninsports.com\/da\/wp-json\/wp\/v2\/pages"}],"about":[{"href":"https:\/\/old.muninsports.com\/da\/wp-json\/wp\/v2\/types\/page"}],"author":[{"embeddable":true,"href":"https:\/\/old.muninsports.com\/da\/wp-json\/wp\/v2\/users\/1"}],"replies":[{"embeddable":true,"href":"https:\/\/old.muninsports.com\/da\/wp-json\/wp\/v2\/comments?post=789"}],"version-history":[{"count":9,"href":"https:\/\/old.muninsports.com\/da\/wp-json\/wp\/v2\/pages\/789\/revisions"}],"predecessor-version":[{"id":9272,"href":"https:\/\/old.muninsports.com\/da\/wp-json\/wp\/v2\/pages\/789\/revisions\/9272"}],"wp:attachment":[{"href":"https:\/\/old.muninsports.com\/da\/wp-json\/wp\/v2\/media?parent=789"}],"curies":[{"name":"wp","href":"https:\/\/api.w.org\/{rel}","templated":true}]}}