{"id":794,"date":"2014-11-09T10:29:37","date_gmt":"2014-11-09T09:29:37","guid":{"rendered":"https:\/\/muninsports.com\/m-trainer-app-2\/"},"modified":"2016-02-16T09:33:39","modified_gmt":"2016-02-16T08:33:39","slug":"m-trainer-app","status":"publish","type":"page","link":"https:\/\/old.muninsports.com\/da\/m-trainer-app\/","title":{"rendered":"M-Trainer App"},"content":{"rendered":"<h1>HVIS DU KAN<br \/>\nM\u00c5LE DET, KAN<br \/>\nDU FORBEDRE DET<\/h1>\n<p>Den revolutionerende m-trainer app forvandler din smartphone<br \/>\ntil din egen personlige fodboldtr\u00e6ner. N\u00e5r telefonen sidder i<br \/>\nholderen bag nettet p\u00e5 m-station Talent, registrerer m-trainer,<br \/>\nhvordan du afleverer, dribler og kontrollerer bolden.<\/p>\n","protected":false},"excerpt":{"rendered":"<p>HVIS DU KAN M\u00c5LE DET, KAN DU FORBEDRE DET Den revolutionerende m-trainer app forvandler din smartphone til din egen personlige fodboldtr\u00e6ner. N\u00e5r telefonen sidder i holderen bag nettet p\u00e5 m-station Talent, registrerer m-trainer, hvordan du afleverer, dribler og kontrollerer bolden.<\/p>\n","protected":false},"author":1,"featured_media":656,"parent":0,"menu_order":0,"comment_status":"open","ping_status":"open","template":"page-templates\/m-trainer.php","meta":{"_mi_skip_tracking":false},"acf":[],"yoast_head":"<!-- This site is optimized with the Yoast SEO plugin v19.6.1 - https:\/\/yoast.com\/wordpress\/plugins\/seo\/ -->\n<title>M-trainer app - din personlige fodboldtr\u00e6ner | Munin Sports<\/title>\n<meta name=\"description\" content=\"M-trainer app g\u00f8r din smartphone til din personlige fodboldtr\u00e6ner. N\u00e5r telefonen sidder i holderen bag nettet p\u00e5 m-station Talent, registrerer m-traineren.\" \/>\n<meta name=\"robots\" content=\"index, follow, max-snippet:-1, max-image-preview:large, max-video-preview:-1\" \/>\n<link rel=\"canonical\" href=\"https:\/\/old.muninsports.com\/da\/m-trainer-app\/\" \/>\n<meta property=\"og:locale\" content=\"da_DK\" \/>\n<meta property=\"og:type\" content=\"article\" \/>\n<meta property=\"og:title\" content=\"M-trainer app - din personlige fodboldtr\u00e6ner | Munin Sports\" \/>\n<meta property=\"og:description\" content=\"M-trainer app g\u00f8r din smartphone til din personlige fodboldtr\u00e6ner. N\u00e5r telefonen sidder i holderen bag nettet p\u00e5 m-station Talent, registrerer m-traineren.\" \/>\n<meta property=\"og:url\" content=\"https:\/\/old.muninsports.com\/da\/m-trainer-app\/\" \/>\n<meta property=\"og:site_name\" content=\"Munin Sports\" \/>\n<meta property=\"article:modified_time\" content=\"2016-02-16T08:33:39+00:00\" \/>\n<meta property=\"og:image\" content=\"https:\/\/old.muninsports.com\/wp-content\/uploads\/2014\/11\/big_phone.png\" \/>\n\t<meta property=\"og:image:width\" content=\"1398\" \/>\n\t<meta property=\"og:image:height\" content=\"803\" \/>\n\t<meta property=\"og:image:type\" content=\"image\/png\" \/>\n<script type=\"application\/ld+json\" class=\"yoast-schema-graph\">{\"@context\":\"https:\/\/schema.org\",\"@graph\":[{\"@type\":\"WebPage\",\"@id\":\"https:\/\/old.muninsports.com\/da\/m-trainer-app\/\",\"url\":\"https:\/\/old.muninsports.com\/da\/m-trainer-app\/\",\"name\":\"M-trainer app - din personlige fodboldtr\u00e6ner | Munin Sports\",\"isPartOf\":{\"@id\":\"https:\/\/old.muninsports.com\/eur\/#website\"},\"datePublished\":\"2014-11-09T09:29:37+00:00\",\"dateModified\":\"2016-02-16T08:33:39+00:00\",\"description\":\"M-trainer app g\u00f8r din smartphone til din personlige fodboldtr\u00e6ner. N\u00e5r telefonen sidder i holderen bag nettet p\u00e5 m-station Talent, registrerer m-traineren.\",\"breadcrumb\":{\"@id\":\"https:\/\/old.muninsports.com\/da\/m-trainer-app\/#breadcrumb\"},\"inLanguage\":\"da-DK\",\"potentialAction\":[{\"@type\":\"ReadAction\",\"target\":[\"https:\/\/old.muninsports.com\/da\/m-trainer-app\/\"]}]},{\"@type\":\"BreadcrumbList\",\"@id\":\"https:\/\/old.muninsports.com\/da\/m-trainer-app\/#breadcrumb\",\"itemListElement\":[{\"@type\":\"ListItem\",\"position\":1,\"name\":\"Home\",\"item\":\"https:\/\/old.muninsports.com\/da\/\"},{\"@type\":\"ListItem\",\"position\":2,\"name\":\"M-Trainer App\"}]},{\"@type\":\"WebSite\",\"@id\":\"https:\/\/old.muninsports.com\/eur\/#website\",\"url\":\"https:\/\/old.muninsports.com\/eur\/\",\"name\":\"Munin Sports\",\"description\":\"\",\"potentialAction\":[{\"@type\":\"SearchAction\",\"target\":{\"@type\":\"EntryPoint\",\"urlTemplate\":\"https:\/\/old.muninsports.com\/eur\/?s={search_term_string}\"},\"query-input\":\"required name=search_term_string\"}],\"inLanguage\":\"da-DK\"}]}<\/script>\n<!-- \/ Yoast SEO plugin. -->","yoast_head_json":{"title":"M-trainer app - din personlige fodboldtr\u00e6ner | Munin Sports","description":"M-trainer app g\u00f8r din smartphone til din personlige fodboldtr\u00e6ner. N\u00e5r telefonen sidder i holderen bag nettet p\u00e5 m-station Talent, registrerer m-traineren.","robots":{"index":"index","follow":"follow","max-snippet":"max-snippet:-1","max-image-preview":"max-image-preview:large","max-video-preview":"max-video-preview:-1"},"canonical":"https:\/\/old.muninsports.com\/da\/m-trainer-app\/","og_locale":"da_DK","og_type":"article","og_title":"M-trainer app - din personlige fodboldtr\u00e6ner | Munin Sports","og_description":"M-trainer app g\u00f8r din smartphone til din personlige fodboldtr\u00e6ner. N\u00e5r telefonen sidder i holderen bag nettet p\u00e5 m-station Talent, registrerer m-traineren.","og_url":"https:\/\/old.muninsports.com\/da\/m-trainer-app\/","og_site_name":"Munin Sports","article_modified_time":"2016-02-16T08:33:39+00:00","og_image":[{"width":1398,"height":803,"url":"https:\/\/old.muninsports.com\/wp-content\/uploads\/2014\/11\/big_phone.png","type":"image\/png"}],"schema":{"@context":"https:\/\/schema.org","@graph":[{"@type":"WebPage","@id":"https:\/\/old.muninsports.com\/da\/m-trainer-app\/","url":"https:\/\/old.muninsports.com\/da\/m-trainer-app\/","name":"M-trainer app - din personlige fodboldtr\u00e6ner | Munin Sports","isPartOf":{"@id":"https:\/\/old.muninsports.com\/eur\/#website"},"datePublished":"2014-11-09T09:29:37+00:00","dateModified":"2016-02-16T08:33:39+00:00","description":"M-trainer app g\u00f8r din smartphone til din personlige fodboldtr\u00e6ner. N\u00e5r telefonen sidder i holderen bag nettet p\u00e5 m-station Talent, registrerer m-traineren.","breadcrumb":{"@id":"https:\/\/old.muninsports.com\/da\/m-trainer-app\/#breadcrumb"},"inLanguage":"da-DK","potentialAction":[{"@type":"ReadAction","target":["https:\/\/old.muninsports.com\/da\/m-trainer-app\/"]}]},{"@type":"BreadcrumbList","@id":"https:\/\/old.muninsports.com\/da\/m-trainer-app\/#breadcrumb","itemListElement":[{"@type":"ListItem","position":1,"name":"Home","item":"https:\/\/old.muninsports.com\/da\/"},{"@type":"ListItem","position":2,"name":"M-Trainer App"}]},{"@type":"WebSite","@id":"https:\/\/old.muninsports.com\/eur\/#website","url":"https:\/\/old.muninsports.com\/eur\/","name":"Munin Sports","description":"","potentialAction":[{"@type":"SearchAction","target":{"@type":"EntryPoint","urlTemplate":"https:\/\/old.muninsports.com\/eur\/?s={search_term_string}"},"query-input":"required name=search_term_string"}],"inLanguage":"da-DK"}]}},"_links":{"self":[{"href":"https:\/\/old.muninsports.com\/da\/wp-json\/wp\/v2\/pages\/794"}],"collection":[{"href":"https:\/\/old.muninsports.com\/da\/wp-json\/wp\/v2\/pages"}],"about":[{"href":"https:\/\/old.muninsports.com\/da\/wp-json\/wp\/v2\/types\/page"}],"author":[{"embeddable":true,"href":"https:\/\/old.muninsports.com\/da\/wp-json\/wp\/v2\/users\/1"}],"replies":[{"embeddable":true,"href":"https:\/\/old.muninsports.com\/da\/wp-json\/wp\/v2\/comments?post=794"}],"version-history":[{"count":7,"href":"https:\/\/old.muninsports.com\/da\/wp-json\/wp\/v2\/pages\/794\/revisions"}],"predecessor-version":[{"id":4103,"href":"https:\/\/old.muninsports.com\/da\/wp-json\/wp\/v2\/pages\/794\/revisions\/4103"}],"wp:featuredmedia":[{"embeddable":true,"href":"https:\/\/old.muninsports.com\/da\/wp-json\/wp\/v2\/media\/656"}],"wp:attachment":[{"href":"https:\/\/old.muninsports.com\/da\/wp-json\/wp\/v2\/media?parent=794"}],"curies":[{"name":"wp","href":"https:\/\/api.w.org\/{rel}","templated":true}]}}