{"id":15068,"date":"2015-11-19T16:57:27","date_gmt":"2015-11-19T15:57:27","guid":{"rendered":"https:\/\/muninsports.com\/da\/product\/m-station-academy\/"},"modified":"2022-10-05T11:44:13","modified_gmt":"2022-10-05T10:44:13","slug":"m-station-academy","status":"publish","type":"product","link":"https:\/\/old.muninsports.com\/da\/produkt\/m-station-academy\/","title":{"rendered":"m-station Academy"},"content":{"rendered":"<h1><strong>KING SIZE REBOUNDER<\/strong><\/h1>\n<p class=\"p1\"><span class=\"s1\">Multifunktionel og meget holdbar 200 x 200 cm rebounder udviklet til at blive brugt h\u00e5rdt i klubber, skoler, og akademier \u00e5ret rundt. Med 12 forskellige h\u00e6ldninger og en k\u00e6mpe sparkeflade kan spillere p\u00e5 alle niveauer v\u00e6re med. m-station bliver brugt af Real Madrid, Chelsea, Manchester United, Bayern M\u00fcnchen, Arsenal og mange flere.<\/span><\/p>\n","protected":false},"excerpt":{"rendered":"<p>KING SIZE REBOUNDER Multifunktionel og meget holdbar 200 x 200 cm rebounder udviklet til at blive brugt h\u00e5rdt i klubber, skoler, og akademier \u00e5ret rundt. Med 12 forskellige h\u00e6ldninger og en k\u00e6mpe sparkeflade kan spillere p\u00e5 alle niveauer v\u00e6re med. m-station bliver brugt af Real Madrid, Chelsea, Manchester United, Bayern M\u00fcnchen, Arsenal og mange flere.<\/p>\n","protected":false},"featured_media":19110,"comment_status":"closed","ping_status":"closed","template":"","meta":{"_mi_skip_tracking":false},"product_cat":[98],"product_tag":[],"bundled_by":[],"bundle_stock_status":"instock","bundle_stock_quantity":null,"bundle_virtual":false,"bundle_layout":"","bundle_add_to_cart_form_location":"","bundle_editable_in_cart":false,"bundle_sold_individually_context":"","bundle_item_grouping":"","bundle_min_size":"","bundle_max_size":"","bundled_items":[],"bundle_sell_ids":[],"acf":[],"yoast_head":"<!-- This site is optimized with the Yoast SEO plugin v19.6.1 - https:\/\/yoast.com\/wordpress\/plugins\/seo\/ -->\n<title>m-station Academy - Munin Sports<\/title>\n<meta name=\"robots\" content=\"index, follow, max-snippet:-1, max-image-preview:large, max-video-preview:-1\" \/>\n<link rel=\"canonical\" href=\"https:\/\/old.muninsports.com\/da\/produkt\/m-station-academy\/\" \/>\n<meta property=\"og:locale\" content=\"da_DK\" \/>\n<meta property=\"og:type\" content=\"article\" \/>\n<meta property=\"og:title\" content=\"m-station Academy - Munin Sports\" \/>\n<meta property=\"og:description\" content=\"KING SIZE REBOUNDER Multifunktionel og meget holdbar 200 x 200 cm rebounder udviklet til at blive brugt h\u00e5rdt i klubber, skoler, og akademier \u00e5ret rundt. Med 12 forskellige h\u00e6ldninger og en k\u00e6mpe sparkeflade kan spillere p\u00e5 alle niveauer v\u00e6re med. m-station bliver brugt af Real Madrid, Chelsea, Manchester United, Bayern M\u00fcnchen, Arsenal og mange flere.\" \/>\n<meta property=\"og:url\" content=\"https:\/\/old.muninsports.com\/da\/produkt\/m-station-academy\/\" \/>\n<meta property=\"og:site_name\" content=\"Munin Sports\" \/>\n<meta property=\"article:modified_time\" content=\"2022-10-05T10:44:13+00:00\" \/>\n<meta property=\"og:image\" content=\"https:\/\/old.muninsports.com\/wp-content\/uploads\/800x800_m-station-Academy_compressed.png\" \/>\n\t<meta property=\"og:image:width\" content=\"800\" \/>\n\t<meta property=\"og:image:height\" content=\"800\" \/>\n\t<meta property=\"og:image:type\" content=\"image\/png\" \/>\n<meta name=\"twitter:label1\" content=\"Estimeret l\u00e6setid\" \/>\n\t<meta name=\"twitter:data1\" content=\"1 minut\" \/>\n<script type=\"application\/ld+json\" class=\"yoast-schema-graph\">{\"@context\":\"https:\/\/schema.org\",\"@graph\":[{\"@type\":\"WebPage\",\"@id\":\"https:\/\/old.muninsports.com\/da\/produkt\/m-station-academy\/\",\"url\":\"https:\/\/old.muninsports.com\/da\/produkt\/m-station-academy\/\",\"name\":\"m-station Academy - Munin Sports\",\"isPartOf\":{\"@id\":\"https:\/\/old.muninsports.com\/eur\/#website\"},\"datePublished\":\"2015-11-19T15:57:27+00:00\",\"dateModified\":\"2022-10-05T10:44:13+00:00\",\"breadcrumb\":{\"@id\":\"https:\/\/old.muninsports.com\/da\/produkt\/m-station-academy\/#breadcrumb\"},\"inLanguage\":\"da-DK\",\"potentialAction\":[{\"@type\":\"ReadAction\",\"target\":[\"https:\/\/old.muninsports.com\/da\/produkt\/m-station-academy\/\"]}]},{\"@type\":\"BreadcrumbList\",\"@id\":\"https:\/\/old.muninsports.com\/da\/produkt\/m-station-academy\/#breadcrumb\",\"itemListElement\":[{\"@type\":\"ListItem\",\"position\":1,\"name\":\"Home\",\"item\":\"https:\/\/old.muninsports.com\/da\/\"},{\"@type\":\"ListItem\",\"position\":2,\"name\":\"Online shop\",\"item\":\"https:\/\/old.muninsports.com\/da\/online-shop\/\"},{\"@type\":\"ListItem\",\"position\":3,\"name\":\"m-station Academy\"}]},{\"@type\":\"WebSite\",\"@id\":\"https:\/\/old.muninsports.com\/eur\/#website\",\"url\":\"https:\/\/old.muninsports.com\/eur\/\",\"name\":\"Munin Sports\",\"description\":\"\",\"potentialAction\":[{\"@type\":\"SearchAction\",\"target\":{\"@type\":\"EntryPoint\",\"urlTemplate\":\"https:\/\/old.muninsports.com\/eur\/?s={search_term_string}\"},\"query-input\":\"required name=search_term_string\"}],\"inLanguage\":\"da-DK\"}]}<\/script>\n<!-- \/ Yoast SEO plugin. -->","yoast_head_json":{"title":"m-station Academy - Munin Sports","robots":{"index":"index","follow":"follow","max-snippet":"max-snippet:-1","max-image-preview":"max-image-preview:large","max-video-preview":"max-video-preview:-1"},"canonical":"https:\/\/old.muninsports.com\/da\/produkt\/m-station-academy\/","og_locale":"da_DK","og_type":"article","og_title":"m-station Academy - Munin Sports","og_description":"KING SIZE REBOUNDER Multifunktionel og meget holdbar 200 x 200 cm rebounder udviklet til at blive brugt h\u00e5rdt i klubber, skoler, og akademier \u00e5ret rundt. Med 12 forskellige h\u00e6ldninger og en k\u00e6mpe sparkeflade kan spillere p\u00e5 alle niveauer v\u00e6re med. m-station bliver brugt af Real Madrid, Chelsea, Manchester United, Bayern M\u00fcnchen, Arsenal og mange flere.","og_url":"https:\/\/old.muninsports.com\/da\/produkt\/m-station-academy\/","og_site_name":"Munin Sports","article_modified_time":"2022-10-05T10:44:13+00:00","og_image":[{"width":800,"height":800,"url":"https:\/\/old.muninsports.com\/wp-content\/uploads\/800x800_m-station-Academy_compressed.png","type":"image\/png"}],"twitter_misc":{"Estimeret l\u00e6setid":"1 minut"},"schema":{"@context":"https:\/\/schema.org","@graph":[{"@type":"WebPage","@id":"https:\/\/old.muninsports.com\/da\/produkt\/m-station-academy\/","url":"https:\/\/old.muninsports.com\/da\/produkt\/m-station-academy\/","name":"m-station Academy - Munin Sports","isPartOf":{"@id":"https:\/\/old.muninsports.com\/eur\/#website"},"datePublished":"2015-11-19T15:57:27+00:00","dateModified":"2022-10-05T10:44:13+00:00","breadcrumb":{"@id":"https:\/\/old.muninsports.com\/da\/produkt\/m-station-academy\/#breadcrumb"},"inLanguage":"da-DK","potentialAction":[{"@type":"ReadAction","target":["https:\/\/old.muninsports.com\/da\/produkt\/m-station-academy\/"]}]},{"@type":"BreadcrumbList","@id":"https:\/\/old.muninsports.com\/da\/produkt\/m-station-academy\/#breadcrumb","itemListElement":[{"@type":"ListItem","position":1,"name":"Home","item":"https:\/\/old.muninsports.com\/da\/"},{"@type":"ListItem","position":2,"name":"Online shop","item":"https:\/\/old.muninsports.com\/da\/online-shop\/"},{"@type":"ListItem","position":3,"name":"m-station Academy"}]},{"@type":"WebSite","@id":"https:\/\/old.muninsports.com\/eur\/#website","url":"https:\/\/old.muninsports.com\/eur\/","name":"Munin Sports","description":"","potentialAction":[{"@type":"SearchAction","target":{"@type":"EntryPoint","urlTemplate":"https:\/\/old.muninsports.com\/eur\/?s={search_term_string}"},"query-input":"required name=search_term_string"}],"inLanguage":"da-DK"}]}},"_links":{"self":[{"href":"https:\/\/old.muninsports.com\/da\/wp-json\/wp\/v2\/product\/15068"}],"collection":[{"href":"https:\/\/old.muninsports.com\/da\/wp-json\/wp\/v2\/product"}],"about":[{"href":"https:\/\/old.muninsports.com\/da\/wp-json\/wp\/v2\/types\/product"}],"replies":[{"embeddable":true,"href":"https:\/\/old.muninsports.com\/da\/wp-json\/wp\/v2\/comments?post=15068"}],"wp:featuredmedia":[{"embeddable":true,"href":"https:\/\/old.muninsports.com\/da\/wp-json\/wp\/v2\/media\/19110"}],"wp:attachment":[{"href":"https:\/\/old.muninsports.com\/da\/wp-json\/wp\/v2\/media?parent=15068"}],"wp:term":[{"taxonomy":"product_cat","embeddable":true,"href":"https:\/\/old.muninsports.com\/da\/wp-json\/wp\/v2\/product_cat?post=15068"},{"taxonomy":"product_tag","embeddable":true,"href":"https:\/\/old.muninsports.com\/da\/wp-json\/wp\/v2\/product_tag?post=15068"}],"curies":[{"name":"wp","href":"https:\/\/api.w.org\/{rel}","templated":true}]}}