{"id":15577,"date":"2016-05-09T22:00:53","date_gmt":"2016-05-09T21:00:53","guid":{"rendered":""},"modified":"2023-07-06T12:04:51","modified_gmt":"2023-07-06T11:04:51","slug":"m-station-club","status":"publish","type":"product","link":"https:\/\/old.muninsports.com\/da\/produkt\/m-station-club\/","title":{"rendered":"m-station Club"},"content":{"rendered":"<h1>Uovertruffen kvalitet<\/h1>\n<p>Vi har taget den originale m-station Talent og givet den et tykkere panser. Med en forst\u00e6rket aluminiumskonstruktion er Club versionen p\u00e5 145 x 145 cm ideel til timevis af tr\u00e6ningssessioner og individual udvikling i klubber, skoler og akademier. Den kan nemt flyttes rundt p\u00e5 tr\u00e6ningsanl\u00e6gget.<\/p>\n","protected":false},"excerpt":{"rendered":"<p>m-station Talent og m-trainer app\u00b4en er det eneste tr\u00e6ningssystem<br \/>\ni verden, der m\u00e5ler fodboldspilleres tekniske evner.<br \/>\nRygraden i systemet er tr\u00e6ningsredskabet m-station Talent, der<br \/>\nbliver brugt i nogle af verdens st\u00f8rste klubber.<br \/>\nHjernen i systemet er den revolutionerende m-trainer app, der<br \/>\nforvandler din smartphone til din egen personlige tekniktr\u00e6ner.<\/p>\n","protected":false},"featured_media":19087,"comment_status":"open","ping_status":"closed","template":"","meta":{"_mi_skip_tracking":false},"product_cat":[98],"product_tag":[],"bundled_by":[],"bundle_stock_status":"instock","bundle_stock_quantity":null,"bundle_virtual":false,"bundle_layout":"","bundle_add_to_cart_form_location":"","bundle_editable_in_cart":false,"bundle_sold_individually_context":"","bundle_item_grouping":"","bundle_min_size":"","bundle_max_size":"","bundled_items":[],"bundle_sell_ids":[],"acf":[],"yoast_head":"<!-- This site is optimized with the Yoast SEO plugin v19.6.1 - https:\/\/yoast.com\/wordpress\/plugins\/seo\/ -->\n<title>Den bedste fodboldtrampolin til selvtr\u00e6ning | Munin Sports<\/title>\n<meta name=\"description\" content=\"M-Station Talent er, sammen med MuninPlay app&#039;en, det eneste tr\u00e6ningssystem i verden, der m\u00e5ler tekniske evner i fodbold - bruges af de st\u00f8rste klubber.\" \/>\n<meta name=\"robots\" content=\"index, follow, max-snippet:-1, max-image-preview:large, max-video-preview:-1\" \/>\n<link rel=\"canonical\" href=\"https:\/\/old.muninsports.com\/da\/produkt\/m-station-club\/\" \/>\n<meta property=\"og:locale\" content=\"da_DK\" \/>\n<meta property=\"og:type\" content=\"article\" \/>\n<meta property=\"og:title\" content=\"Den bedste fodboldtrampolin til selvtr\u00e6ning | Munin Sports\" \/>\n<meta property=\"og:description\" content=\"M-Station Talent er, sammen med MuninPlay app&#039;en, det eneste tr\u00e6ningssystem i verden, der m\u00e5ler tekniske evner i fodbold - bruges af de st\u00f8rste klubber.\" \/>\n<meta property=\"og:url\" content=\"https:\/\/old.muninsports.com\/da\/produkt\/m-station-club\/\" \/>\n<meta property=\"og:site_name\" content=\"Munin Sports\" \/>\n<meta property=\"article:modified_time\" content=\"2023-07-06T11:04:51+00:00\" \/>\n<meta property=\"og:image\" content=\"https:\/\/old.muninsports.com\/wp-content\/uploads\/m-station-Talent-Club-rebounder-1.png\" \/>\n\t<meta property=\"og:image:width\" content=\"800\" \/>\n\t<meta property=\"og:image:height\" content=\"800\" \/>\n\t<meta property=\"og:image:type\" content=\"image\/png\" \/>\n<meta name=\"twitter:label1\" content=\"Estimeret l\u00e6setid\" \/>\n\t<meta name=\"twitter:data1\" content=\"1 minut\" \/>\n<script type=\"application\/ld+json\" class=\"yoast-schema-graph\">{\"@context\":\"https:\/\/schema.org\",\"@graph\":[{\"@type\":\"WebPage\",\"@id\":\"https:\/\/old.muninsports.com\/da\/produkt\/m-station-club\/\",\"url\":\"https:\/\/old.muninsports.com\/da\/produkt\/m-station-club\/\",\"name\":\"Den bedste fodboldtrampolin til selvtr\u00e6ning | Munin Sports\",\"isPartOf\":{\"@id\":\"https:\/\/old.muninsports.com\/eur\/#website\"},\"datePublished\":\"2016-05-09T21:00:53+00:00\",\"dateModified\":\"2023-07-06T11:04:51+00:00\",\"description\":\"M-Station Talent er, sammen med MuninPlay app'en, det eneste tr\u00e6ningssystem i verden, der m\u00e5ler tekniske evner i fodbold - bruges af de st\u00f8rste klubber.\",\"breadcrumb\":{\"@id\":\"https:\/\/old.muninsports.com\/da\/produkt\/m-station-club\/#breadcrumb\"},\"inLanguage\":\"da-DK\",\"potentialAction\":[{\"@type\":\"ReadAction\",\"target\":[\"https:\/\/old.muninsports.com\/da\/produkt\/m-station-club\/\"]}]},{\"@type\":\"BreadcrumbList\",\"@id\":\"https:\/\/old.muninsports.com\/da\/produkt\/m-station-club\/#breadcrumb\",\"itemListElement\":[{\"@type\":\"ListItem\",\"position\":1,\"name\":\"Home\",\"item\":\"https:\/\/old.muninsports.com\/da\/\"},{\"@type\":\"ListItem\",\"position\":2,\"name\":\"Online shop\",\"item\":\"https:\/\/old.muninsports.com\/da\/online-shop\/\"},{\"@type\":\"ListItem\",\"position\":3,\"name\":\"m-station Club\"}]},{\"@type\":\"WebSite\",\"@id\":\"https:\/\/old.muninsports.com\/eur\/#website\",\"url\":\"https:\/\/old.muninsports.com\/eur\/\",\"name\":\"Munin Sports\",\"description\":\"\",\"potentialAction\":[{\"@type\":\"SearchAction\",\"target\":{\"@type\":\"EntryPoint\",\"urlTemplate\":\"https:\/\/old.muninsports.com\/eur\/?s={search_term_string}\"},\"query-input\":\"required name=search_term_string\"}],\"inLanguage\":\"da-DK\"}]}<\/script>\n<!-- \/ Yoast SEO plugin. -->","yoast_head_json":{"title":"Den bedste fodboldtrampolin til selvtr\u00e6ning | Munin Sports","description":"M-Station Talent er, sammen med MuninPlay app'en, det eneste tr\u00e6ningssystem i verden, der m\u00e5ler tekniske evner i fodbold - bruges af de st\u00f8rste klubber.","robots":{"index":"index","follow":"follow","max-snippet":"max-snippet:-1","max-image-preview":"max-image-preview:large","max-video-preview":"max-video-preview:-1"},"canonical":"https:\/\/old.muninsports.com\/da\/produkt\/m-station-club\/","og_locale":"da_DK","og_type":"article","og_title":"Den bedste fodboldtrampolin til selvtr\u00e6ning | Munin Sports","og_description":"M-Station Talent er, sammen med MuninPlay app'en, det eneste tr\u00e6ningssystem i verden, der m\u00e5ler tekniske evner i fodbold - bruges af de st\u00f8rste klubber.","og_url":"https:\/\/old.muninsports.com\/da\/produkt\/m-station-club\/","og_site_name":"Munin Sports","article_modified_time":"2023-07-06T11:04:51+00:00","og_image":[{"width":800,"height":800,"url":"https:\/\/old.muninsports.com\/wp-content\/uploads\/m-station-Talent-Club-rebounder-1.png","type":"image\/png"}],"twitter_misc":{"Estimeret l\u00e6setid":"1 minut"},"schema":{"@context":"https:\/\/schema.org","@graph":[{"@type":"WebPage","@id":"https:\/\/old.muninsports.com\/da\/produkt\/m-station-club\/","url":"https:\/\/old.muninsports.com\/da\/produkt\/m-station-club\/","name":"Den bedste fodboldtrampolin til selvtr\u00e6ning | Munin Sports","isPartOf":{"@id":"https:\/\/old.muninsports.com\/eur\/#website"},"datePublished":"2016-05-09T21:00:53+00:00","dateModified":"2023-07-06T11:04:51+00:00","description":"M-Station Talent er, sammen med MuninPlay app'en, det eneste tr\u00e6ningssystem i verden, der m\u00e5ler tekniske evner i fodbold - bruges af de st\u00f8rste klubber.","breadcrumb":{"@id":"https:\/\/old.muninsports.com\/da\/produkt\/m-station-club\/#breadcrumb"},"inLanguage":"da-DK","potentialAction":[{"@type":"ReadAction","target":["https:\/\/old.muninsports.com\/da\/produkt\/m-station-club\/"]}]},{"@type":"BreadcrumbList","@id":"https:\/\/old.muninsports.com\/da\/produkt\/m-station-club\/#breadcrumb","itemListElement":[{"@type":"ListItem","position":1,"name":"Home","item":"https:\/\/old.muninsports.com\/da\/"},{"@type":"ListItem","position":2,"name":"Online shop","item":"https:\/\/old.muninsports.com\/da\/online-shop\/"},{"@type":"ListItem","position":3,"name":"m-station Club"}]},{"@type":"WebSite","@id":"https:\/\/old.muninsports.com\/eur\/#website","url":"https:\/\/old.muninsports.com\/eur\/","name":"Munin Sports","description":"","potentialAction":[{"@type":"SearchAction","target":{"@type":"EntryPoint","urlTemplate":"https:\/\/old.muninsports.com\/eur\/?s={search_term_string}"},"query-input":"required name=search_term_string"}],"inLanguage":"da-DK"}]}},"_links":{"self":[{"href":"https:\/\/old.muninsports.com\/da\/wp-json\/wp\/v2\/product\/15577"}],"collection":[{"href":"https:\/\/old.muninsports.com\/da\/wp-json\/wp\/v2\/product"}],"about":[{"href":"https:\/\/old.muninsports.com\/da\/wp-json\/wp\/v2\/types\/product"}],"replies":[{"embeddable":true,"href":"https:\/\/old.muninsports.com\/da\/wp-json\/wp\/v2\/comments?post=15577"}],"wp:featuredmedia":[{"embeddable":true,"href":"https:\/\/old.muninsports.com\/da\/wp-json\/wp\/v2\/media\/19087"}],"wp:attachment":[{"href":"https:\/\/old.muninsports.com\/da\/wp-json\/wp\/v2\/media?parent=15577"}],"wp:term":[{"taxonomy":"product_cat","embeddable":true,"href":"https:\/\/old.muninsports.com\/da\/wp-json\/wp\/v2\/product_cat?post=15577"},{"taxonomy":"product_tag","embeddable":true,"href":"https:\/\/old.muninsports.com\/da\/wp-json\/wp\/v2\/product_tag?post=15577"}],"curies":[{"name":"wp","href":"https:\/\/api.w.org\/{rel}","templated":true}]}}