{"id":22377,"date":"2016-12-12T17:04:46","date_gmt":"2016-12-12T16:04:46","guid":{"rendered":"https:\/\/muninsports.com\/da\/produkt\/m-station-talent-basic-gavekort\/"},"modified":"2016-12-19T17:51:54","modified_gmt":"2016-12-19T16:51:54","slug":"m-station-talent-basic-gavekort","status":"publish","type":"product","link":"https:\/\/old.muninsports.com\/da\/produkt\/m-station-talent-basic-gavekort\/","title":{"rendered":"m-station Talent Basic \u2013 Gavekort"},"content":{"rendered":"<h1><span data-sheets-value=\"[null,2,&quot;DET PERFEKTE M\\u00c5L TIL HAVEN&quot;]\" data-sheets-userformat=\"[null,null,9093,[null,0],null,[null,[[null,2,0,null,null,[null,2,0]],[null,0,0,3],[null,1,0,null,1]]],null,null,null,null,0,1,0,null,null,null,10]\">DEN PERFEKTE GAVE TIL FODBOLD-TALENTET<\/span><\/h1>\n<p>Munin Sports Gavekort er en enkel og praktisk m\u00e5de at give en gave fra muninsports.com.\u00a0Gavekortet bliver straks leveret, klar til at blive printet og givet som gave. L\u00e6s vilk\u00e5r og betingelser <strong><a href=\"https:\/\/old.muninsports.com\/da\/munin-sports-gift-vouchers\/\" target=\"_blank\">her<\/a><\/strong>.<\/p>\n<p><strong>S\u00e5dan virker det<\/strong><br \/>\n1. Tilf\u00f8j\u00a0gavekortet til kurven og betal i kassen.<br \/>\n2. Du modtager gavekortet direkte i din e-mail indbakke.<br \/>\n3. Print gavekortet\u00a0og giv gaven.<br \/>\n4. Gavekortet indl\u00f8ses ved at indtaste rabatkoden i kurven.<\/p>\n","protected":false},"excerpt":{"rendered":"<p>DEN PERFEKTE GAVE TIL FODBOLD-TALENTET Munin Sports Gavekort er en enkel og praktisk m\u00e5de at give en gave fra muninsports.com.\u00a0Gavekortet bliver straks leveret, klar til at blive printet og givet som gave. L\u00e6s vilk\u00e5r og betingelser her. S\u00e5dan virker det 1. Tilf\u00f8j\u00a0gavekortet til kurven og betal i kassen. 2. Du modtager gavekortet direkte i din [&hellip;]<\/p>\n","protected":false},"featured_media":13531,"comment_status":"closed","ping_status":"closed","template":"","meta":{"_mi_skip_tracking":false},"product_cat":[492],"product_tag":[],"bundled_by":[],"bundle_stock_status":"outofstock","bundle_stock_quantity":null,"bundle_virtual":false,"bundle_layout":"","bundle_add_to_cart_form_location":"","bundle_editable_in_cart":false,"bundle_sold_individually_context":"","bundle_item_grouping":"","bundle_min_size":"","bundle_max_size":"","bundled_items":[],"bundle_sell_ids":[],"acf":[],"yoast_head":"<!-- This site is optimized with the Yoast SEO plugin v19.6.1 - https:\/\/yoast.com\/wordpress\/plugins\/seo\/ -->\n<title>m-station Talent Basic \u2013 Gavekort - Munin Sports<\/title>\n<meta name=\"robots\" content=\"index, follow, max-snippet:-1, max-image-preview:large, max-video-preview:-1\" \/>\n<link rel=\"canonical\" href=\"https:\/\/old.muninsports.com\/da\/produkt\/m-station-talent-basic-gavekort\/\" \/>\n<meta property=\"og:locale\" content=\"da_DK\" \/>\n<meta property=\"og:type\" content=\"article\" \/>\n<meta property=\"og:title\" content=\"m-station Talent Basic \u2013 Gavekort - Munin Sports\" \/>\n<meta property=\"og:description\" content=\"DEN PERFEKTE GAVE TIL FODBOLD-TALENTET Munin Sports Gavekort er en enkel og praktisk m\u00e5de at give en gave fra muninsports.com.\u00a0Gavekortet bliver straks leveret, klar til at blive printet og givet som gave. L\u00e6s vilk\u00e5r og betingelser her. S\u00e5dan virker det 1. Tilf\u00f8j\u00a0gavekortet til kurven og betal i kassen. 2. Du modtager gavekortet direkte i din [&hellip;]\" \/>\n<meta property=\"og:url\" content=\"https:\/\/old.muninsports.com\/da\/produkt\/m-station-talent-basic-gavekort\/\" \/>\n<meta property=\"og:site_name\" content=\"Munin Sports\" \/>\n<meta property=\"article:modified_time\" content=\"2016-12-19T16:51:54+00:00\" \/>\n<meta property=\"og:image\" content=\"https:\/\/old.muninsports.com\/wp-content\/uploads\/mstation-Munin-gift-voucher-800x800.png\" \/>\n\t<meta property=\"og:image:width\" content=\"800\" \/>\n\t<meta property=\"og:image:height\" content=\"800\" \/>\n\t<meta property=\"og:image:type\" content=\"image\/png\" \/>\n<script type=\"application\/ld+json\" class=\"yoast-schema-graph\">{\"@context\":\"https:\/\/schema.org\",\"@graph\":[{\"@type\":\"WebPage\",\"@id\":\"https:\/\/old.muninsports.com\/da\/produkt\/m-station-talent-basic-gavekort\/\",\"url\":\"https:\/\/old.muninsports.com\/da\/produkt\/m-station-talent-basic-gavekort\/\",\"name\":\"m-station Talent Basic \u2013 Gavekort - Munin Sports\",\"isPartOf\":{\"@id\":\"https:\/\/old.muninsports.com\/eur\/#website\"},\"datePublished\":\"2016-12-12T16:04:46+00:00\",\"dateModified\":\"2016-12-19T16:51:54+00:00\",\"breadcrumb\":{\"@id\":\"https:\/\/old.muninsports.com\/da\/produkt\/m-station-talent-basic-gavekort\/#breadcrumb\"},\"inLanguage\":\"da-DK\",\"potentialAction\":[{\"@type\":\"ReadAction\",\"target\":[\"https:\/\/old.muninsports.com\/da\/produkt\/m-station-talent-basic-gavekort\/\"]}]},{\"@type\":\"BreadcrumbList\",\"@id\":\"https:\/\/old.muninsports.com\/da\/produkt\/m-station-talent-basic-gavekort\/#breadcrumb\",\"itemListElement\":[{\"@type\":\"ListItem\",\"position\":1,\"name\":\"Home\",\"item\":\"https:\/\/old.muninsports.com\/da\/\"},{\"@type\":\"ListItem\",\"position\":2,\"name\":\"Online shop\",\"item\":\"https:\/\/old.muninsports.com\/da\/online-shop\/\"},{\"@type\":\"ListItem\",\"position\":3,\"name\":\"m-station Talent Basic \u2013 Gavekort\"}]},{\"@type\":\"WebSite\",\"@id\":\"https:\/\/old.muninsports.com\/eur\/#website\",\"url\":\"https:\/\/old.muninsports.com\/eur\/\",\"name\":\"Munin Sports\",\"description\":\"\",\"potentialAction\":[{\"@type\":\"SearchAction\",\"target\":{\"@type\":\"EntryPoint\",\"urlTemplate\":\"https:\/\/old.muninsports.com\/eur\/?s={search_term_string}\"},\"query-input\":\"required name=search_term_string\"}],\"inLanguage\":\"da-DK\"}]}<\/script>\n<!-- \/ Yoast SEO plugin. -->","yoast_head_json":{"title":"m-station Talent Basic \u2013 Gavekort - Munin Sports","robots":{"index":"index","follow":"follow","max-snippet":"max-snippet:-1","max-image-preview":"max-image-preview:large","max-video-preview":"max-video-preview:-1"},"canonical":"https:\/\/old.muninsports.com\/da\/produkt\/m-station-talent-basic-gavekort\/","og_locale":"da_DK","og_type":"article","og_title":"m-station Talent Basic \u2013 Gavekort - Munin Sports","og_description":"DEN PERFEKTE GAVE TIL FODBOLD-TALENTET Munin Sports Gavekort er en enkel og praktisk m\u00e5de at give en gave fra muninsports.com.\u00a0Gavekortet bliver straks leveret, klar til at blive printet og givet som gave. L\u00e6s vilk\u00e5r og betingelser her. S\u00e5dan virker det 1. Tilf\u00f8j\u00a0gavekortet til kurven og betal i kassen. 2. Du modtager gavekortet direkte i din [&hellip;]","og_url":"https:\/\/old.muninsports.com\/da\/produkt\/m-station-talent-basic-gavekort\/","og_site_name":"Munin Sports","article_modified_time":"2016-12-19T16:51:54+00:00","og_image":[{"width":800,"height":800,"url":"https:\/\/old.muninsports.com\/wp-content\/uploads\/mstation-Munin-gift-voucher-800x800.png","type":"image\/png"}],"schema":{"@context":"https:\/\/schema.org","@graph":[{"@type":"WebPage","@id":"https:\/\/old.muninsports.com\/da\/produkt\/m-station-talent-basic-gavekort\/","url":"https:\/\/old.muninsports.com\/da\/produkt\/m-station-talent-basic-gavekort\/","name":"m-station Talent Basic \u2013 Gavekort - Munin Sports","isPartOf":{"@id":"https:\/\/old.muninsports.com\/eur\/#website"},"datePublished":"2016-12-12T16:04:46+00:00","dateModified":"2016-12-19T16:51:54+00:00","breadcrumb":{"@id":"https:\/\/old.muninsports.com\/da\/produkt\/m-station-talent-basic-gavekort\/#breadcrumb"},"inLanguage":"da-DK","potentialAction":[{"@type":"ReadAction","target":["https:\/\/old.muninsports.com\/da\/produkt\/m-station-talent-basic-gavekort\/"]}]},{"@type":"BreadcrumbList","@id":"https:\/\/old.muninsports.com\/da\/produkt\/m-station-talent-basic-gavekort\/#breadcrumb","itemListElement":[{"@type":"ListItem","position":1,"name":"Home","item":"https:\/\/old.muninsports.com\/da\/"},{"@type":"ListItem","position":2,"name":"Online shop","item":"https:\/\/old.muninsports.com\/da\/online-shop\/"},{"@type":"ListItem","position":3,"name":"m-station Talent Basic \u2013 Gavekort"}]},{"@type":"WebSite","@id":"https:\/\/old.muninsports.com\/eur\/#website","url":"https:\/\/old.muninsports.com\/eur\/","name":"Munin Sports","description":"","potentialAction":[{"@type":"SearchAction","target":{"@type":"EntryPoint","urlTemplate":"https:\/\/old.muninsports.com\/eur\/?s={search_term_string}"},"query-input":"required name=search_term_string"}],"inLanguage":"da-DK"}]}},"_links":{"self":[{"href":"https:\/\/old.muninsports.com\/da\/wp-json\/wp\/v2\/product\/22377"}],"collection":[{"href":"https:\/\/old.muninsports.com\/da\/wp-json\/wp\/v2\/product"}],"about":[{"href":"https:\/\/old.muninsports.com\/da\/wp-json\/wp\/v2\/types\/product"}],"replies":[{"embeddable":true,"href":"https:\/\/old.muninsports.com\/da\/wp-json\/wp\/v2\/comments?post=22377"}],"wp:featuredmedia":[{"embeddable":true,"href":"https:\/\/old.muninsports.com\/da\/wp-json\/wp\/v2\/media\/13531"}],"wp:attachment":[{"href":"https:\/\/old.muninsports.com\/da\/wp-json\/wp\/v2\/media?parent=22377"}],"wp:term":[{"taxonomy":"product_cat","embeddable":true,"href":"https:\/\/old.muninsports.com\/da\/wp-json\/wp\/v2\/product_cat?post=22377"},{"taxonomy":"product_tag","embeddable":true,"href":"https:\/\/old.muninsports.com\/da\/wp-json\/wp\/v2\/product_tag?post=22377"}],"curies":[{"name":"wp","href":"https:\/\/api.w.org\/{rel}","templated":true}]}}