{"id":29082,"date":"2017-07-04T10:13:30","date_gmt":"2017-07-04T09:13:32","guid":{"rendered":"https:\/\/muninsports.com\/?post_type=product&#038;p=29082\/"},"modified":"2017-07-05T13:05:48","modified_gmt":"2017-07-05T12:05:48","slug":"select-markeringsmaattesaet","status":"publish","type":"product","link":"https:\/\/old.muninsports.com\/da\/produkt\/select-markeringsmaattesaet\/","title":{"rendered":"Select Markeringsm\u00e5ttes\u00e6t"},"content":{"rendered":"<p>S\u00e6t med 12 gule og 12 orange markeringsm\u00e5tter. Fremstillet i et skridsikkert gummimateriale.<\/p>\n","protected":false},"excerpt":{"rendered":"<p>S\u00e6t med 12 gule og 12 orange markeringsm\u00e5tter. Fremstillet i et skridsikkert gummimateriale.<\/p>\n","protected":false},"featured_media":25862,"comment_status":"closed","ping_status":"closed","template":"","meta":{"_mi_skip_tracking":false},"product_cat":[533],"product_tag":[],"bundled_by":[],"bundle_stock_status":"outofstock","bundle_stock_quantity":null,"bundle_virtual":false,"bundle_layout":"","bundle_add_to_cart_form_location":"","bundle_editable_in_cart":false,"bundle_sold_individually_context":"","bundle_item_grouping":"","bundle_min_size":"","bundle_max_size":"","bundled_items":[],"bundle_sell_ids":[],"acf":[],"yoast_head":"<!-- This site is optimized with the Yoast SEO plugin v19.6.1 - https:\/\/yoast.com\/wordpress\/plugins\/seo\/ -->\n<title>Select Markeringsm\u00e5ttes\u00e6t - Munin Sports<\/title>\n<meta name=\"robots\" content=\"index, follow, max-snippet:-1, max-image-preview:large, max-video-preview:-1\" \/>\n<link rel=\"canonical\" href=\"https:\/\/old.muninsports.com\/da\/produkt\/select-markeringsmaattesaet\/\" \/>\n<meta property=\"og:locale\" content=\"da_DK\" \/>\n<meta property=\"og:type\" content=\"article\" \/>\n<meta property=\"og:title\" content=\"Select Markeringsm\u00e5ttes\u00e6t - Munin Sports\" \/>\n<meta property=\"og:description\" content=\"S\u00e6t med 12 gule og 12 orange markeringsm\u00e5tter. Fremstillet i et skridsikkert gummimateriale.\" \/>\n<meta property=\"og:url\" content=\"https:\/\/old.muninsports.com\/da\/produkt\/select-markeringsmaattesaet\/\" \/>\n<meta property=\"og:site_name\" content=\"Munin Sports\" \/>\n<meta property=\"article:modified_time\" content=\"2017-07-05T12:05:48+00:00\" \/>\n<meta property=\"og:image\" content=\"https:\/\/old.muninsports.com\/wp-content\/uploads\/Marker-Mat-Set.png\" \/>\n\t<meta property=\"og:image:width\" content=\"800\" \/>\n\t<meta property=\"og:image:height\" content=\"800\" \/>\n\t<meta property=\"og:image:type\" content=\"image\/png\" \/>\n<script type=\"application\/ld+json\" class=\"yoast-schema-graph\">{\"@context\":\"https:\/\/schema.org\",\"@graph\":[{\"@type\":\"WebPage\",\"@id\":\"https:\/\/old.muninsports.com\/da\/produkt\/select-markeringsmaattesaet\/\",\"url\":\"https:\/\/old.muninsports.com\/da\/produkt\/select-markeringsmaattesaet\/\",\"name\":\"Select Markeringsm\u00e5ttes\u00e6t - Munin Sports\",\"isPartOf\":{\"@id\":\"https:\/\/old.muninsports.com\/eur\/#website\"},\"datePublished\":\"2017-07-04T09:13:32+00:00\",\"dateModified\":\"2017-07-05T12:05:48+00:00\",\"breadcrumb\":{\"@id\":\"https:\/\/old.muninsports.com\/da\/produkt\/select-markeringsmaattesaet\/#breadcrumb\"},\"inLanguage\":\"da-DK\",\"potentialAction\":[{\"@type\":\"ReadAction\",\"target\":[\"https:\/\/old.muninsports.com\/da\/produkt\/select-markeringsmaattesaet\/\"]}]},{\"@type\":\"BreadcrumbList\",\"@id\":\"https:\/\/old.muninsports.com\/da\/produkt\/select-markeringsmaattesaet\/#breadcrumb\",\"itemListElement\":[{\"@type\":\"ListItem\",\"position\":1,\"name\":\"Home\",\"item\":\"https:\/\/old.muninsports.com\/da\/\"},{\"@type\":\"ListItem\",\"position\":2,\"name\":\"Online shop\",\"item\":\"https:\/\/old.muninsports.com\/da\/online-shop\/\"},{\"@type\":\"ListItem\",\"position\":3,\"name\":\"Select Markeringsm\u00e5ttes\u00e6t\"}]},{\"@type\":\"WebSite\",\"@id\":\"https:\/\/old.muninsports.com\/eur\/#website\",\"url\":\"https:\/\/old.muninsports.com\/eur\/\",\"name\":\"Munin Sports\",\"description\":\"\",\"potentialAction\":[{\"@type\":\"SearchAction\",\"target\":{\"@type\":\"EntryPoint\",\"urlTemplate\":\"https:\/\/old.muninsports.com\/eur\/?s={search_term_string}\"},\"query-input\":\"required name=search_term_string\"}],\"inLanguage\":\"da-DK\"}]}<\/script>\n<!-- \/ Yoast SEO plugin. -->","yoast_head_json":{"title":"Select Markeringsm\u00e5ttes\u00e6t - Munin Sports","robots":{"index":"index","follow":"follow","max-snippet":"max-snippet:-1","max-image-preview":"max-image-preview:large","max-video-preview":"max-video-preview:-1"},"canonical":"https:\/\/old.muninsports.com\/da\/produkt\/select-markeringsmaattesaet\/","og_locale":"da_DK","og_type":"article","og_title":"Select Markeringsm\u00e5ttes\u00e6t - Munin Sports","og_description":"S\u00e6t med 12 gule og 12 orange markeringsm\u00e5tter. Fremstillet i et skridsikkert gummimateriale.","og_url":"https:\/\/old.muninsports.com\/da\/produkt\/select-markeringsmaattesaet\/","og_site_name":"Munin Sports","article_modified_time":"2017-07-05T12:05:48+00:00","og_image":[{"width":800,"height":800,"url":"https:\/\/old.muninsports.com\/wp-content\/uploads\/Marker-Mat-Set.png","type":"image\/png"}],"schema":{"@context":"https:\/\/schema.org","@graph":[{"@type":"WebPage","@id":"https:\/\/old.muninsports.com\/da\/produkt\/select-markeringsmaattesaet\/","url":"https:\/\/old.muninsports.com\/da\/produkt\/select-markeringsmaattesaet\/","name":"Select Markeringsm\u00e5ttes\u00e6t - Munin Sports","isPartOf":{"@id":"https:\/\/old.muninsports.com\/eur\/#website"},"datePublished":"2017-07-04T09:13:32+00:00","dateModified":"2017-07-05T12:05:48+00:00","breadcrumb":{"@id":"https:\/\/old.muninsports.com\/da\/produkt\/select-markeringsmaattesaet\/#breadcrumb"},"inLanguage":"da-DK","potentialAction":[{"@type":"ReadAction","target":["https:\/\/old.muninsports.com\/da\/produkt\/select-markeringsmaattesaet\/"]}]},{"@type":"BreadcrumbList","@id":"https:\/\/old.muninsports.com\/da\/produkt\/select-markeringsmaattesaet\/#breadcrumb","itemListElement":[{"@type":"ListItem","position":1,"name":"Home","item":"https:\/\/old.muninsports.com\/da\/"},{"@type":"ListItem","position":2,"name":"Online shop","item":"https:\/\/old.muninsports.com\/da\/online-shop\/"},{"@type":"ListItem","position":3,"name":"Select Markeringsm\u00e5ttes\u00e6t"}]},{"@type":"WebSite","@id":"https:\/\/old.muninsports.com\/eur\/#website","url":"https:\/\/old.muninsports.com\/eur\/","name":"Munin Sports","description":"","potentialAction":[{"@type":"SearchAction","target":{"@type":"EntryPoint","urlTemplate":"https:\/\/old.muninsports.com\/eur\/?s={search_term_string}"},"query-input":"required name=search_term_string"}],"inLanguage":"da-DK"}]}},"_links":{"self":[{"href":"https:\/\/old.muninsports.com\/da\/wp-json\/wp\/v2\/product\/29082"}],"collection":[{"href":"https:\/\/old.muninsports.com\/da\/wp-json\/wp\/v2\/product"}],"about":[{"href":"https:\/\/old.muninsports.com\/da\/wp-json\/wp\/v2\/types\/product"}],"replies":[{"embeddable":true,"href":"https:\/\/old.muninsports.com\/da\/wp-json\/wp\/v2\/comments?post=29082"}],"wp:featuredmedia":[{"embeddable":true,"href":"https:\/\/old.muninsports.com\/da\/wp-json\/wp\/v2\/media\/25862"}],"wp:attachment":[{"href":"https:\/\/old.muninsports.com\/da\/wp-json\/wp\/v2\/media?parent=29082"}],"wp:term":[{"taxonomy":"product_cat","embeddable":true,"href":"https:\/\/old.muninsports.com\/da\/wp-json\/wp\/v2\/product_cat?post=29082"},{"taxonomy":"product_tag","embeddable":true,"href":"https:\/\/old.muninsports.com\/da\/wp-json\/wp\/v2\/product_tag?post=29082"}],"curies":[{"name":"wp","href":"https:\/\/api.w.org\/{rel}","templated":true}]}}