{"id":32772,"date":"2017-11-10T13:06:35","date_gmt":"2017-11-10T12:06:35","guid":{"rendered":"https:\/\/muninsports.com\/product\/net-m-station-academy\/"},"modified":"2020-11-23T21:58:49","modified_gmt":"2020-11-23T20:58:49","slug":"net-m-station-talent","status":"publish","type":"product","link":"https:\/\/old.muninsports.com\/da\/produkt\/net-m-station-talent\/","title":{"rendered":"Net &#8211; m-station Talent"},"content":{"rendered":"<p>Nettet er specialdesignet og skabt til at blive ramt af fodbolde dag ud og dag ind. Skulle uheldet v\u00e6re ude, og nettet g\u00e5r i stykker kan du bestille et helt nyt net. Er det kun den ene streng der er g\u00e5et i stykker kan du n\u00f8jes med at k\u00f8be en ny streng. Strengen kan k\u00f8bes <a href=\"https:\/\/old.muninsports.com\/da\/produkt\/streng-m-station\/\">her<\/a>.<\/p>\n<p>Net til 145&#215;145 cm m-station Talent har 1,6mm strenge.<\/p>\n<p><strong>Montering<br \/>\n<\/strong>Nettet bliver leveret flettet og klar til montering. Se <a href=\"https:\/\/www.youtube.com\/watch?v=MATQWLXqDII&amp;t=9s\">monteringsvideoen<\/a> eller tjek <a href=\"https:\/\/old.muninsports.com\/wp-content\/uploads\/m-station-Talent_net_manual.pdf\">kapitel 5 i manulen<\/a>. T\u00f8v ikke med at <a href=\"https:\/\/old.muninsports.com\/da\/support\/kontakt\/\">kontakte os<\/a> hvis du har sp\u00f8rgsm\u00e5l.<\/p>\n","protected":false},"excerpt":{"rendered":"<p>Nettet er specialdesignet og skabt til at blive ramt af fodbolde dag ud og dag ind. Skulle uheldet v\u00e6re ude, og nettet g\u00e5r i stykker kan du bestille et helt nyt net. Er det kun den ene streng der er g\u00e5et i stykker kan du n\u00f8jes med at k\u00f8be en ny streng. Strengen kan k\u00f8bes [&hellip;]<\/p>\n","protected":false},"featured_media":27489,"comment_status":"closed","ping_status":"closed","template":"","meta":{"_mi_skip_tracking":false},"product_cat":[533],"product_tag":[],"bundled_by":[],"bundle_stock_status":"outofstock","bundle_stock_quantity":null,"bundle_virtual":false,"bundle_layout":"","bundle_add_to_cart_form_location":"","bundle_editable_in_cart":false,"bundle_sold_individually_context":"","bundle_item_grouping":"","bundle_min_size":"","bundle_max_size":"","bundled_items":[],"bundle_sell_ids":[],"acf":[],"yoast_head":"<!-- This site is optimized with the Yoast SEO plugin v19.6.1 - https:\/\/yoast.com\/wordpress\/plugins\/seo\/ -->\n<title>Net - m-station Talent - Munin Sports<\/title>\n<meta name=\"robots\" content=\"index, follow, max-snippet:-1, max-image-preview:large, max-video-preview:-1\" \/>\n<link rel=\"canonical\" href=\"https:\/\/old.muninsports.com\/da\/produkt\/net-m-station-talent\/\" \/>\n<meta property=\"og:locale\" content=\"da_DK\" \/>\n<meta property=\"og:type\" content=\"article\" \/>\n<meta property=\"og:title\" content=\"Net - m-station Talent - Munin Sports\" \/>\n<meta property=\"og:description\" content=\"Nettet er specialdesignet og skabt til at blive ramt af fodbolde dag ud og dag ind. Skulle uheldet v\u00e6re ude, og nettet g\u00e5r i stykker kan du bestille et helt nyt net. Er det kun den ene streng der er g\u00e5et i stykker kan du n\u00f8jes med at k\u00f8be en ny streng. Strengen kan k\u00f8bes [&hellip;]\" \/>\n<meta property=\"og:url\" content=\"https:\/\/old.muninsports.com\/da\/produkt\/net-m-station-talent\/\" \/>\n<meta property=\"og:site_name\" content=\"Munin Sports\" \/>\n<meta property=\"article:modified_time\" content=\"2020-11-23T20:58:49+00:00\" \/>\n<meta property=\"og:image\" content=\"https:\/\/old.muninsports.com\/wp-content\/uploads\/800x800_website_m-station_net_Compressed-1.png\" \/>\n\t<meta property=\"og:image:width\" content=\"800\" \/>\n\t<meta property=\"og:image:height\" content=\"800\" \/>\n\t<meta property=\"og:image:type\" content=\"image\/png\" \/>\n<meta name=\"twitter:label1\" content=\"Estimeret l\u00e6setid\" \/>\n\t<meta name=\"twitter:data1\" content=\"1 minut\" \/>\n<script type=\"application\/ld+json\" class=\"yoast-schema-graph\">{\"@context\":\"https:\/\/schema.org\",\"@graph\":[{\"@type\":\"WebPage\",\"@id\":\"https:\/\/old.muninsports.com\/da\/produkt\/net-m-station-talent\/\",\"url\":\"https:\/\/old.muninsports.com\/da\/produkt\/net-m-station-talent\/\",\"name\":\"Net - m-station Talent - Munin Sports\",\"isPartOf\":{\"@id\":\"https:\/\/old.muninsports.com\/eur\/#website\"},\"datePublished\":\"2017-11-10T12:06:35+00:00\",\"dateModified\":\"2020-11-23T20:58:49+00:00\",\"breadcrumb\":{\"@id\":\"https:\/\/old.muninsports.com\/da\/produkt\/net-m-station-talent\/#breadcrumb\"},\"inLanguage\":\"da-DK\",\"potentialAction\":[{\"@type\":\"ReadAction\",\"target\":[\"https:\/\/old.muninsports.com\/da\/produkt\/net-m-station-talent\/\"]}]},{\"@type\":\"BreadcrumbList\",\"@id\":\"https:\/\/old.muninsports.com\/da\/produkt\/net-m-station-talent\/#breadcrumb\",\"itemListElement\":[{\"@type\":\"ListItem\",\"position\":1,\"name\":\"Home\",\"item\":\"https:\/\/old.muninsports.com\/da\/\"},{\"@type\":\"ListItem\",\"position\":2,\"name\":\"Online shop\",\"item\":\"https:\/\/old.muninsports.com\/da\/online-shop\/\"},{\"@type\":\"ListItem\",\"position\":3,\"name\":\"Net &#8211; m-station Talent\"}]},{\"@type\":\"WebSite\",\"@id\":\"https:\/\/old.muninsports.com\/eur\/#website\",\"url\":\"https:\/\/old.muninsports.com\/eur\/\",\"name\":\"Munin Sports\",\"description\":\"\",\"potentialAction\":[{\"@type\":\"SearchAction\",\"target\":{\"@type\":\"EntryPoint\",\"urlTemplate\":\"https:\/\/old.muninsports.com\/eur\/?s={search_term_string}\"},\"query-input\":\"required name=search_term_string\"}],\"inLanguage\":\"da-DK\"}]}<\/script>\n<!-- \/ Yoast SEO plugin. -->","yoast_head_json":{"title":"Net - m-station Talent - Munin Sports","robots":{"index":"index","follow":"follow","max-snippet":"max-snippet:-1","max-image-preview":"max-image-preview:large","max-video-preview":"max-video-preview:-1"},"canonical":"https:\/\/old.muninsports.com\/da\/produkt\/net-m-station-talent\/","og_locale":"da_DK","og_type":"article","og_title":"Net - m-station Talent - Munin Sports","og_description":"Nettet er specialdesignet og skabt til at blive ramt af fodbolde dag ud og dag ind. Skulle uheldet v\u00e6re ude, og nettet g\u00e5r i stykker kan du bestille et helt nyt net. Er det kun den ene streng der er g\u00e5et i stykker kan du n\u00f8jes med at k\u00f8be en ny streng. Strengen kan k\u00f8bes [&hellip;]","og_url":"https:\/\/old.muninsports.com\/da\/produkt\/net-m-station-talent\/","og_site_name":"Munin Sports","article_modified_time":"2020-11-23T20:58:49+00:00","og_image":[{"width":800,"height":800,"url":"https:\/\/old.muninsports.com\/wp-content\/uploads\/800x800_website_m-station_net_Compressed-1.png","type":"image\/png"}],"twitter_misc":{"Estimeret l\u00e6setid":"1 minut"},"schema":{"@context":"https:\/\/schema.org","@graph":[{"@type":"WebPage","@id":"https:\/\/old.muninsports.com\/da\/produkt\/net-m-station-talent\/","url":"https:\/\/old.muninsports.com\/da\/produkt\/net-m-station-talent\/","name":"Net - m-station Talent - Munin Sports","isPartOf":{"@id":"https:\/\/old.muninsports.com\/eur\/#website"},"datePublished":"2017-11-10T12:06:35+00:00","dateModified":"2020-11-23T20:58:49+00:00","breadcrumb":{"@id":"https:\/\/old.muninsports.com\/da\/produkt\/net-m-station-talent\/#breadcrumb"},"inLanguage":"da-DK","potentialAction":[{"@type":"ReadAction","target":["https:\/\/old.muninsports.com\/da\/produkt\/net-m-station-talent\/"]}]},{"@type":"BreadcrumbList","@id":"https:\/\/old.muninsports.com\/da\/produkt\/net-m-station-talent\/#breadcrumb","itemListElement":[{"@type":"ListItem","position":1,"name":"Home","item":"https:\/\/old.muninsports.com\/da\/"},{"@type":"ListItem","position":2,"name":"Online shop","item":"https:\/\/old.muninsports.com\/da\/online-shop\/"},{"@type":"ListItem","position":3,"name":"Net &#8211; m-station Talent"}]},{"@type":"WebSite","@id":"https:\/\/old.muninsports.com\/eur\/#website","url":"https:\/\/old.muninsports.com\/eur\/","name":"Munin Sports","description":"","potentialAction":[{"@type":"SearchAction","target":{"@type":"EntryPoint","urlTemplate":"https:\/\/old.muninsports.com\/eur\/?s={search_term_string}"},"query-input":"required name=search_term_string"}],"inLanguage":"da-DK"}]}},"_links":{"self":[{"href":"https:\/\/old.muninsports.com\/da\/wp-json\/wp\/v2\/product\/32772"}],"collection":[{"href":"https:\/\/old.muninsports.com\/da\/wp-json\/wp\/v2\/product"}],"about":[{"href":"https:\/\/old.muninsports.com\/da\/wp-json\/wp\/v2\/types\/product"}],"replies":[{"embeddable":true,"href":"https:\/\/old.muninsports.com\/da\/wp-json\/wp\/v2\/comments?post=32772"}],"wp:featuredmedia":[{"embeddable":true,"href":"https:\/\/old.muninsports.com\/da\/wp-json\/wp\/v2\/media\/27489"}],"wp:attachment":[{"href":"https:\/\/old.muninsports.com\/da\/wp-json\/wp\/v2\/media?parent=32772"}],"wp:term":[{"taxonomy":"product_cat","embeddable":true,"href":"https:\/\/old.muninsports.com\/da\/wp-json\/wp\/v2\/product_cat?post=32772"},{"taxonomy":"product_tag","embeddable":true,"href":"https:\/\/old.muninsports.com\/da\/wp-json\/wp\/v2\/product_tag?post=32772"}],"curies":[{"name":"wp","href":"https:\/\/api.w.org\/{rel}","templated":true}]}}