{"id":37330,"date":"2018-01-18T14:32:22","date_gmt":"2018-01-18T13:32:23","guid":{"rendered":"https:\/\/muninsports.com\/?post_type=product&#038;p=37330"},"modified":"2023-05-23T14:07:16","modified_gmt":"2023-05-23T13:07:16","slug":"strings-m-station-europe","status":"publish","type":"product","link":"https:\/\/old.muninsports.com\/da\/produkt\/strings-m-station-europe\/","title":{"rendered":"Streng &#8211; m-station"},"content":{"rendered":"<p><a href=\"https:\/\/old.muninsports.com\/da\/produkt\/net-m-station-europe\/\">Nettet<\/a> p\u00e5 din m-station udg\u00f8res af to specialdesignede strenge, en vandret og en lodret, der er skabt til at blive ramt af fodbolde dag ud og dag ind.<\/p>\n<p><strong>VIGTIGT!\u00a0L\u00e6s dette ind inden du k\u00f8ber<br \/>\n<\/strong>Skulle uheldet v\u00e6re ude, og \u00e9n af strengene (enten den horisontale eller vertikale) g\u00e5r i stykker kan du bestille en ny her.<br \/>\nAlt efter hvor gamle strengene er, kan det dog v\u00e6re en god id\u00e9 at skifte <a href=\"https:\/\/old.muninsports.com\/da\/produkt\/net-m-station-europe\/\">hele nettet<\/a>. Skulle begge strenge tr\u00e6nge til udskiftning er det ogs\u00e5 den l\u00f8sning du skal g\u00e5 efter. Et komplet nyt net kan k\u00f8bes <a href=\"https:\/\/old.muninsports.com\/da\/produkt\/net-m-station-europe\/\">her<\/a>.<\/p>\n<p><strong>V\u00e6lg streng til m-station<br \/>\n<\/strong>Hvis du kun har brug for \u00e9n erstatningsstreng, s\u00e5 tjek hvilken m-station du har, inden du i rullemenuen nedenfor v\u00e6lger den streng, der kr\u00e6ves til din specifikke m-station model.<strong><br \/>\n<\/strong><\/p>\n<ul>\n<li>Strenge s\u00e6t (1,6mm) til 100x100cm m-station P10. Indeholder to lange og to korte strenge (295 DKK)<\/li>\n<li>1x Streng (1,6mm) til 145x145cm m-station Talent (295 DKK)<\/li>\n<li>1x Streng (1,8mm) til 145x145cm m-station Club (395 DKK)<\/li>\n<li>1x Streng (1,8mm) til 200x200cm m-station Academy (595 DKK)<\/li>\n<\/ul>\n<p><strong>Montering<br \/>\n<\/strong>Strengen bliver leveret klar til montering, og du kan se hvordan den s\u00e6ttes p\u00e5 l\u00e6ngere nede p\u00e5 siden eller <span style=\"text-decoration: underline;\"><a href=\"https:\/\/www.youtube.com\/watch?v=TR_vGjpTQa8\" target=\"_blank\" rel=\"noopener noreferrer\">her<\/a><\/span>.<\/p>\n","protected":false},"excerpt":{"rendered":"<p>Nettet p\u00e5 din m-station udg\u00f8res af to specialdesignede strenge, en vandret og en lodret, der er skabt til at blive ramt af fodbolde dag ud og dag ind. VIGTIGT!\u00a0L\u00e6s dette ind inden du k\u00f8ber Skulle uheldet v\u00e6re ude, og \u00e9n af strengene (enten den horisontale eller vertikale) g\u00e5r i stykker kan du bestille en ny [&hellip;]<\/p>\n","protected":false},"featured_media":22421,"comment_status":"closed","ping_status":"closed","template":"","meta":{"_mi_skip_tracking":false},"product_cat":[528,533],"product_tag":[],"bundled_by":[],"bundle_stock_status":"instock","bundle_stock_quantity":null,"bundle_virtual":false,"bundle_layout":"","bundle_add_to_cart_form_location":"","bundle_editable_in_cart":false,"bundle_sold_individually_context":"","bundle_item_grouping":"","bundle_min_size":"","bundle_max_size":"","bundled_items":[],"bundle_sell_ids":[],"acf":[],"yoast_head":"<!-- This site is optimized with the Yoast SEO plugin v19.6.1 - https:\/\/yoast.com\/wordpress\/plugins\/seo\/ -->\n<title>Streng - m-station - Munin Sports<\/title>\n<meta name=\"robots\" content=\"index, follow, max-snippet:-1, max-image-preview:large, max-video-preview:-1\" \/>\n<link rel=\"canonical\" href=\"https:\/\/old.muninsports.com\/da\/produkt\/strings-m-station-europe\/\" \/>\n<meta property=\"og:locale\" content=\"da_DK\" \/>\n<meta property=\"og:type\" content=\"article\" \/>\n<meta property=\"og:title\" content=\"Streng - m-station - Munin Sports\" \/>\n<meta property=\"og:description\" content=\"Nettet p\u00e5 din m-station udg\u00f8res af to specialdesignede strenge, en vandret og en lodret, der er skabt til at blive ramt af fodbolde dag ud og dag ind. VIGTIGT!\u00a0L\u00e6s dette ind inden du k\u00f8ber Skulle uheldet v\u00e6re ude, og \u00e9n af strengene (enten den horisontale eller vertikale) g\u00e5r i stykker kan du bestille en ny [&hellip;]\" \/>\n<meta property=\"og:url\" content=\"https:\/\/old.muninsports.com\/da\/produkt\/strings-m-station-europe\/\" \/>\n<meta property=\"og:site_name\" content=\"Munin Sports\" \/>\n<meta property=\"article:modified_time\" content=\"2023-05-23T13:07:16+00:00\" \/>\n<meta property=\"og:image\" content=\"https:\/\/old.muninsports.com\/wp-content\/uploads\/800x800_website_m-station_string_compressed.png\" \/>\n\t<meta property=\"og:image:width\" content=\"800\" \/>\n\t<meta property=\"og:image:height\" content=\"800\" \/>\n\t<meta property=\"og:image:type\" content=\"image\/png\" \/>\n<meta name=\"twitter:label1\" content=\"Estimeret l\u00e6setid\" \/>\n\t<meta name=\"twitter:data1\" content=\"1 minut\" \/>\n<script type=\"application\/ld+json\" class=\"yoast-schema-graph\">{\"@context\":\"https:\/\/schema.org\",\"@graph\":[{\"@type\":\"WebPage\",\"@id\":\"https:\/\/old.muninsports.com\/da\/produkt\/strings-m-station-europe\/\",\"url\":\"https:\/\/old.muninsports.com\/da\/produkt\/strings-m-station-europe\/\",\"name\":\"Streng - m-station - Munin Sports\",\"isPartOf\":{\"@id\":\"https:\/\/old.muninsports.com\/eur\/#website\"},\"datePublished\":\"2018-01-18T13:32:23+00:00\",\"dateModified\":\"2023-05-23T13:07:16+00:00\",\"breadcrumb\":{\"@id\":\"https:\/\/old.muninsports.com\/da\/produkt\/strings-m-station-europe\/#breadcrumb\"},\"inLanguage\":\"da-DK\",\"potentialAction\":[{\"@type\":\"ReadAction\",\"target\":[\"https:\/\/old.muninsports.com\/da\/produkt\/strings-m-station-europe\/\"]}]},{\"@type\":\"BreadcrumbList\",\"@id\":\"https:\/\/old.muninsports.com\/da\/produkt\/strings-m-station-europe\/#breadcrumb\",\"itemListElement\":[{\"@type\":\"ListItem\",\"position\":1,\"name\":\"Home\",\"item\":\"https:\/\/old.muninsports.com\/da\/\"},{\"@type\":\"ListItem\",\"position\":2,\"name\":\"Online shop\",\"item\":\"https:\/\/old.muninsports.com\/da\/online-shop\/\"},{\"@type\":\"ListItem\",\"position\":3,\"name\":\"Streng &#8211; m-station\"}]},{\"@type\":\"WebSite\",\"@id\":\"https:\/\/old.muninsports.com\/eur\/#website\",\"url\":\"https:\/\/old.muninsports.com\/eur\/\",\"name\":\"Munin Sports\",\"description\":\"\",\"potentialAction\":[{\"@type\":\"SearchAction\",\"target\":{\"@type\":\"EntryPoint\",\"urlTemplate\":\"https:\/\/old.muninsports.com\/eur\/?s={search_term_string}\"},\"query-input\":\"required name=search_term_string\"}],\"inLanguage\":\"da-DK\"}]}<\/script>\n<!-- \/ Yoast SEO plugin. -->","yoast_head_json":{"title":"Streng - m-station - Munin Sports","robots":{"index":"index","follow":"follow","max-snippet":"max-snippet:-1","max-image-preview":"max-image-preview:large","max-video-preview":"max-video-preview:-1"},"canonical":"https:\/\/old.muninsports.com\/da\/produkt\/strings-m-station-europe\/","og_locale":"da_DK","og_type":"article","og_title":"Streng - m-station - Munin Sports","og_description":"Nettet p\u00e5 din m-station udg\u00f8res af to specialdesignede strenge, en vandret og en lodret, der er skabt til at blive ramt af fodbolde dag ud og dag ind. VIGTIGT!\u00a0L\u00e6s dette ind inden du k\u00f8ber Skulle uheldet v\u00e6re ude, og \u00e9n af strengene (enten den horisontale eller vertikale) g\u00e5r i stykker kan du bestille en ny [&hellip;]","og_url":"https:\/\/old.muninsports.com\/da\/produkt\/strings-m-station-europe\/","og_site_name":"Munin Sports","article_modified_time":"2023-05-23T13:07:16+00:00","og_image":[{"width":800,"height":800,"url":"https:\/\/old.muninsports.com\/wp-content\/uploads\/800x800_website_m-station_string_compressed.png","type":"image\/png"}],"twitter_misc":{"Estimeret l\u00e6setid":"1 minut"},"schema":{"@context":"https:\/\/schema.org","@graph":[{"@type":"WebPage","@id":"https:\/\/old.muninsports.com\/da\/produkt\/strings-m-station-europe\/","url":"https:\/\/old.muninsports.com\/da\/produkt\/strings-m-station-europe\/","name":"Streng - m-station - Munin Sports","isPartOf":{"@id":"https:\/\/old.muninsports.com\/eur\/#website"},"datePublished":"2018-01-18T13:32:23+00:00","dateModified":"2023-05-23T13:07:16+00:00","breadcrumb":{"@id":"https:\/\/old.muninsports.com\/da\/produkt\/strings-m-station-europe\/#breadcrumb"},"inLanguage":"da-DK","potentialAction":[{"@type":"ReadAction","target":["https:\/\/old.muninsports.com\/da\/produkt\/strings-m-station-europe\/"]}]},{"@type":"BreadcrumbList","@id":"https:\/\/old.muninsports.com\/da\/produkt\/strings-m-station-europe\/#breadcrumb","itemListElement":[{"@type":"ListItem","position":1,"name":"Home","item":"https:\/\/old.muninsports.com\/da\/"},{"@type":"ListItem","position":2,"name":"Online shop","item":"https:\/\/old.muninsports.com\/da\/online-shop\/"},{"@type":"ListItem","position":3,"name":"Streng &#8211; m-station"}]},{"@type":"WebSite","@id":"https:\/\/old.muninsports.com\/eur\/#website","url":"https:\/\/old.muninsports.com\/eur\/","name":"Munin Sports","description":"","potentialAction":[{"@type":"SearchAction","target":{"@type":"EntryPoint","urlTemplate":"https:\/\/old.muninsports.com\/eur\/?s={search_term_string}"},"query-input":"required name=search_term_string"}],"inLanguage":"da-DK"}]}},"_links":{"self":[{"href":"https:\/\/old.muninsports.com\/da\/wp-json\/wp\/v2\/product\/37330"}],"collection":[{"href":"https:\/\/old.muninsports.com\/da\/wp-json\/wp\/v2\/product"}],"about":[{"href":"https:\/\/old.muninsports.com\/da\/wp-json\/wp\/v2\/types\/product"}],"replies":[{"embeddable":true,"href":"https:\/\/old.muninsports.com\/da\/wp-json\/wp\/v2\/comments?post=37330"}],"wp:featuredmedia":[{"embeddable":true,"href":"https:\/\/old.muninsports.com\/da\/wp-json\/wp\/v2\/media\/22421"}],"wp:attachment":[{"href":"https:\/\/old.muninsports.com\/da\/wp-json\/wp\/v2\/media?parent=37330"}],"wp:term":[{"taxonomy":"product_cat","embeddable":true,"href":"https:\/\/old.muninsports.com\/da\/wp-json\/wp\/v2\/product_cat?post=37330"},{"taxonomy":"product_tag","embeddable":true,"href":"https:\/\/old.muninsports.com\/da\/wp-json\/wp\/v2\/product_tag?post=37330"}],"curies":[{"name":"wp","href":"https:\/\/api.w.org\/{rel}","templated":true}]}}