{"id":46884,"date":"2020-05-11T19:29:44","date_gmt":"2020-05-11T18:29:46","guid":{"rendered":"https:\/\/muninsports.com\/?post_type=product&#038;p=46884"},"modified":"2022-10-12T15:37:01","modified_gmt":"2022-10-12T14:37:01","slug":"net-m-station-europe","status":"publish","type":"product","link":"https:\/\/old.muninsports.com\/da\/produkt\/net-m-station-europe\/","title":{"rendered":"Net &#8211; m-station"},"content":{"rendered":"<p>Nettet p\u00e5 din m-station udg\u00f8res af to specialdesignede strenge, en vandret og en lodret, der er skabt til at blive ramt af fodbolde dag ud og dag ind. Skulle uheldet v\u00e6re ude, og strengene g\u00e5r i stykker kan du bestille nyt her. Strengene leveres som et v\u00e6vet net og er klar til installation pr\u00e6cis som da du k\u00f8bte m-station.<br \/>\nEr det kun den ene streng, der er g\u00e5et i stykker er det ogs\u00e5 en mulighed blot at skifte den ene streng. Vi anbefaler dog at man skifter hele nettet. Strengen kan k\u00f8bes <a href=\"https:\/\/old.muninsports.com\/da\/produkt\/strings-m-station-europe\/\">her<\/a>.<\/p>\n<p><strong>V\u00e6lg net til m-station<br \/>\n<\/strong><\/p>\n<ul>\n<li>Net (1,6mm streng) til 145x145cm m-station Talent (og Club) (795 kr.)<\/li>\n<li>Net (1,8mm streng) til 145x145cm m-station Club (og Talent) (995 kr.)<\/li>\n<li>Net (1,8mm streng) til 200x200cm m-station Academy (1.495 kr.)<\/li>\n<li>Net (1,8mm streng) til 270x270cm m-station Pro (2.995 kr.)<\/li>\n<\/ul>\n<p><strong>Montering<br \/>\n<\/strong>Nettet bliver leveret flettet og klar til montering. Se <a href=\"https:\/\/www.youtube.com\/watch?v=MATQWLXqDII&amp;t=9s\">monteringsvideoen<\/a> eller tjek <a href=\"https:\/\/old.muninsports.com\/wp-content\/uploads\/m-station-Talent_net_manual.pdf\">kapitel 5 i manulen<\/a>. T\u00f8v ikke med at <a href=\"https:\/\/old.muninsports.com\/da\/support\/kontakt\/\">kontakte os<\/a> hvis du har sp\u00f8rgsm\u00e5l.<\/p>\n","protected":false},"excerpt":{"rendered":"<p>Nettet p\u00e5 din m-station udg\u00f8res af to specialdesignede strenge, en vandret og en lodret, der er skabt til at blive ramt af fodbolde dag ud og dag ind. Skulle uheldet v\u00e6re ude, og strengene g\u00e5r i stykker kan du bestille nyt her. Strengene leveres som et v\u00e6vet net og er klar til installation pr\u00e6cis som [&hellip;]<\/p>\n","protected":false},"featured_media":27489,"comment_status":"closed","ping_status":"closed","template":"","meta":{"_mi_skip_tracking":false},"product_cat":[528,533],"product_tag":[],"bundled_by":[],"bundle_stock_status":"instock","bundle_stock_quantity":null,"bundle_virtual":false,"bundle_layout":"","bundle_add_to_cart_form_location":"","bundle_editable_in_cart":false,"bundle_sold_individually_context":"","bundle_item_grouping":"","bundle_min_size":"","bundle_max_size":"","bundled_items":[],"bundle_sell_ids":[],"acf":[],"yoast_head":"<!-- This site is optimized with the Yoast SEO plugin v19.6.1 - https:\/\/yoast.com\/wordpress\/plugins\/seo\/ -->\n<title>Net - m-station - Munin Sports<\/title>\n<meta name=\"robots\" content=\"index, follow, max-snippet:-1, max-image-preview:large, max-video-preview:-1\" \/>\n<link rel=\"canonical\" href=\"https:\/\/old.muninsports.com\/da\/produkt\/net-m-station-europe\/\" \/>\n<meta property=\"og:locale\" content=\"da_DK\" \/>\n<meta property=\"og:type\" content=\"article\" \/>\n<meta property=\"og:title\" content=\"Net - m-station - Munin Sports\" \/>\n<meta property=\"og:description\" content=\"Nettet p\u00e5 din m-station udg\u00f8res af to specialdesignede strenge, en vandret og en lodret, der er skabt til at blive ramt af fodbolde dag ud og dag ind. Skulle uheldet v\u00e6re ude, og strengene g\u00e5r i stykker kan du bestille nyt her. Strengene leveres som et v\u00e6vet net og er klar til installation pr\u00e6cis som [&hellip;]\" \/>\n<meta property=\"og:url\" content=\"https:\/\/old.muninsports.com\/da\/produkt\/net-m-station-europe\/\" \/>\n<meta property=\"og:site_name\" content=\"Munin Sports\" \/>\n<meta property=\"article:modified_time\" content=\"2022-10-12T14:37:01+00:00\" \/>\n<meta property=\"og:image\" content=\"https:\/\/old.muninsports.com\/wp-content\/uploads\/800x800_website_m-station_net_Compressed-1.png\" \/>\n\t<meta property=\"og:image:width\" content=\"800\" \/>\n\t<meta property=\"og:image:height\" content=\"800\" \/>\n\t<meta property=\"og:image:type\" content=\"image\/png\" \/>\n<meta name=\"twitter:label1\" content=\"Estimeret l\u00e6setid\" \/>\n\t<meta name=\"twitter:data1\" content=\"1 minut\" \/>\n<script type=\"application\/ld+json\" class=\"yoast-schema-graph\">{\"@context\":\"https:\/\/schema.org\",\"@graph\":[{\"@type\":\"WebPage\",\"@id\":\"https:\/\/old.muninsports.com\/da\/produkt\/net-m-station-europe\/\",\"url\":\"https:\/\/old.muninsports.com\/da\/produkt\/net-m-station-europe\/\",\"name\":\"Net - m-station - Munin Sports\",\"isPartOf\":{\"@id\":\"https:\/\/old.muninsports.com\/eur\/#website\"},\"datePublished\":\"2020-05-11T18:29:46+00:00\",\"dateModified\":\"2022-10-12T14:37:01+00:00\",\"breadcrumb\":{\"@id\":\"https:\/\/old.muninsports.com\/da\/produkt\/net-m-station-europe\/#breadcrumb\"},\"inLanguage\":\"da-DK\",\"potentialAction\":[{\"@type\":\"ReadAction\",\"target\":[\"https:\/\/old.muninsports.com\/da\/produkt\/net-m-station-europe\/\"]}]},{\"@type\":\"BreadcrumbList\",\"@id\":\"https:\/\/old.muninsports.com\/da\/produkt\/net-m-station-europe\/#breadcrumb\",\"itemListElement\":[{\"@type\":\"ListItem\",\"position\":1,\"name\":\"Home\",\"item\":\"https:\/\/old.muninsports.com\/da\/\"},{\"@type\":\"ListItem\",\"position\":2,\"name\":\"Online shop\",\"item\":\"https:\/\/old.muninsports.com\/da\/online-shop\/\"},{\"@type\":\"ListItem\",\"position\":3,\"name\":\"Net &#8211; m-station\"}]},{\"@type\":\"WebSite\",\"@id\":\"https:\/\/old.muninsports.com\/eur\/#website\",\"url\":\"https:\/\/old.muninsports.com\/eur\/\",\"name\":\"Munin Sports\",\"description\":\"\",\"potentialAction\":[{\"@type\":\"SearchAction\",\"target\":{\"@type\":\"EntryPoint\",\"urlTemplate\":\"https:\/\/old.muninsports.com\/eur\/?s={search_term_string}\"},\"query-input\":\"required name=search_term_string\"}],\"inLanguage\":\"da-DK\"}]}<\/script>\n<!-- \/ Yoast SEO plugin. -->","yoast_head_json":{"title":"Net - m-station - Munin Sports","robots":{"index":"index","follow":"follow","max-snippet":"max-snippet:-1","max-image-preview":"max-image-preview:large","max-video-preview":"max-video-preview:-1"},"canonical":"https:\/\/old.muninsports.com\/da\/produkt\/net-m-station-europe\/","og_locale":"da_DK","og_type":"article","og_title":"Net - m-station - Munin Sports","og_description":"Nettet p\u00e5 din m-station udg\u00f8res af to specialdesignede strenge, en vandret og en lodret, der er skabt til at blive ramt af fodbolde dag ud og dag ind. Skulle uheldet v\u00e6re ude, og strengene g\u00e5r i stykker kan du bestille nyt her. Strengene leveres som et v\u00e6vet net og er klar til installation pr\u00e6cis som [&hellip;]","og_url":"https:\/\/old.muninsports.com\/da\/produkt\/net-m-station-europe\/","og_site_name":"Munin Sports","article_modified_time":"2022-10-12T14:37:01+00:00","og_image":[{"width":800,"height":800,"url":"https:\/\/old.muninsports.com\/wp-content\/uploads\/800x800_website_m-station_net_Compressed-1.png","type":"image\/png"}],"twitter_misc":{"Estimeret l\u00e6setid":"1 minut"},"schema":{"@context":"https:\/\/schema.org","@graph":[{"@type":"WebPage","@id":"https:\/\/old.muninsports.com\/da\/produkt\/net-m-station-europe\/","url":"https:\/\/old.muninsports.com\/da\/produkt\/net-m-station-europe\/","name":"Net - m-station - Munin Sports","isPartOf":{"@id":"https:\/\/old.muninsports.com\/eur\/#website"},"datePublished":"2020-05-11T18:29:46+00:00","dateModified":"2022-10-12T14:37:01+00:00","breadcrumb":{"@id":"https:\/\/old.muninsports.com\/da\/produkt\/net-m-station-europe\/#breadcrumb"},"inLanguage":"da-DK","potentialAction":[{"@type":"ReadAction","target":["https:\/\/old.muninsports.com\/da\/produkt\/net-m-station-europe\/"]}]},{"@type":"BreadcrumbList","@id":"https:\/\/old.muninsports.com\/da\/produkt\/net-m-station-europe\/#breadcrumb","itemListElement":[{"@type":"ListItem","position":1,"name":"Home","item":"https:\/\/old.muninsports.com\/da\/"},{"@type":"ListItem","position":2,"name":"Online shop","item":"https:\/\/old.muninsports.com\/da\/online-shop\/"},{"@type":"ListItem","position":3,"name":"Net &#8211; m-station"}]},{"@type":"WebSite","@id":"https:\/\/old.muninsports.com\/eur\/#website","url":"https:\/\/old.muninsports.com\/eur\/","name":"Munin Sports","description":"","potentialAction":[{"@type":"SearchAction","target":{"@type":"EntryPoint","urlTemplate":"https:\/\/old.muninsports.com\/eur\/?s={search_term_string}"},"query-input":"required name=search_term_string"}],"inLanguage":"da-DK"}]}},"_links":{"self":[{"href":"https:\/\/old.muninsports.com\/da\/wp-json\/wp\/v2\/product\/46884"}],"collection":[{"href":"https:\/\/old.muninsports.com\/da\/wp-json\/wp\/v2\/product"}],"about":[{"href":"https:\/\/old.muninsports.com\/da\/wp-json\/wp\/v2\/types\/product"}],"replies":[{"embeddable":true,"href":"https:\/\/old.muninsports.com\/da\/wp-json\/wp\/v2\/comments?post=46884"}],"wp:featuredmedia":[{"embeddable":true,"href":"https:\/\/old.muninsports.com\/da\/wp-json\/wp\/v2\/media\/27489"}],"wp:attachment":[{"href":"https:\/\/old.muninsports.com\/da\/wp-json\/wp\/v2\/media?parent=46884"}],"wp:term":[{"taxonomy":"product_cat","embeddable":true,"href":"https:\/\/old.muninsports.com\/da\/wp-json\/wp\/v2\/product_cat?post=46884"},{"taxonomy":"product_tag","embeddable":true,"href":"https:\/\/old.muninsports.com\/da\/wp-json\/wp\/v2\/product_tag?post=46884"}],"curies":[{"name":"wp","href":"https:\/\/api.w.org\/{rel}","templated":true}]}}