{"id":48371,"date":"2020-11-23T19:58:13","date_gmt":"2020-11-23T18:58:15","guid":{"rendered":"https:\/\/muninsports.com\/?post_type=product&#038;p=48371"},"modified":"2020-11-23T22:20:55","modified_gmt":"2020-11-23T21:20:55","slug":"streng-m-station-talent","status":"publish","type":"product","link":"https:\/\/old.muninsports.com\/da\/produkt\/streng-m-station-talent\/","title":{"rendered":"Streng &#8211; m-station Talent"},"content":{"rendered":"<p>Nettet er specialdesignet og skabt til at blive ramt af fodbolde dag ud og dag ind. Indimellem sker det dog, at \u00e9n af strengene (enten den vandrette eller lodrette) g\u00e5r i stykker. Hvis kun \u00e9n af strengene er r\u00f8get kan du, i stedet for at k\u00f8be et helt ny net, n\u00f8jes med at k\u00f8be en ny streng. Strengen bliver leveret klar til montering, og du finder en vejledning til, hvordan du monterer strengen <span style=\"text-decoration: underline;\"><a href=\"https:\/\/www.youtube.com\/watch?v=TR_vGjpTQa8\" target=\"_blank\" rel=\"noopener noreferrer\">her<\/a><\/span>.<\/p>\n<p>Strengen til m-station Talent er\u00a0 1,6 mm.<\/p>\n<p>Skulle du have brug for et helt nyt net, er det ogs\u00e5 muligt at bestille det <span style=\"text-decoration: underline;\"><a href=\"https:\/\/old.muninsports.com\/da\/produkt\/net-m-station\/\" rel=\"noopener\">her<\/a><\/span>.<\/p>\n","protected":false},"excerpt":{"rendered":"<p>Nettet er specialdesignet og skabt til at blive ramt af fodbolde dag ud og dag ind. Indimellem sker det dog, at \u00e9n af strengene (enten den vandrette eller lodrette) g\u00e5r i stykker. Hvis kun \u00e9n af strengene er r\u00f8get kan du, i stedet for at k\u00f8be et helt ny net, n\u00f8jes med at k\u00f8be en [&hellip;]<\/p>\n","protected":false},"featured_media":22421,"comment_status":"closed","ping_status":"closed","template":"","meta":{"_mi_skip_tracking":false},"product_cat":[533],"product_tag":[],"bundled_by":[],"bundle_stock_status":"outofstock","bundle_stock_quantity":null,"bundle_virtual":false,"bundle_layout":"","bundle_add_to_cart_form_location":"","bundle_editable_in_cart":false,"bundle_sold_individually_context":"","bundle_item_grouping":"","bundle_min_size":"","bundle_max_size":"","bundled_items":[],"bundle_sell_ids":[],"acf":[],"yoast_head":"<!-- This site is optimized with the Yoast SEO plugin v19.6.1 - https:\/\/yoast.com\/wordpress\/plugins\/seo\/ -->\n<title>Streng - m-station Talent - Munin Sports<\/title>\n<meta name=\"robots\" content=\"index, follow, max-snippet:-1, max-image-preview:large, max-video-preview:-1\" \/>\n<link rel=\"canonical\" href=\"https:\/\/old.muninsports.com\/da\/produkt\/streng-m-station-talent\/\" \/>\n<meta property=\"og:locale\" content=\"da_DK\" \/>\n<meta property=\"og:type\" content=\"article\" \/>\n<meta property=\"og:title\" content=\"Streng - m-station Talent - Munin Sports\" \/>\n<meta property=\"og:description\" content=\"Nettet er specialdesignet og skabt til at blive ramt af fodbolde dag ud og dag ind. Indimellem sker det dog, at \u00e9n af strengene (enten den vandrette eller lodrette) g\u00e5r i stykker. Hvis kun \u00e9n af strengene er r\u00f8get kan du, i stedet for at k\u00f8be et helt ny net, n\u00f8jes med at k\u00f8be en [&hellip;]\" \/>\n<meta property=\"og:url\" content=\"https:\/\/old.muninsports.com\/da\/produkt\/streng-m-station-talent\/\" \/>\n<meta property=\"og:site_name\" content=\"Munin Sports\" \/>\n<meta property=\"article:modified_time\" content=\"2020-11-23T21:20:55+00:00\" \/>\n<meta property=\"og:image\" content=\"https:\/\/old.muninsports.com\/wp-content\/uploads\/800x800_website_m-station_string_compressed.png\" \/>\n\t<meta property=\"og:image:width\" content=\"800\" \/>\n\t<meta property=\"og:image:height\" content=\"800\" \/>\n\t<meta property=\"og:image:type\" content=\"image\/png\" \/>\n<meta name=\"twitter:label1\" content=\"Estimeret l\u00e6setid\" \/>\n\t<meta name=\"twitter:data1\" content=\"1 minut\" \/>\n<script type=\"application\/ld+json\" class=\"yoast-schema-graph\">{\"@context\":\"https:\/\/schema.org\",\"@graph\":[{\"@type\":\"WebPage\",\"@id\":\"https:\/\/old.muninsports.com\/da\/produkt\/streng-m-station-talent\/\",\"url\":\"https:\/\/old.muninsports.com\/da\/produkt\/streng-m-station-talent\/\",\"name\":\"Streng - m-station Talent - Munin Sports\",\"isPartOf\":{\"@id\":\"https:\/\/old.muninsports.com\/eur\/#website\"},\"datePublished\":\"2020-11-23T18:58:15+00:00\",\"dateModified\":\"2020-11-23T21:20:55+00:00\",\"breadcrumb\":{\"@id\":\"https:\/\/old.muninsports.com\/da\/produkt\/streng-m-station-talent\/#breadcrumb\"},\"inLanguage\":\"da-DK\",\"potentialAction\":[{\"@type\":\"ReadAction\",\"target\":[\"https:\/\/old.muninsports.com\/da\/produkt\/streng-m-station-talent\/\"]}]},{\"@type\":\"BreadcrumbList\",\"@id\":\"https:\/\/old.muninsports.com\/da\/produkt\/streng-m-station-talent\/#breadcrumb\",\"itemListElement\":[{\"@type\":\"ListItem\",\"position\":1,\"name\":\"Home\",\"item\":\"https:\/\/old.muninsports.com\/da\/\"},{\"@type\":\"ListItem\",\"position\":2,\"name\":\"Online shop\",\"item\":\"https:\/\/old.muninsports.com\/da\/online-shop\/\"},{\"@type\":\"ListItem\",\"position\":3,\"name\":\"Streng &#8211; m-station Talent\"}]},{\"@type\":\"WebSite\",\"@id\":\"https:\/\/old.muninsports.com\/eur\/#website\",\"url\":\"https:\/\/old.muninsports.com\/eur\/\",\"name\":\"Munin Sports\",\"description\":\"\",\"potentialAction\":[{\"@type\":\"SearchAction\",\"target\":{\"@type\":\"EntryPoint\",\"urlTemplate\":\"https:\/\/old.muninsports.com\/eur\/?s={search_term_string}\"},\"query-input\":\"required name=search_term_string\"}],\"inLanguage\":\"da-DK\"}]}<\/script>\n<!-- \/ Yoast SEO plugin. -->","yoast_head_json":{"title":"Streng - m-station Talent - Munin Sports","robots":{"index":"index","follow":"follow","max-snippet":"max-snippet:-1","max-image-preview":"max-image-preview:large","max-video-preview":"max-video-preview:-1"},"canonical":"https:\/\/old.muninsports.com\/da\/produkt\/streng-m-station-talent\/","og_locale":"da_DK","og_type":"article","og_title":"Streng - m-station Talent - Munin Sports","og_description":"Nettet er specialdesignet og skabt til at blive ramt af fodbolde dag ud og dag ind. Indimellem sker det dog, at \u00e9n af strengene (enten den vandrette eller lodrette) g\u00e5r i stykker. Hvis kun \u00e9n af strengene er r\u00f8get kan du, i stedet for at k\u00f8be et helt ny net, n\u00f8jes med at k\u00f8be en [&hellip;]","og_url":"https:\/\/old.muninsports.com\/da\/produkt\/streng-m-station-talent\/","og_site_name":"Munin Sports","article_modified_time":"2020-11-23T21:20:55+00:00","og_image":[{"width":800,"height":800,"url":"https:\/\/old.muninsports.com\/wp-content\/uploads\/800x800_website_m-station_string_compressed.png","type":"image\/png"}],"twitter_misc":{"Estimeret l\u00e6setid":"1 minut"},"schema":{"@context":"https:\/\/schema.org","@graph":[{"@type":"WebPage","@id":"https:\/\/old.muninsports.com\/da\/produkt\/streng-m-station-talent\/","url":"https:\/\/old.muninsports.com\/da\/produkt\/streng-m-station-talent\/","name":"Streng - m-station Talent - Munin Sports","isPartOf":{"@id":"https:\/\/old.muninsports.com\/eur\/#website"},"datePublished":"2020-11-23T18:58:15+00:00","dateModified":"2020-11-23T21:20:55+00:00","breadcrumb":{"@id":"https:\/\/old.muninsports.com\/da\/produkt\/streng-m-station-talent\/#breadcrumb"},"inLanguage":"da-DK","potentialAction":[{"@type":"ReadAction","target":["https:\/\/old.muninsports.com\/da\/produkt\/streng-m-station-talent\/"]}]},{"@type":"BreadcrumbList","@id":"https:\/\/old.muninsports.com\/da\/produkt\/streng-m-station-talent\/#breadcrumb","itemListElement":[{"@type":"ListItem","position":1,"name":"Home","item":"https:\/\/old.muninsports.com\/da\/"},{"@type":"ListItem","position":2,"name":"Online shop","item":"https:\/\/old.muninsports.com\/da\/online-shop\/"},{"@type":"ListItem","position":3,"name":"Streng &#8211; m-station Talent"}]},{"@type":"WebSite","@id":"https:\/\/old.muninsports.com\/eur\/#website","url":"https:\/\/old.muninsports.com\/eur\/","name":"Munin Sports","description":"","potentialAction":[{"@type":"SearchAction","target":{"@type":"EntryPoint","urlTemplate":"https:\/\/old.muninsports.com\/eur\/?s={search_term_string}"},"query-input":"required name=search_term_string"}],"inLanguage":"da-DK"}]}},"_links":{"self":[{"href":"https:\/\/old.muninsports.com\/da\/wp-json\/wp\/v2\/product\/48371"}],"collection":[{"href":"https:\/\/old.muninsports.com\/da\/wp-json\/wp\/v2\/product"}],"about":[{"href":"https:\/\/old.muninsports.com\/da\/wp-json\/wp\/v2\/types\/product"}],"replies":[{"embeddable":true,"href":"https:\/\/old.muninsports.com\/da\/wp-json\/wp\/v2\/comments?post=48371"}],"wp:featuredmedia":[{"embeddable":true,"href":"https:\/\/old.muninsports.com\/da\/wp-json\/wp\/v2\/media\/22421"}],"wp:attachment":[{"href":"https:\/\/old.muninsports.com\/da\/wp-json\/wp\/v2\/media?parent=48371"}],"wp:term":[{"taxonomy":"product_cat","embeddable":true,"href":"https:\/\/old.muninsports.com\/da\/wp-json\/wp\/v2\/product_cat?post=48371"},{"taxonomy":"product_tag","embeddable":true,"href":"https:\/\/old.muninsports.com\/da\/wp-json\/wp\/v2\/product_tag?post=48371"}],"curies":[{"name":"wp","href":"https:\/\/api.w.org\/{rel}","templated":true}]}}