{"id":1850,"date":"2014-11-10T16:53:53","date_gmt":"2014-11-10T15:53:53","guid":{"rendered":"https:\/\/muninsports.com\/support\/contact\/"},"modified":"2021-11-11T16:05:42","modified_gmt":"2021-11-11T15:05:42","slug":"kontakt","status":"publish","type":"page","link":"https:\/\/old.muninsports.com\/de\/support\/kontakt\/","title":{"rendered":"Kontakt"},"content":{"rendered":"<h1>Kontakt<\/h1>\n<p>Wir machen es einfach f\u00fcr Sie, uns zu kontaktieren &#8211; w\u00e4hlen Sie aus den Themen unten und schreiben Sie dem jeweiligen Mitarbeiter direkt, der so schnell wie m\u00f6glich und innerhalb von 24 Stunden Ihre E-Mail bantworten wird.<\/p>\n<p>Munin Sports<br \/>\nc\/o GCI Management Consulting GmbH<br \/>\nBrienner Strasse 7<br \/>\nD-80333 M\u00fcnchen<br \/>\n<span style=\"font-size: 13px;\">TLF.: +49 32221094688<\/span><\/p>\n<p>IBAN-nr.:\u00a0DK0481170009627566<br \/>\nSWIFT-kode:\u00a0NYKBDKKK<\/p>\n\n","protected":false},"excerpt":{"rendered":"<p>Kontakt Wir machen es einfach f\u00fcr Sie, uns zu kontaktieren &#8211; w\u00e4hlen Sie aus den Themen unten und schreiben Sie dem jeweiligen Mitarbeiter direkt, der so schnell wie m\u00f6glich und innerhalb von 24 Stunden Ihre E-Mail bantworten wird. Munin Sports c\/o GCI Management Consulting GmbH Brienner Strasse 7 D-80333 M\u00fcnchen TLF.: +49 32221094688 IBAN-nr.:\u00a0DK0481170009627566 SWIFT-kode:\u00a0NYKBDKKK<\/p>\n","protected":false},"author":1,"featured_media":0,"parent":1698,"menu_order":2,"comment_status":"open","ping_status":"closed","template":"page-templates\/contact.php","meta":{"_mi_skip_tracking":false},"acf":[],"yoast_head":"<!-- This site is optimized with the Yoast SEO plugin v19.6.1 - https:\/\/yoast.com\/wordpress\/plugins\/seo\/ -->\n<title>Kontakt - Munin Sports<\/title>\n<meta name=\"robots\" content=\"index, follow, max-snippet:-1, max-image-preview:large, max-video-preview:-1\" \/>\n<link rel=\"canonical\" href=\"https:\/\/old.muninsports.com\/de\/support\/kontakt\/\" \/>\n<meta property=\"og:locale\" content=\"de_DE\" \/>\n<meta property=\"og:type\" content=\"article\" \/>\n<meta property=\"og:title\" content=\"Kontakt - Munin Sports\" \/>\n<meta property=\"og:description\" content=\"Kontakt Wir machen es einfach f\u00fcr Sie, uns zu kontaktieren &#8211; w\u00e4hlen Sie aus den Themen unten und schreiben Sie dem jeweiligen Mitarbeiter direkt, der so schnell wie m\u00f6glich und innerhalb von 24 Stunden Ihre E-Mail bantworten wird. Munin Sports c\/o GCI Management Consulting GmbH Brienner Strasse 7 D-80333 M\u00fcnchen TLF.: +49 32221094688 IBAN-nr.:\u00a0DK0481170009627566 SWIFT-kode:\u00a0NYKBDKKK\" \/>\n<meta property=\"og:url\" content=\"https:\/\/old.muninsports.com\/de\/support\/kontakt\/\" \/>\n<meta property=\"og:site_name\" content=\"Munin Sports\" \/>\n<meta property=\"article:modified_time\" content=\"2021-11-11T15:05:42+00:00\" \/>\n<script type=\"application\/ld+json\" class=\"yoast-schema-graph\">{\"@context\":\"https:\/\/schema.org\",\"@graph\":[{\"@type\":\"WebPage\",\"@id\":\"https:\/\/old.muninsports.com\/de\/support\/kontakt\/\",\"url\":\"https:\/\/old.muninsports.com\/de\/support\/kontakt\/\",\"name\":\"Kontakt - Munin Sports\",\"isPartOf\":{\"@id\":\"https:\/\/old.muninsports.com\/eur\/#website\"},\"datePublished\":\"2014-11-10T15:53:53+00:00\",\"dateModified\":\"2021-11-11T15:05:42+00:00\",\"breadcrumb\":{\"@id\":\"https:\/\/old.muninsports.com\/de\/support\/kontakt\/#breadcrumb\"},\"inLanguage\":\"de\",\"potentialAction\":[{\"@type\":\"ReadAction\",\"target\":[\"https:\/\/old.muninsports.com\/de\/support\/kontakt\/\"]}]},{\"@type\":\"BreadcrumbList\",\"@id\":\"https:\/\/old.muninsports.com\/de\/support\/kontakt\/#breadcrumb\",\"itemListElement\":[{\"@type\":\"ListItem\",\"position\":1,\"name\":\"Home\",\"item\":\"https:\/\/old.muninsports.com\/de\/\"},{\"@type\":\"ListItem\",\"position\":2,\"name\":\"Kundenservice\",\"item\":\"https:\/\/old.muninsports.com\/de\/support\/\"},{\"@type\":\"ListItem\",\"position\":3,\"name\":\"Kontakt\"}]},{\"@type\":\"WebSite\",\"@id\":\"https:\/\/old.muninsports.com\/eur\/#website\",\"url\":\"https:\/\/old.muninsports.com\/eur\/\",\"name\":\"Munin Sports\",\"description\":\"\",\"potentialAction\":[{\"@type\":\"SearchAction\",\"target\":{\"@type\":\"EntryPoint\",\"urlTemplate\":\"https:\/\/old.muninsports.com\/eur\/?s={search_term_string}\"},\"query-input\":\"required name=search_term_string\"}],\"inLanguage\":\"de\"}]}<\/script>\n<!-- \/ Yoast SEO plugin. -->","yoast_head_json":{"title":"Kontakt - Munin Sports","robots":{"index":"index","follow":"follow","max-snippet":"max-snippet:-1","max-image-preview":"max-image-preview:large","max-video-preview":"max-video-preview:-1"},"canonical":"https:\/\/old.muninsports.com\/de\/support\/kontakt\/","og_locale":"de_DE","og_type":"article","og_title":"Kontakt - Munin Sports","og_description":"Kontakt Wir machen es einfach f\u00fcr Sie, uns zu kontaktieren &#8211; w\u00e4hlen Sie aus den Themen unten und schreiben Sie dem jeweiligen Mitarbeiter direkt, der so schnell wie m\u00f6glich und innerhalb von 24 Stunden Ihre E-Mail bantworten wird. Munin Sports c\/o GCI Management Consulting GmbH Brienner Strasse 7 D-80333 M\u00fcnchen TLF.: +49 32221094688 IBAN-nr.:\u00a0DK0481170009627566 SWIFT-kode:\u00a0NYKBDKKK","og_url":"https:\/\/old.muninsports.com\/de\/support\/kontakt\/","og_site_name":"Munin Sports","article_modified_time":"2021-11-11T15:05:42+00:00","schema":{"@context":"https:\/\/schema.org","@graph":[{"@type":"WebPage","@id":"https:\/\/old.muninsports.com\/de\/support\/kontakt\/","url":"https:\/\/old.muninsports.com\/de\/support\/kontakt\/","name":"Kontakt - Munin Sports","isPartOf":{"@id":"https:\/\/old.muninsports.com\/eur\/#website"},"datePublished":"2014-11-10T15:53:53+00:00","dateModified":"2021-11-11T15:05:42+00:00","breadcrumb":{"@id":"https:\/\/old.muninsports.com\/de\/support\/kontakt\/#breadcrumb"},"inLanguage":"de","potentialAction":[{"@type":"ReadAction","target":["https:\/\/old.muninsports.com\/de\/support\/kontakt\/"]}]},{"@type":"BreadcrumbList","@id":"https:\/\/old.muninsports.com\/de\/support\/kontakt\/#breadcrumb","itemListElement":[{"@type":"ListItem","position":1,"name":"Home","item":"https:\/\/old.muninsports.com\/de\/"},{"@type":"ListItem","position":2,"name":"Kundenservice","item":"https:\/\/old.muninsports.com\/de\/support\/"},{"@type":"ListItem","position":3,"name":"Kontakt"}]},{"@type":"WebSite","@id":"https:\/\/old.muninsports.com\/eur\/#website","url":"https:\/\/old.muninsports.com\/eur\/","name":"Munin Sports","description":"","potentialAction":[{"@type":"SearchAction","target":{"@type":"EntryPoint","urlTemplate":"https:\/\/old.muninsports.com\/eur\/?s={search_term_string}"},"query-input":"required name=search_term_string"}],"inLanguage":"de"}]}},"_links":{"self":[{"href":"https:\/\/old.muninsports.com\/de\/wp-json\/wp\/v2\/pages\/1850"}],"collection":[{"href":"https:\/\/old.muninsports.com\/de\/wp-json\/wp\/v2\/pages"}],"about":[{"href":"https:\/\/old.muninsports.com\/de\/wp-json\/wp\/v2\/types\/page"}],"author":[{"embeddable":true,"href":"https:\/\/old.muninsports.com\/de\/wp-json\/wp\/v2\/users\/1"}],"replies":[{"embeddable":true,"href":"https:\/\/old.muninsports.com\/de\/wp-json\/wp\/v2\/comments?post=1850"}],"version-history":[{"count":16,"href":"https:\/\/old.muninsports.com\/de\/wp-json\/wp\/v2\/pages\/1850\/revisions"}],"predecessor-version":[{"id":50647,"href":"https:\/\/old.muninsports.com\/de\/wp-json\/wp\/v2\/pages\/1850\/revisions\/50647"}],"up":[{"embeddable":true,"href":"https:\/\/old.muninsports.com\/de\/wp-json\/wp\/v2\/pages\/1698"}],"wp:attachment":[{"href":"https:\/\/old.muninsports.com\/de\/wp-json\/wp\/v2\/media?parent=1850"}],"curies":[{"name":"wp","href":"https:\/\/api.w.org\/{rel}","templated":true}]}}