{"id":1862,"date":"2014-11-10T16:53:39","date_gmt":"2014-11-10T15:53:39","guid":{"rendered":"https:\/\/muninsports.com\/support\/manuals\/"},"modified":"2021-11-11T16:08:55","modified_gmt":"2021-11-11T15:08:55","slug":"handbucher","status":"publish","type":"page","link":"https:\/\/old.muninsports.com\/de\/support\/handbucher\/","title":{"rendered":"Handb\u00fccher"},"content":{"rendered":"<p>Sie k\u00f6nnen das m-station Talent und m-station Pro Handb\u00fccher hier herunterladen.\u00a0F\u00fcr generelle fragen zu unsere Produkten oder das Handb\u00fccher kontakt Munin Sports.<\/p>\n<p><a href=\"https:\/\/old.muninsports.com\/en\/support\/contact\/\">Kontakt Munin Sports &gt;&gt;\u00a0<\/a><\/p>\n<h2><\/h2>\n<p>&nbsp;<\/p>\n","protected":false},"excerpt":{"rendered":"<p>Sie k\u00f6nnen das m-station Talent und m-station Pro Handb\u00fccher hier herunterladen.\u00a0F\u00fcr generelle fragen zu unsere Produkten oder das Handb\u00fccher kontakt Munin Sports. Kontakt Munin Sports &gt;&gt;\u00a0 &nbsp;<\/p>\n","protected":false},"author":1,"featured_media":0,"parent":1698,"menu_order":3,"comment_status":"open","ping_status":"closed","template":"page-templates\/manuals.php","meta":{"_mi_skip_tracking":false},"acf":[],"yoast_head":"<!-- This site is optimized with the Yoast SEO plugin v19.6.1 - https:\/\/yoast.com\/wordpress\/plugins\/seo\/ -->\n<title>Handb\u00fccher - Munin Sports<\/title>\n<meta name=\"robots\" content=\"index, follow, max-snippet:-1, max-image-preview:large, max-video-preview:-1\" \/>\n<link rel=\"canonical\" href=\"https:\/\/old.muninsports.com\/de\/support\/handbucher\/\" \/>\n<meta property=\"og:locale\" content=\"de_DE\" \/>\n<meta property=\"og:type\" content=\"article\" \/>\n<meta property=\"og:title\" content=\"Handb\u00fccher - Munin Sports\" \/>\n<meta property=\"og:description\" content=\"Sie k\u00f6nnen das m-station Talent und m-station Pro Handb\u00fccher hier herunterladen.\u00a0F\u00fcr generelle fragen zu unsere Produkten oder das Handb\u00fccher kontakt Munin Sports. Kontakt Munin Sports &gt;&gt;\u00a0 &nbsp;\" \/>\n<meta property=\"og:url\" content=\"https:\/\/old.muninsports.com\/de\/support\/handbucher\/\" \/>\n<meta property=\"og:site_name\" content=\"Munin Sports\" \/>\n<meta property=\"article:modified_time\" content=\"2021-11-11T15:08:55+00:00\" \/>\n<script type=\"application\/ld+json\" class=\"yoast-schema-graph\">{\"@context\":\"https:\/\/schema.org\",\"@graph\":[{\"@type\":\"WebPage\",\"@id\":\"https:\/\/old.muninsports.com\/de\/support\/handbucher\/\",\"url\":\"https:\/\/old.muninsports.com\/de\/support\/handbucher\/\",\"name\":\"Handb\u00fccher - Munin Sports\",\"isPartOf\":{\"@id\":\"https:\/\/old.muninsports.com\/eur\/#website\"},\"datePublished\":\"2014-11-10T15:53:39+00:00\",\"dateModified\":\"2021-11-11T15:08:55+00:00\",\"breadcrumb\":{\"@id\":\"https:\/\/old.muninsports.com\/de\/support\/handbucher\/#breadcrumb\"},\"inLanguage\":\"de\",\"potentialAction\":[{\"@type\":\"ReadAction\",\"target\":[\"https:\/\/old.muninsports.com\/de\/support\/handbucher\/\"]}]},{\"@type\":\"BreadcrumbList\",\"@id\":\"https:\/\/old.muninsports.com\/de\/support\/handbucher\/#breadcrumb\",\"itemListElement\":[{\"@type\":\"ListItem\",\"position\":1,\"name\":\"Home\",\"item\":\"https:\/\/old.muninsports.com\/de\/\"},{\"@type\":\"ListItem\",\"position\":2,\"name\":\"Kundenservice\",\"item\":\"https:\/\/old.muninsports.com\/de\/support\/\"},{\"@type\":\"ListItem\",\"position\":3,\"name\":\"Handb\u00fccher\"}]},{\"@type\":\"WebSite\",\"@id\":\"https:\/\/old.muninsports.com\/eur\/#website\",\"url\":\"https:\/\/old.muninsports.com\/eur\/\",\"name\":\"Munin Sports\",\"description\":\"\",\"potentialAction\":[{\"@type\":\"SearchAction\",\"target\":{\"@type\":\"EntryPoint\",\"urlTemplate\":\"https:\/\/old.muninsports.com\/eur\/?s={search_term_string}\"},\"query-input\":\"required name=search_term_string\"}],\"inLanguage\":\"de\"}]}<\/script>\n<!-- \/ Yoast SEO plugin. -->","yoast_head_json":{"title":"Handb\u00fccher - Munin Sports","robots":{"index":"index","follow":"follow","max-snippet":"max-snippet:-1","max-image-preview":"max-image-preview:large","max-video-preview":"max-video-preview:-1"},"canonical":"https:\/\/old.muninsports.com\/de\/support\/handbucher\/","og_locale":"de_DE","og_type":"article","og_title":"Handb\u00fccher - Munin Sports","og_description":"Sie k\u00f6nnen das m-station Talent und m-station Pro Handb\u00fccher hier herunterladen.\u00a0F\u00fcr generelle fragen zu unsere Produkten oder das Handb\u00fccher kontakt Munin Sports. Kontakt Munin Sports &gt;&gt;\u00a0 &nbsp;","og_url":"https:\/\/old.muninsports.com\/de\/support\/handbucher\/","og_site_name":"Munin Sports","article_modified_time":"2021-11-11T15:08:55+00:00","schema":{"@context":"https:\/\/schema.org","@graph":[{"@type":"WebPage","@id":"https:\/\/old.muninsports.com\/de\/support\/handbucher\/","url":"https:\/\/old.muninsports.com\/de\/support\/handbucher\/","name":"Handb\u00fccher - Munin Sports","isPartOf":{"@id":"https:\/\/old.muninsports.com\/eur\/#website"},"datePublished":"2014-11-10T15:53:39+00:00","dateModified":"2021-11-11T15:08:55+00:00","breadcrumb":{"@id":"https:\/\/old.muninsports.com\/de\/support\/handbucher\/#breadcrumb"},"inLanguage":"de","potentialAction":[{"@type":"ReadAction","target":["https:\/\/old.muninsports.com\/de\/support\/handbucher\/"]}]},{"@type":"BreadcrumbList","@id":"https:\/\/old.muninsports.com\/de\/support\/handbucher\/#breadcrumb","itemListElement":[{"@type":"ListItem","position":1,"name":"Home","item":"https:\/\/old.muninsports.com\/de\/"},{"@type":"ListItem","position":2,"name":"Kundenservice","item":"https:\/\/old.muninsports.com\/de\/support\/"},{"@type":"ListItem","position":3,"name":"Handb\u00fccher"}]},{"@type":"WebSite","@id":"https:\/\/old.muninsports.com\/eur\/#website","url":"https:\/\/old.muninsports.com\/eur\/","name":"Munin Sports","description":"","potentialAction":[{"@type":"SearchAction","target":{"@type":"EntryPoint","urlTemplate":"https:\/\/old.muninsports.com\/eur\/?s={search_term_string}"},"query-input":"required name=search_term_string"}],"inLanguage":"de"}]}},"_links":{"self":[{"href":"https:\/\/old.muninsports.com\/de\/wp-json\/wp\/v2\/pages\/1862"}],"collection":[{"href":"https:\/\/old.muninsports.com\/de\/wp-json\/wp\/v2\/pages"}],"about":[{"href":"https:\/\/old.muninsports.com\/de\/wp-json\/wp\/v2\/types\/page"}],"author":[{"embeddable":true,"href":"https:\/\/old.muninsports.com\/de\/wp-json\/wp\/v2\/users\/1"}],"replies":[{"embeddable":true,"href":"https:\/\/old.muninsports.com\/de\/wp-json\/wp\/v2\/comments?post=1862"}],"version-history":[{"count":8,"href":"https:\/\/old.muninsports.com\/de\/wp-json\/wp\/v2\/pages\/1862\/revisions"}],"predecessor-version":[{"id":50649,"href":"https:\/\/old.muninsports.com\/de\/wp-json\/wp\/v2\/pages\/1862\/revisions\/50649"}],"up":[{"embeddable":true,"href":"https:\/\/old.muninsports.com\/de\/wp-json\/wp\/v2\/pages\/1698"}],"wp:attachment":[{"href":"https:\/\/old.muninsports.com\/de\/wp-json\/wp\/v2\/media?parent=1862"}],"curies":[{"name":"wp","href":"https:\/\/api.w.org\/{rel}","templated":true}]}}