{"id":15578,"date":"2016-05-09T22:00:53","date_gmt":"2016-05-09T21:00:53","guid":{"rendered":""},"modified":"2023-07-12T09:50:24","modified_gmt":"2023-07-12T08:50:24","slug":"m-station-club","status":"publish","type":"product","link":"https:\/\/old.muninsports.com\/de\/produkt\/m-station-club\/","title":{"rendered":"M-Station Club"},"content":{"rendered":"<h1>UN\u00dcBERTROFFENE QUALIT\u00c4T<\/h1>\n<p>Wir haben die originale m-station Talent genommen und haben sie weiterentwicklet. Mit einer verst\u00e4rkten Aluminiumkonstruktion ist die Club-Version von 145 x 145 cm ideal f\u00fcr stundenlanges Training und individuelle Weiterentwicklung in Vereinen, Schulen und Akademien. Es kann leicht in der Trainingsanlage herum getragt werden.<\/p>\n","protected":false},"excerpt":{"rendered":"<p>Die m-station Talent und die m-Trainer App ist das einzige<br \/>\nAusbildungssystem der Welt, das die technischen F\u00e4higkeiten<br \/>\nder Fu\u00dfballer misst.<br \/>\nDas R\u00fcckgrat des Systems ist das Training mit der m-Station Talent,<br \/>\ndie von gro\u00dfen Clubs wie Real Madrid und Benfica verwendet wird.<br \/>\nDas Gehirn des Systems ist die revolution\u00e4re m-Trainer-App, die<br \/>\nIhr Smartphone zu Ihrem pers\u00f6nlichen Technik-Trainer macht.<\/p>\n<p>&nbsp;<\/p>\n<p>&nbsp;<\/p>\n<p>&nbsp;<\/p>\n<p>&nbsp;<\/p>\n<p>&nbsp;<\/p>\n<p>KOSTENLOSER VERSAND<\/p>\n","protected":false},"featured_media":6832,"comment_status":"open","ping_status":"closed","template":"","meta":{"_mi_skip_tracking":false},"product_cat":[110],"product_tag":[],"bundled_by":[],"bundle_stock_status":"instock","bundle_stock_quantity":null,"bundle_virtual":false,"bundle_layout":"","bundle_add_to_cart_form_location":"","bundle_editable_in_cart":false,"bundle_sold_individually_context":"","bundle_item_grouping":"","bundle_min_size":"","bundle_max_size":"","bundled_items":[],"bundle_sell_ids":[],"acf":[],"yoast_head":"<!-- This site is optimized with the Yoast SEO plugin v19.6.1 - https:\/\/yoast.com\/wordpress\/plugins\/seo\/ -->\n<title>M-Station Club - Munin Sports<\/title>\n<meta name=\"robots\" content=\"index, follow, max-snippet:-1, max-image-preview:large, max-video-preview:-1\" \/>\n<link rel=\"canonical\" href=\"https:\/\/old.muninsports.com\/de\/produkt\/m-station-club\/\" \/>\n<meta property=\"og:locale\" content=\"de_DE\" \/>\n<meta property=\"og:type\" content=\"article\" \/>\n<meta property=\"og:title\" content=\"M-Station Club - Munin Sports\" \/>\n<meta property=\"og:description\" content=\"Die m-station Talent und die m-Trainer App ist das einzige Ausbildungssystem der Welt, das die technischen F\u00e4higkeiten der Fu\u00dfballer misst. Das R\u00fcckgrat des Systems ist das Training mit der m-Station Talent, die von gro\u00dfen Clubs wie Real Madrid und Benfica verwendet wird. Das Gehirn des Systems ist die revolution\u00e4re m-Trainer-App, die Ihr Smartphone zu Ihrem pers\u00f6nlichen Technik-Trainer macht.  &nbsp;  &nbsp;  &nbsp;  &nbsp;  &nbsp;  KOSTENLOSER VERSAND\" \/>\n<meta property=\"og:url\" content=\"https:\/\/old.muninsports.com\/de\/produkt\/m-station-club\/\" \/>\n<meta property=\"og:site_name\" content=\"Munin Sports\" \/>\n<meta property=\"article:modified_time\" content=\"2023-07-12T08:50:24+00:00\" \/>\n<meta property=\"og:image\" content=\"https:\/\/old.muninsports.com\/wp-content\/uploads\/Talent2_middle.png\" \/>\n\t<meta property=\"og:image:width\" content=\"800\" \/>\n\t<meta property=\"og:image:height\" content=\"800\" \/>\n\t<meta property=\"og:image:type\" content=\"image\/png\" \/>\n<meta name=\"twitter:label1\" content=\"Gesch\u00e4tzte Lesezeit\" \/>\n\t<meta name=\"twitter:data1\" content=\"1\u00a0Minute\" \/>\n<script type=\"application\/ld+json\" class=\"yoast-schema-graph\">{\"@context\":\"https:\/\/schema.org\",\"@graph\":[{\"@type\":\"WebPage\",\"@id\":\"https:\/\/old.muninsports.com\/de\/produkt\/m-station-club\/\",\"url\":\"https:\/\/old.muninsports.com\/de\/produkt\/m-station-club\/\",\"name\":\"M-Station Club - Munin Sports\",\"isPartOf\":{\"@id\":\"https:\/\/old.muninsports.com\/eur\/#website\"},\"datePublished\":\"2016-05-09T21:00:53+00:00\",\"dateModified\":\"2023-07-12T08:50:24+00:00\",\"breadcrumb\":{\"@id\":\"https:\/\/old.muninsports.com\/de\/produkt\/m-station-club\/#breadcrumb\"},\"inLanguage\":\"de\",\"potentialAction\":[{\"@type\":\"ReadAction\",\"target\":[\"https:\/\/old.muninsports.com\/de\/produkt\/m-station-club\/\"]}]},{\"@type\":\"BreadcrumbList\",\"@id\":\"https:\/\/old.muninsports.com\/de\/produkt\/m-station-club\/#breadcrumb\",\"itemListElement\":[{\"@type\":\"ListItem\",\"position\":1,\"name\":\"Home\",\"item\":\"https:\/\/old.muninsports.com\/de\/\"},{\"@type\":\"ListItem\",\"position\":2,\"name\":\"Online shop\",\"item\":\"https:\/\/old.muninsports.com\/de\/online-shop\/\"},{\"@type\":\"ListItem\",\"position\":3,\"name\":\"M-Station Club\"}]},{\"@type\":\"WebSite\",\"@id\":\"https:\/\/old.muninsports.com\/eur\/#website\",\"url\":\"https:\/\/old.muninsports.com\/eur\/\",\"name\":\"Munin Sports\",\"description\":\"\",\"potentialAction\":[{\"@type\":\"SearchAction\",\"target\":{\"@type\":\"EntryPoint\",\"urlTemplate\":\"https:\/\/old.muninsports.com\/eur\/?s={search_term_string}\"},\"query-input\":\"required name=search_term_string\"}],\"inLanguage\":\"de\"}]}<\/script>\n<!-- \/ Yoast SEO plugin. -->","yoast_head_json":{"title":"M-Station Club - Munin Sports","robots":{"index":"index","follow":"follow","max-snippet":"max-snippet:-1","max-image-preview":"max-image-preview:large","max-video-preview":"max-video-preview:-1"},"canonical":"https:\/\/old.muninsports.com\/de\/produkt\/m-station-club\/","og_locale":"de_DE","og_type":"article","og_title":"M-Station Club - Munin Sports","og_description":"Die m-station Talent und die m-Trainer App ist das einzige Ausbildungssystem der Welt, das die technischen F\u00e4higkeiten der Fu\u00dfballer misst. Das R\u00fcckgrat des Systems ist das Training mit der m-Station Talent, die von gro\u00dfen Clubs wie Real Madrid und Benfica verwendet wird. Das Gehirn des Systems ist die revolution\u00e4re m-Trainer-App, die Ihr Smartphone zu Ihrem pers\u00f6nlichen Technik-Trainer macht.  &nbsp;  &nbsp;  &nbsp;  &nbsp;  &nbsp;  KOSTENLOSER VERSAND","og_url":"https:\/\/old.muninsports.com\/de\/produkt\/m-station-club\/","og_site_name":"Munin Sports","article_modified_time":"2023-07-12T08:50:24+00:00","og_image":[{"width":800,"height":800,"url":"https:\/\/old.muninsports.com\/wp-content\/uploads\/Talent2_middle.png","type":"image\/png"}],"twitter_misc":{"Gesch\u00e4tzte Lesezeit":"1\u00a0Minute"},"schema":{"@context":"https:\/\/schema.org","@graph":[{"@type":"WebPage","@id":"https:\/\/old.muninsports.com\/de\/produkt\/m-station-club\/","url":"https:\/\/old.muninsports.com\/de\/produkt\/m-station-club\/","name":"M-Station Club - Munin Sports","isPartOf":{"@id":"https:\/\/old.muninsports.com\/eur\/#website"},"datePublished":"2016-05-09T21:00:53+00:00","dateModified":"2023-07-12T08:50:24+00:00","breadcrumb":{"@id":"https:\/\/old.muninsports.com\/de\/produkt\/m-station-club\/#breadcrumb"},"inLanguage":"de","potentialAction":[{"@type":"ReadAction","target":["https:\/\/old.muninsports.com\/de\/produkt\/m-station-club\/"]}]},{"@type":"BreadcrumbList","@id":"https:\/\/old.muninsports.com\/de\/produkt\/m-station-club\/#breadcrumb","itemListElement":[{"@type":"ListItem","position":1,"name":"Home","item":"https:\/\/old.muninsports.com\/de\/"},{"@type":"ListItem","position":2,"name":"Online shop","item":"https:\/\/old.muninsports.com\/de\/online-shop\/"},{"@type":"ListItem","position":3,"name":"M-Station Club"}]},{"@type":"WebSite","@id":"https:\/\/old.muninsports.com\/eur\/#website","url":"https:\/\/old.muninsports.com\/eur\/","name":"Munin Sports","description":"","potentialAction":[{"@type":"SearchAction","target":{"@type":"EntryPoint","urlTemplate":"https:\/\/old.muninsports.com\/eur\/?s={search_term_string}"},"query-input":"required name=search_term_string"}],"inLanguage":"de"}]}},"_links":{"self":[{"href":"https:\/\/old.muninsports.com\/de\/wp-json\/wp\/v2\/product\/15578"}],"collection":[{"href":"https:\/\/old.muninsports.com\/de\/wp-json\/wp\/v2\/product"}],"about":[{"href":"https:\/\/old.muninsports.com\/de\/wp-json\/wp\/v2\/types\/product"}],"replies":[{"embeddable":true,"href":"https:\/\/old.muninsports.com\/de\/wp-json\/wp\/v2\/comments?post=15578"}],"wp:featuredmedia":[{"embeddable":true,"href":"https:\/\/old.muninsports.com\/de\/wp-json\/wp\/v2\/media\/6832"}],"wp:attachment":[{"href":"https:\/\/old.muninsports.com\/de\/wp-json\/wp\/v2\/media?parent=15578"}],"wp:term":[{"taxonomy":"product_cat","embeddable":true,"href":"https:\/\/old.muninsports.com\/de\/wp-json\/wp\/v2\/product_cat?post=15578"},{"taxonomy":"product_tag","embeddable":true,"href":"https:\/\/old.muninsports.com\/de\/wp-json\/wp\/v2\/product_tag?post=15578"}],"curies":[{"name":"wp","href":"https:\/\/api.w.org\/{rel}","templated":true}]}}