{"id":1851,"date":"2014-11-10T16:53:53","date_gmt":"2014-11-10T15:53:53","guid":{"rendered":"https:\/\/muninsports.com\/support\/contact\/"},"modified":"2021-02-19T15:29:32","modified_gmt":"2021-02-19T14:29:32","slug":"kontakt","status":"publish","type":"page","link":"https:\/\/old.muninsports.com\/nb\/support\/kontakt\/","title":{"rendered":"Kontakt oss"},"content":{"rendered":"<h1>KONTAKT OSS<\/h1>\n<p>Vi har gjort det enkelt for deg \u00e5 komme i kontakt med oss.\u00a0S\u00e5 fort som mulig og innen 24 timer vil vi svare p\u00e5 e-posten.<\/p>\n<p>Munin Sports<br \/>\nDanneskiold-sams\u00f8es All\u00e9 24, 1<br \/>\nDK-1434 K\u00f8benhavn<br \/>\nVAT: DK-39889471<\/p>\n<p><strong>Salg<\/strong>: <a href=\"mailto:sales@muninsports.com\">sales@muninsports.com<\/a><br \/>\n<strong>Support<\/strong>: <a href=\"mailto:support@muninsports.com\">support@muninsports.com<\/a><br \/>\n<strong>Telefon<\/strong>: +45 51250535<\/p>\n","protected":false},"excerpt":{"rendered":"<p>KONTAKT OSS Vi har gjort det enkelt for deg \u00e5 komme i kontakt med oss.\u00a0S\u00e5 fort som mulig og innen 24 timer vil vi svare p\u00e5 e-posten. Munin Sports Danneskiold-sams\u00f8es All\u00e9 24, 1 DK-1434 K\u00f8benhavn VAT: DK-39889471 Salg: sales@muninsports.com Support: support@muninsports.com Telefon: +45 51250535<\/p>\n","protected":false},"author":1,"featured_media":0,"parent":1699,"menu_order":2,"comment_status":"open","ping_status":"closed","template":"page-templates\/contact.php","meta":{"_mi_skip_tracking":false},"acf":[],"yoast_head":"<!-- This site is optimized with the Yoast SEO plugin v19.6.1 - https:\/\/yoast.com\/wordpress\/plugins\/seo\/ -->\n<title>Kontakt oss - Vi svarer innen 24 timer | Munin Sports<\/title>\n<meta name=\"description\" content=\"Kontakt oss p\u00e5 tlf +47 81 50 35 57 eller via mail p\u00e5 info@muninsports.com, hvis du har sp\u00f8rsm\u00e5l om m-station, fotballm\u00e5l, utstyr til selvtrening m m.\" \/>\n<meta name=\"robots\" content=\"index, follow, max-snippet:-1, max-image-preview:large, max-video-preview:-1\" \/>\n<link rel=\"canonical\" href=\"https:\/\/old.muninsports.com\/nb\/support\/kontakt\/\" \/>\n<meta property=\"og:locale\" content=\"nb_NO\" \/>\n<meta property=\"og:type\" content=\"article\" \/>\n<meta property=\"og:title\" content=\"Kontakt oss - Vi svarer innen 24 timer | Munin Sports\" \/>\n<meta property=\"og:description\" content=\"Kontakt oss p\u00e5 tlf +47 81 50 35 57 eller via mail p\u00e5 info@muninsports.com, hvis du har sp\u00f8rsm\u00e5l om m-station, fotballm\u00e5l, utstyr til selvtrening m m.\" \/>\n<meta property=\"og:url\" content=\"https:\/\/old.muninsports.com\/nb\/support\/kontakt\/\" \/>\n<meta property=\"og:site_name\" content=\"Munin Sports\" \/>\n<meta property=\"article:modified_time\" content=\"2021-02-19T14:29:32+00:00\" \/>\n<script type=\"application\/ld+json\" class=\"yoast-schema-graph\">{\"@context\":\"https:\/\/schema.org\",\"@graph\":[{\"@type\":\"WebPage\",\"@id\":\"https:\/\/old.muninsports.com\/nb\/support\/kontakt\/\",\"url\":\"https:\/\/old.muninsports.com\/nb\/support\/kontakt\/\",\"name\":\"Kontakt oss - Vi svarer innen 24 timer | Munin Sports\",\"isPartOf\":{\"@id\":\"https:\/\/old.muninsports.com\/eur\/#website\"},\"datePublished\":\"2014-11-10T15:53:53+00:00\",\"dateModified\":\"2021-02-19T14:29:32+00:00\",\"description\":\"Kontakt oss p\u00e5 tlf +47 81 50 35 57 eller via mail p\u00e5 info@muninsports.com, hvis du har sp\u00f8rsm\u00e5l om m-station, fotballm\u00e5l, utstyr til selvtrening m m.\",\"breadcrumb\":{\"@id\":\"https:\/\/old.muninsports.com\/nb\/support\/kontakt\/#breadcrumb\"},\"inLanguage\":\"nb-NO\",\"potentialAction\":[{\"@type\":\"ReadAction\",\"target\":[\"https:\/\/old.muninsports.com\/nb\/support\/kontakt\/\"]}]},{\"@type\":\"BreadcrumbList\",\"@id\":\"https:\/\/old.muninsports.com\/nb\/support\/kontakt\/#breadcrumb\",\"itemListElement\":[{\"@type\":\"ListItem\",\"position\":1,\"name\":\"Home\",\"item\":\"https:\/\/old.muninsports.com\/nb\/\"},{\"@type\":\"ListItem\",\"position\":2,\"name\":\"Support\",\"item\":\"https:\/\/old.muninsports.com\/nb\/support\/\"},{\"@type\":\"ListItem\",\"position\":3,\"name\":\"Kontakt oss\"}]},{\"@type\":\"WebSite\",\"@id\":\"https:\/\/old.muninsports.com\/eur\/#website\",\"url\":\"https:\/\/old.muninsports.com\/eur\/\",\"name\":\"Munin Sports\",\"description\":\"\",\"potentialAction\":[{\"@type\":\"SearchAction\",\"target\":{\"@type\":\"EntryPoint\",\"urlTemplate\":\"https:\/\/old.muninsports.com\/eur\/?s={search_term_string}\"},\"query-input\":\"required name=search_term_string\"}],\"inLanguage\":\"nb-NO\"}]}<\/script>\n<!-- \/ Yoast SEO plugin. -->","yoast_head_json":{"title":"Kontakt oss - Vi svarer innen 24 timer | Munin Sports","description":"Kontakt oss p\u00e5 tlf +47 81 50 35 57 eller via mail p\u00e5 info@muninsports.com, hvis du har sp\u00f8rsm\u00e5l om m-station, fotballm\u00e5l, utstyr til selvtrening m m.","robots":{"index":"index","follow":"follow","max-snippet":"max-snippet:-1","max-image-preview":"max-image-preview:large","max-video-preview":"max-video-preview:-1"},"canonical":"https:\/\/old.muninsports.com\/nb\/support\/kontakt\/","og_locale":"nb_NO","og_type":"article","og_title":"Kontakt oss - Vi svarer innen 24 timer | Munin Sports","og_description":"Kontakt oss p\u00e5 tlf +47 81 50 35 57 eller via mail p\u00e5 info@muninsports.com, hvis du har sp\u00f8rsm\u00e5l om m-station, fotballm\u00e5l, utstyr til selvtrening m m.","og_url":"https:\/\/old.muninsports.com\/nb\/support\/kontakt\/","og_site_name":"Munin Sports","article_modified_time":"2021-02-19T14:29:32+00:00","schema":{"@context":"https:\/\/schema.org","@graph":[{"@type":"WebPage","@id":"https:\/\/old.muninsports.com\/nb\/support\/kontakt\/","url":"https:\/\/old.muninsports.com\/nb\/support\/kontakt\/","name":"Kontakt oss - Vi svarer innen 24 timer | Munin Sports","isPartOf":{"@id":"https:\/\/old.muninsports.com\/eur\/#website"},"datePublished":"2014-11-10T15:53:53+00:00","dateModified":"2021-02-19T14:29:32+00:00","description":"Kontakt oss p\u00e5 tlf +47 81 50 35 57 eller via mail p\u00e5 info@muninsports.com, hvis du har sp\u00f8rsm\u00e5l om m-station, fotballm\u00e5l, utstyr til selvtrening m m.","breadcrumb":{"@id":"https:\/\/old.muninsports.com\/nb\/support\/kontakt\/#breadcrumb"},"inLanguage":"nb-NO","potentialAction":[{"@type":"ReadAction","target":["https:\/\/old.muninsports.com\/nb\/support\/kontakt\/"]}]},{"@type":"BreadcrumbList","@id":"https:\/\/old.muninsports.com\/nb\/support\/kontakt\/#breadcrumb","itemListElement":[{"@type":"ListItem","position":1,"name":"Home","item":"https:\/\/old.muninsports.com\/nb\/"},{"@type":"ListItem","position":2,"name":"Support","item":"https:\/\/old.muninsports.com\/nb\/support\/"},{"@type":"ListItem","position":3,"name":"Kontakt oss"}]},{"@type":"WebSite","@id":"https:\/\/old.muninsports.com\/eur\/#website","url":"https:\/\/old.muninsports.com\/eur\/","name":"Munin Sports","description":"","potentialAction":[{"@type":"SearchAction","target":{"@type":"EntryPoint","urlTemplate":"https:\/\/old.muninsports.com\/eur\/?s={search_term_string}"},"query-input":"required name=search_term_string"}],"inLanguage":"nb-NO"}]}},"_links":{"self":[{"href":"https:\/\/old.muninsports.com\/nb\/wp-json\/wp\/v2\/pages\/1851"}],"collection":[{"href":"https:\/\/old.muninsports.com\/nb\/wp-json\/wp\/v2\/pages"}],"about":[{"href":"https:\/\/old.muninsports.com\/nb\/wp-json\/wp\/v2\/types\/page"}],"author":[{"embeddable":true,"href":"https:\/\/old.muninsports.com\/nb\/wp-json\/wp\/v2\/users\/1"}],"replies":[{"embeddable":true,"href":"https:\/\/old.muninsports.com\/nb\/wp-json\/wp\/v2\/comments?post=1851"}],"version-history":[{"count":34,"href":"https:\/\/old.muninsports.com\/nb\/wp-json\/wp\/v2\/pages\/1851\/revisions"}],"predecessor-version":[{"id":49041,"href":"https:\/\/old.muninsports.com\/nb\/wp-json\/wp\/v2\/pages\/1851\/revisions\/49041"}],"up":[{"embeddable":true,"href":"https:\/\/old.muninsports.com\/nb\/wp-json\/wp\/v2\/pages\/1699"}],"wp:attachment":[{"href":"https:\/\/old.muninsports.com\/nb\/wp-json\/wp\/v2\/media?parent=1851"}],"curies":[{"name":"wp","href":"https:\/\/api.w.org\/{rel}","templated":true}]}}