{"id":2187,"date":"2014-11-05T16:00:59","date_gmt":"2014-11-05T15:00:59","guid":{"rendered":"https:\/\/muninsports.com\/training-videos-2\/"},"modified":"2016-02-16T12:12:25","modified_gmt":"2016-02-16T11:12:25","slug":"training-videos","status":"publish","type":"page","link":"https:\/\/old.muninsports.com\/nb\/training-videos\/","title":{"rendered":"TRENINGS\u00d8VELSER"},"content":{"rendered":"<p>HVA ER YNDLINGSDETALJEN DIN?<\/p>\n<p>HVA DR\u00d8MMER DU OM \u00c5 KUNNE?<\/p>\n<p>SJEKK \u00d8VELSESVIDEOENE OG SE HVORDAN M-STATION PASSER TIL DET DU VIL.<\/p>\n","protected":false},"excerpt":{"rendered":"<p>HVA ER YNDLINGSDETALJEN DIN? HVA DR\u00d8MMER DU OM \u00c5 KUNNE? SJEKK \u00d8VELSESVIDEOENE OG SE HVORDAN M-STATION PASSER TIL DET DU VIL.<\/p>\n","protected":false},"author":1,"featured_media":0,"parent":0,"menu_order":0,"comment_status":"open","ping_status":"open","template":"page-templates\/training_ground.php","meta":{"_mi_skip_tracking":false},"acf":[],"yoast_head":"<!-- This site is optimized with the Yoast SEO plugin v19.6.1 - https:\/\/yoast.com\/wordpress\/plugins\/seo\/ -->\n<title>Treningsvideoer til m-station Talent og Pro | Munin Sports<\/title>\n<meta name=\"description\" content=\"Se videoene som viser hvordan du med m-station blir en teknisk dyktigere fotballspiller. Videoene inneholder flere \u00f8velser til selvtrening.\" \/>\n<meta name=\"robots\" content=\"index, follow, max-snippet:-1, max-image-preview:large, max-video-preview:-1\" \/>\n<link rel=\"canonical\" href=\"https:\/\/old.muninsports.com\/nb\/training-videos\/\" \/>\n<meta property=\"og:locale\" content=\"nb_NO\" \/>\n<meta property=\"og:type\" content=\"article\" \/>\n<meta property=\"og:title\" content=\"Treningsvideoer til m-station Talent og Pro | Munin Sports\" \/>\n<meta property=\"og:description\" content=\"Se videoene som viser hvordan du med m-station blir en teknisk dyktigere fotballspiller. Videoene inneholder flere \u00f8velser til selvtrening.\" \/>\n<meta property=\"og:url\" content=\"https:\/\/old.muninsports.com\/nb\/training-videos\/\" \/>\n<meta property=\"og:site_name\" content=\"Munin Sports\" \/>\n<meta property=\"article:modified_time\" content=\"2016-02-16T11:12:25+00:00\" \/>\n<script type=\"application\/ld+json\" class=\"yoast-schema-graph\">{\"@context\":\"https:\/\/schema.org\",\"@graph\":[{\"@type\":\"WebPage\",\"@id\":\"https:\/\/old.muninsports.com\/nb\/training-videos\/\",\"url\":\"https:\/\/old.muninsports.com\/nb\/training-videos\/\",\"name\":\"Treningsvideoer til m-station Talent og Pro | Munin Sports\",\"isPartOf\":{\"@id\":\"https:\/\/old.muninsports.com\/eur\/#website\"},\"datePublished\":\"2014-11-05T15:00:59+00:00\",\"dateModified\":\"2016-02-16T11:12:25+00:00\",\"description\":\"Se videoene som viser hvordan du med m-station blir en teknisk dyktigere fotballspiller. Videoene inneholder flere \u00f8velser til selvtrening.\",\"breadcrumb\":{\"@id\":\"https:\/\/old.muninsports.com\/nb\/training-videos\/#breadcrumb\"},\"inLanguage\":\"nb-NO\",\"potentialAction\":[{\"@type\":\"ReadAction\",\"target\":[\"https:\/\/old.muninsports.com\/nb\/training-videos\/\"]}]},{\"@type\":\"BreadcrumbList\",\"@id\":\"https:\/\/old.muninsports.com\/nb\/training-videos\/#breadcrumb\",\"itemListElement\":[{\"@type\":\"ListItem\",\"position\":1,\"name\":\"Home\",\"item\":\"https:\/\/old.muninsports.com\/nb\/\"},{\"@type\":\"ListItem\",\"position\":2,\"name\":\"TRENINGS\u00d8VELSER\"}]},{\"@type\":\"WebSite\",\"@id\":\"https:\/\/old.muninsports.com\/eur\/#website\",\"url\":\"https:\/\/old.muninsports.com\/eur\/\",\"name\":\"Munin Sports\",\"description\":\"\",\"potentialAction\":[{\"@type\":\"SearchAction\",\"target\":{\"@type\":\"EntryPoint\",\"urlTemplate\":\"https:\/\/old.muninsports.com\/eur\/?s={search_term_string}\"},\"query-input\":\"required name=search_term_string\"}],\"inLanguage\":\"nb-NO\"}]}<\/script>\n<!-- \/ Yoast SEO plugin. -->","yoast_head_json":{"title":"Treningsvideoer til m-station Talent og Pro | Munin Sports","description":"Se videoene som viser hvordan du med m-station blir en teknisk dyktigere fotballspiller. Videoene inneholder flere \u00f8velser til selvtrening.","robots":{"index":"index","follow":"follow","max-snippet":"max-snippet:-1","max-image-preview":"max-image-preview:large","max-video-preview":"max-video-preview:-1"},"canonical":"https:\/\/old.muninsports.com\/nb\/training-videos\/","og_locale":"nb_NO","og_type":"article","og_title":"Treningsvideoer til m-station Talent og Pro | Munin Sports","og_description":"Se videoene som viser hvordan du med m-station blir en teknisk dyktigere fotballspiller. Videoene inneholder flere \u00f8velser til selvtrening.","og_url":"https:\/\/old.muninsports.com\/nb\/training-videos\/","og_site_name":"Munin Sports","article_modified_time":"2016-02-16T11:12:25+00:00","schema":{"@context":"https:\/\/schema.org","@graph":[{"@type":"WebPage","@id":"https:\/\/old.muninsports.com\/nb\/training-videos\/","url":"https:\/\/old.muninsports.com\/nb\/training-videos\/","name":"Treningsvideoer til m-station Talent og Pro | Munin Sports","isPartOf":{"@id":"https:\/\/old.muninsports.com\/eur\/#website"},"datePublished":"2014-11-05T15:00:59+00:00","dateModified":"2016-02-16T11:12:25+00:00","description":"Se videoene som viser hvordan du med m-station blir en teknisk dyktigere fotballspiller. Videoene inneholder flere \u00f8velser til selvtrening.","breadcrumb":{"@id":"https:\/\/old.muninsports.com\/nb\/training-videos\/#breadcrumb"},"inLanguage":"nb-NO","potentialAction":[{"@type":"ReadAction","target":["https:\/\/old.muninsports.com\/nb\/training-videos\/"]}]},{"@type":"BreadcrumbList","@id":"https:\/\/old.muninsports.com\/nb\/training-videos\/#breadcrumb","itemListElement":[{"@type":"ListItem","position":1,"name":"Home","item":"https:\/\/old.muninsports.com\/nb\/"},{"@type":"ListItem","position":2,"name":"TRENINGS\u00d8VELSER"}]},{"@type":"WebSite","@id":"https:\/\/old.muninsports.com\/eur\/#website","url":"https:\/\/old.muninsports.com\/eur\/","name":"Munin Sports","description":"","potentialAction":[{"@type":"SearchAction","target":{"@type":"EntryPoint","urlTemplate":"https:\/\/old.muninsports.com\/eur\/?s={search_term_string}"},"query-input":"required name=search_term_string"}],"inLanguage":"nb-NO"}]}},"_links":{"self":[{"href":"https:\/\/old.muninsports.com\/nb\/wp-json\/wp\/v2\/pages\/2187"}],"collection":[{"href":"https:\/\/old.muninsports.com\/nb\/wp-json\/wp\/v2\/pages"}],"about":[{"href":"https:\/\/old.muninsports.com\/nb\/wp-json\/wp\/v2\/types\/page"}],"author":[{"embeddable":true,"href":"https:\/\/old.muninsports.com\/nb\/wp-json\/wp\/v2\/users\/1"}],"replies":[{"embeddable":true,"href":"https:\/\/old.muninsports.com\/nb\/wp-json\/wp\/v2\/comments?post=2187"}],"version-history":[{"count":11,"href":"https:\/\/old.muninsports.com\/nb\/wp-json\/wp\/v2\/pages\/2187\/revisions"}],"predecessor-version":[{"id":9325,"href":"https:\/\/old.muninsports.com\/nb\/wp-json\/wp\/v2\/pages\/2187\/revisions\/9325"}],"wp:attachment":[{"href":"https:\/\/old.muninsports.com\/nb\/wp-json\/wp\/v2\/media?parent=2187"}],"curies":[{"name":"wp","href":"https:\/\/api.w.org\/{rel}","templated":true}]}}