{"id":8933,"date":"2014-11-09T13:56:31","date_gmt":"2014-11-09T12:56:31","guid":{"rendered":"https:\/\/muninsports.com\/blog-3\/"},"modified":"2016-02-16T10:26:52","modified_gmt":"2016-02-16T09:26:52","slug":"blog","status":"publish","type":"page","link":"https:\/\/old.muninsports.com\/nb\/blog\/","title":{"rendered":"Blog"},"content":{"rendered":"","protected":false},"excerpt":{"rendered":"","protected":false},"author":1,"featured_media":0,"parent":0,"menu_order":0,"comment_status":"open","ping_status":"open","template":"page-templates\/blog.php","meta":{"_mi_skip_tracking":false},"acf":[],"yoast_head":"<!-- This site is optimized with the Yoast SEO plugin v19.6.1 - https:\/\/yoast.com\/wordpress\/plugins\/seo\/ -->\n<title>Fotballtreningsblogg | Munin Sports<\/title>\n<meta name=\"description\" content=\"Bes\u00f8k v\u00e5r blogg og f\u00e5 tips til hvordan du kan bli bedre til \u00e5 spille fotball.\" \/>\n<meta name=\"robots\" content=\"index, follow, max-snippet:-1, max-image-preview:large, max-video-preview:-1\" \/>\n<link rel=\"canonical\" href=\"https:\/\/old.muninsports.com\/nb\/blog\/\" \/>\n<meta property=\"og:locale\" content=\"nb_NO\" \/>\n<meta property=\"og:type\" content=\"article\" \/>\n<meta property=\"og:title\" content=\"Fotballtreningsblogg | Munin Sports\" \/>\n<meta property=\"og:description\" content=\"Bes\u00f8k v\u00e5r blogg og f\u00e5 tips til hvordan du kan bli bedre til \u00e5 spille fotball.\" \/>\n<meta property=\"og:url\" content=\"https:\/\/old.muninsports.com\/nb\/blog\/\" \/>\n<meta property=\"og:site_name\" content=\"Munin Sports\" \/>\n<meta property=\"article:modified_time\" content=\"2016-02-16T09:26:52+00:00\" \/>\n<script type=\"application\/ld+json\" class=\"yoast-schema-graph\">{\"@context\":\"https:\/\/schema.org\",\"@graph\":[{\"@type\":\"WebPage\",\"@id\":\"https:\/\/old.muninsports.com\/nb\/blog\/\",\"url\":\"https:\/\/old.muninsports.com\/nb\/blog\/\",\"name\":\"Fotballtreningsblogg | Munin Sports\",\"isPartOf\":{\"@id\":\"https:\/\/old.muninsports.com\/eur\/#website\"},\"datePublished\":\"2014-11-09T12:56:31+00:00\",\"dateModified\":\"2016-02-16T09:26:52+00:00\",\"description\":\"Bes\u00f8k v\u00e5r blogg og f\u00e5 tips til hvordan du kan bli bedre til \u00e5 spille fotball.\",\"breadcrumb\":{\"@id\":\"https:\/\/old.muninsports.com\/nb\/blog\/#breadcrumb\"},\"inLanguage\":\"nb-NO\",\"potentialAction\":[{\"@type\":\"ReadAction\",\"target\":[\"https:\/\/old.muninsports.com\/nb\/blog\/\"]}]},{\"@type\":\"BreadcrumbList\",\"@id\":\"https:\/\/old.muninsports.com\/nb\/blog\/#breadcrumb\",\"itemListElement\":[{\"@type\":\"ListItem\",\"position\":1,\"name\":\"Home\",\"item\":\"https:\/\/old.muninsports.com\/nb\/\"},{\"@type\":\"ListItem\",\"position\":2,\"name\":\"Blog\"}]},{\"@type\":\"WebSite\",\"@id\":\"https:\/\/old.muninsports.com\/eur\/#website\",\"url\":\"https:\/\/old.muninsports.com\/eur\/\",\"name\":\"Munin Sports\",\"description\":\"\",\"potentialAction\":[{\"@type\":\"SearchAction\",\"target\":{\"@type\":\"EntryPoint\",\"urlTemplate\":\"https:\/\/old.muninsports.com\/eur\/?s={search_term_string}\"},\"query-input\":\"required name=search_term_string\"}],\"inLanguage\":\"nb-NO\"}]}<\/script>\n<!-- \/ Yoast SEO plugin. -->","yoast_head_json":{"title":"Fotballtreningsblogg | Munin Sports","description":"Bes\u00f8k v\u00e5r blogg og f\u00e5 tips til hvordan du kan bli bedre til \u00e5 spille fotball.","robots":{"index":"index","follow":"follow","max-snippet":"max-snippet:-1","max-image-preview":"max-image-preview:large","max-video-preview":"max-video-preview:-1"},"canonical":"https:\/\/old.muninsports.com\/nb\/blog\/","og_locale":"nb_NO","og_type":"article","og_title":"Fotballtreningsblogg | Munin Sports","og_description":"Bes\u00f8k v\u00e5r blogg og f\u00e5 tips til hvordan du kan bli bedre til \u00e5 spille fotball.","og_url":"https:\/\/old.muninsports.com\/nb\/blog\/","og_site_name":"Munin Sports","article_modified_time":"2016-02-16T09:26:52+00:00","schema":{"@context":"https:\/\/schema.org","@graph":[{"@type":"WebPage","@id":"https:\/\/old.muninsports.com\/nb\/blog\/","url":"https:\/\/old.muninsports.com\/nb\/blog\/","name":"Fotballtreningsblogg | Munin Sports","isPartOf":{"@id":"https:\/\/old.muninsports.com\/eur\/#website"},"datePublished":"2014-11-09T12:56:31+00:00","dateModified":"2016-02-16T09:26:52+00:00","description":"Bes\u00f8k v\u00e5r blogg og f\u00e5 tips til hvordan du kan bli bedre til \u00e5 spille fotball.","breadcrumb":{"@id":"https:\/\/old.muninsports.com\/nb\/blog\/#breadcrumb"},"inLanguage":"nb-NO","potentialAction":[{"@type":"ReadAction","target":["https:\/\/old.muninsports.com\/nb\/blog\/"]}]},{"@type":"BreadcrumbList","@id":"https:\/\/old.muninsports.com\/nb\/blog\/#breadcrumb","itemListElement":[{"@type":"ListItem","position":1,"name":"Home","item":"https:\/\/old.muninsports.com\/nb\/"},{"@type":"ListItem","position":2,"name":"Blog"}]},{"@type":"WebSite","@id":"https:\/\/old.muninsports.com\/eur\/#website","url":"https:\/\/old.muninsports.com\/eur\/","name":"Munin Sports","description":"","potentialAction":[{"@type":"SearchAction","target":{"@type":"EntryPoint","urlTemplate":"https:\/\/old.muninsports.com\/eur\/?s={search_term_string}"},"query-input":"required name=search_term_string"}],"inLanguage":"nb-NO"}]}},"_links":{"self":[{"href":"https:\/\/old.muninsports.com\/nb\/wp-json\/wp\/v2\/pages\/8933"}],"collection":[{"href":"https:\/\/old.muninsports.com\/nb\/wp-json\/wp\/v2\/pages"}],"about":[{"href":"https:\/\/old.muninsports.com\/nb\/wp-json\/wp\/v2\/types\/page"}],"author":[{"embeddable":true,"href":"https:\/\/old.muninsports.com\/nb\/wp-json\/wp\/v2\/users\/1"}],"replies":[{"embeddable":true,"href":"https:\/\/old.muninsports.com\/nb\/wp-json\/wp\/v2\/comments?post=8933"}],"version-history":[{"count":1,"href":"https:\/\/old.muninsports.com\/nb\/wp-json\/wp\/v2\/pages\/8933\/revisions"}],"predecessor-version":[{"id":14411,"href":"https:\/\/old.muninsports.com\/nb\/wp-json\/wp\/v2\/pages\/8933\/revisions\/14411"}],"wp:attachment":[{"href":"https:\/\/old.muninsports.com\/nb\/wp-json\/wp\/v2\/media?parent=8933"}],"curies":[{"name":"wp","href":"https:\/\/api.w.org\/{rel}","templated":true}]}}