{"id":15070,"date":"2015-11-19T16:57:27","date_gmt":"2015-11-19T15:57:27","guid":{"rendered":"https:\/\/muninsports.com\/nb\/product\/m-station-academy\/"},"modified":"2022-10-14T07:51:28","modified_gmt":"2022-10-14T06:51:28","slug":"m-station-academy","status":"publish","type":"product","link":"https:\/\/old.muninsports.com\/nb\/produktet\/m-station-academy\/","title":{"rendered":"m-station Academy"},"content":{"rendered":"<h1><strong>KING SIZE REBOUNDER<\/strong><\/h1>\n<p>Robust og allsidig 200 x 200cm rebounder som er laget for ekstrem bruk hele \u00e5ret hos fotballklubber, skoler og akademier. Med 12 innstillinger har Academy en fleksibilitet som gj\u00f8r at alle spillere kan bruke den. m-station brukes av Real Madrid, Chelsea, Manchester United, Bayern M\u00fcnchen, Arsenal og mange mer.<\/p>\n<p><em>Moms\/MVA og importfortollingsgebyr er ikke inkludert i prisen.\u00a0<a href=\"https:\/\/old.muninsports.com\/nb\/customer-support\/\">Les mer<\/a>.<\/em><\/p>\n","protected":false},"excerpt":{"rendered":"<p>KING SIZE REBOUNDER Robust og allsidig 200 x 200cm rebounder som er laget for ekstrem bruk hele \u00e5ret hos fotballklubber, skoler og akademier. Med 12 innstillinger har Academy en fleksibilitet som gj\u00f8r at alle spillere kan bruke den. m-station brukes av Real Madrid, Chelsea, Manchester United, Bayern M\u00fcnchen, Arsenal og mange mer. Moms\/MVA og importfortollingsgebyr [&hellip;]<\/p>\n","protected":false},"featured_media":19112,"comment_status":"closed","ping_status":"closed","template":"","meta":{"_mi_skip_tracking":false},"product_cat":[109],"product_tag":[],"bundled_by":[],"bundle_stock_status":"instock","bundle_stock_quantity":null,"bundle_virtual":false,"bundle_layout":"","bundle_add_to_cart_form_location":"","bundle_editable_in_cart":false,"bundle_sold_individually_context":"","bundle_item_grouping":"","bundle_min_size":"","bundle_max_size":"","bundled_items":[],"bundle_sell_ids":[],"acf":[],"yoast_head":"<!-- This site is optimized with the Yoast SEO plugin v19.6.1 - https:\/\/yoast.com\/wordpress\/plugins\/seo\/ -->\n<title>m-station Academy - Munin Sports<\/title>\n<meta name=\"robots\" content=\"index, follow, max-snippet:-1, max-image-preview:large, max-video-preview:-1\" \/>\n<link rel=\"canonical\" href=\"https:\/\/old.muninsports.com\/nb\/produktet\/m-station-academy\/\" \/>\n<meta property=\"og:locale\" content=\"nb_NO\" \/>\n<meta property=\"og:type\" content=\"article\" \/>\n<meta property=\"og:title\" content=\"m-station Academy - Munin Sports\" \/>\n<meta property=\"og:description\" content=\"KING SIZE REBOUNDER Robust og allsidig 200 x 200cm rebounder som er laget for ekstrem bruk hele \u00e5ret hos fotballklubber, skoler og akademier. Med 12 innstillinger har Academy en fleksibilitet som gj\u00f8r at alle spillere kan bruke den. m-station brukes av Real Madrid, Chelsea, Manchester United, Bayern M\u00fcnchen, Arsenal og mange mer. Moms\/MVA og importfortollingsgebyr [&hellip;]\" \/>\n<meta property=\"og:url\" content=\"https:\/\/old.muninsports.com\/nb\/produktet\/m-station-academy\/\" \/>\n<meta property=\"og:site_name\" content=\"Munin Sports\" \/>\n<meta property=\"article:modified_time\" content=\"2022-10-14T06:51:28+00:00\" \/>\n<meta property=\"og:image\" content=\"https:\/\/old.muninsports.com\/wp-content\/uploads\/800x800_m-station-Academy_compressed.png\" \/>\n\t<meta property=\"og:image:width\" content=\"800\" \/>\n\t<meta property=\"og:image:height\" content=\"800\" \/>\n\t<meta property=\"og:image:type\" content=\"image\/png\" \/>\n<meta name=\"twitter:label1\" content=\"Ansl. lesetid\" \/>\n\t<meta name=\"twitter:data1\" content=\"1 minutt\" \/>\n<script type=\"application\/ld+json\" class=\"yoast-schema-graph\">{\"@context\":\"https:\/\/schema.org\",\"@graph\":[{\"@type\":\"WebPage\",\"@id\":\"https:\/\/old.muninsports.com\/nb\/produktet\/m-station-academy\/\",\"url\":\"https:\/\/old.muninsports.com\/nb\/produktet\/m-station-academy\/\",\"name\":\"m-station Academy - Munin Sports\",\"isPartOf\":{\"@id\":\"https:\/\/old.muninsports.com\/eur\/#website\"},\"datePublished\":\"2015-11-19T15:57:27+00:00\",\"dateModified\":\"2022-10-14T06:51:28+00:00\",\"breadcrumb\":{\"@id\":\"https:\/\/old.muninsports.com\/nb\/produktet\/m-station-academy\/#breadcrumb\"},\"inLanguage\":\"nb-NO\",\"potentialAction\":[{\"@type\":\"ReadAction\",\"target\":[\"https:\/\/old.muninsports.com\/nb\/produktet\/m-station-academy\/\"]}]},{\"@type\":\"BreadcrumbList\",\"@id\":\"https:\/\/old.muninsports.com\/nb\/produktet\/m-station-academy\/#breadcrumb\",\"itemListElement\":[{\"@type\":\"ListItem\",\"position\":1,\"name\":\"Home\",\"item\":\"https:\/\/old.muninsports.com\/nb\/\"},{\"@type\":\"ListItem\",\"position\":2,\"name\":\"Online shop\",\"item\":\"https:\/\/old.muninsports.com\/nb\/online-shop\/\"},{\"@type\":\"ListItem\",\"position\":3,\"name\":\"m-station Academy\"}]},{\"@type\":\"WebSite\",\"@id\":\"https:\/\/old.muninsports.com\/eur\/#website\",\"url\":\"https:\/\/old.muninsports.com\/eur\/\",\"name\":\"Munin Sports\",\"description\":\"\",\"potentialAction\":[{\"@type\":\"SearchAction\",\"target\":{\"@type\":\"EntryPoint\",\"urlTemplate\":\"https:\/\/old.muninsports.com\/eur\/?s={search_term_string}\"},\"query-input\":\"required name=search_term_string\"}],\"inLanguage\":\"nb-NO\"}]}<\/script>\n<!-- \/ Yoast SEO plugin. -->","yoast_head_json":{"title":"m-station Academy - Munin Sports","robots":{"index":"index","follow":"follow","max-snippet":"max-snippet:-1","max-image-preview":"max-image-preview:large","max-video-preview":"max-video-preview:-1"},"canonical":"https:\/\/old.muninsports.com\/nb\/produktet\/m-station-academy\/","og_locale":"nb_NO","og_type":"article","og_title":"m-station Academy - Munin Sports","og_description":"KING SIZE REBOUNDER Robust og allsidig 200 x 200cm rebounder som er laget for ekstrem bruk hele \u00e5ret hos fotballklubber, skoler og akademier. Med 12 innstillinger har Academy en fleksibilitet som gj\u00f8r at alle spillere kan bruke den. m-station brukes av Real Madrid, Chelsea, Manchester United, Bayern M\u00fcnchen, Arsenal og mange mer. Moms\/MVA og importfortollingsgebyr [&hellip;]","og_url":"https:\/\/old.muninsports.com\/nb\/produktet\/m-station-academy\/","og_site_name":"Munin Sports","article_modified_time":"2022-10-14T06:51:28+00:00","og_image":[{"width":800,"height":800,"url":"https:\/\/old.muninsports.com\/wp-content\/uploads\/800x800_m-station-Academy_compressed.png","type":"image\/png"}],"twitter_misc":{"Ansl. lesetid":"1 minutt"},"schema":{"@context":"https:\/\/schema.org","@graph":[{"@type":"WebPage","@id":"https:\/\/old.muninsports.com\/nb\/produktet\/m-station-academy\/","url":"https:\/\/old.muninsports.com\/nb\/produktet\/m-station-academy\/","name":"m-station Academy - Munin Sports","isPartOf":{"@id":"https:\/\/old.muninsports.com\/eur\/#website"},"datePublished":"2015-11-19T15:57:27+00:00","dateModified":"2022-10-14T06:51:28+00:00","breadcrumb":{"@id":"https:\/\/old.muninsports.com\/nb\/produktet\/m-station-academy\/#breadcrumb"},"inLanguage":"nb-NO","potentialAction":[{"@type":"ReadAction","target":["https:\/\/old.muninsports.com\/nb\/produktet\/m-station-academy\/"]}]},{"@type":"BreadcrumbList","@id":"https:\/\/old.muninsports.com\/nb\/produktet\/m-station-academy\/#breadcrumb","itemListElement":[{"@type":"ListItem","position":1,"name":"Home","item":"https:\/\/old.muninsports.com\/nb\/"},{"@type":"ListItem","position":2,"name":"Online shop","item":"https:\/\/old.muninsports.com\/nb\/online-shop\/"},{"@type":"ListItem","position":3,"name":"m-station Academy"}]},{"@type":"WebSite","@id":"https:\/\/old.muninsports.com\/eur\/#website","url":"https:\/\/old.muninsports.com\/eur\/","name":"Munin Sports","description":"","potentialAction":[{"@type":"SearchAction","target":{"@type":"EntryPoint","urlTemplate":"https:\/\/old.muninsports.com\/eur\/?s={search_term_string}"},"query-input":"required name=search_term_string"}],"inLanguage":"nb-NO"}]}},"_links":{"self":[{"href":"https:\/\/old.muninsports.com\/nb\/wp-json\/wp\/v2\/product\/15070"}],"collection":[{"href":"https:\/\/old.muninsports.com\/nb\/wp-json\/wp\/v2\/product"}],"about":[{"href":"https:\/\/old.muninsports.com\/nb\/wp-json\/wp\/v2\/types\/product"}],"replies":[{"embeddable":true,"href":"https:\/\/old.muninsports.com\/nb\/wp-json\/wp\/v2\/comments?post=15070"}],"wp:featuredmedia":[{"embeddable":true,"href":"https:\/\/old.muninsports.com\/nb\/wp-json\/wp\/v2\/media\/19112"}],"wp:attachment":[{"href":"https:\/\/old.muninsports.com\/nb\/wp-json\/wp\/v2\/media?parent=15070"}],"wp:term":[{"taxonomy":"product_cat","embeddable":true,"href":"https:\/\/old.muninsports.com\/nb\/wp-json\/wp\/v2\/product_cat?post=15070"},{"taxonomy":"product_tag","embeddable":true,"href":"https:\/\/old.muninsports.com\/nb\/wp-json\/wp\/v2\/product_tag?post=15070"}],"curies":[{"name":"wp","href":"https:\/\/api.w.org\/{rel}","templated":true}]}}