{"id":15580,"date":"2016-05-09T22:00:53","date_gmt":"2016-05-09T21:00:54","guid":{"rendered":""},"modified":"2023-07-12T09:50:08","modified_gmt":"2023-07-12T08:50:08","slug":"m-station-club","status":"publish","type":"product","link":"https:\/\/old.muninsports.com\/nb\/produktet\/m-station-club\/","title":{"rendered":"m-station Club"},"content":{"rendered":"<h1>Overlegen kvalitet<\/h1>\n<p>Vi har tatt den originale m-station Talent og gitt den et tykkere panser. Med en forsterket aluminium\u00a0konstruksjon er m-station Club en utgave p\u00e5 145 x 145cm som er egnet for trenings\u00f8kter og individuelt bruk i klubber, skoler og akademier. Den kan enkelt flyttes rundt p\u00e5 treningsfeltet. Ideell for timevis av daglig trening i fotballklubber!<\/p>\n<p><em>Moms\/MVA og importfortollingsgebyr er ikke inkludert i prisen.\u00a0<a href=\"https:\/\/old.muninsports.com\/nb\/customer-support\/\">Les mer<\/a>.<\/em><\/p>\n","protected":false},"excerpt":{"rendered":"<p>m-station Talent og m-trainer appen er det eneste treningssystemet<br \/>\ni verden som m\u00e5ler fotballspilleres tekniske evner.<br \/>\nRyggraden i\u00a0systemet er treningsredskapet m-station Talent, som<br \/>\nbrukes av\u00a0verdens st\u00f8rste fotballklubber.<br \/>\nHjernen i systemet er den revolusjonerende m-trainer-appen, som<br \/>\nforvandler smarttelefonen din til din egne personlige teknikktrener.<\/p>\n","protected":false},"featured_media":19089,"comment_status":"open","ping_status":"closed","template":"","meta":{"_mi_skip_tracking":false},"product_cat":[109],"product_tag":[],"bundled_by":[],"bundle_stock_status":"instock","bundle_stock_quantity":null,"bundle_virtual":false,"bundle_layout":"","bundle_add_to_cart_form_location":"","bundle_editable_in_cart":false,"bundle_sold_individually_context":"","bundle_item_grouping":"","bundle_min_size":"","bundle_max_size":"","bundled_items":[],"bundle_sell_ids":[],"acf":[],"yoast_head":"<!-- This site is optimized with the Yoast SEO plugin v19.6.1 - https:\/\/yoast.com\/wordpress\/plugins\/seo\/ -->\n<title>m-station Talent - Verdens beste fotball rebounder | Munin Sports<\/title>\n<meta name=\"description\" content=\"m-station Talent og MuninPlay appen er det eneste treningssystemet i verden som m\u00e5ler fotballspillerenes tekniske evner.\" \/>\n<meta name=\"robots\" content=\"index, follow, max-snippet:-1, max-image-preview:large, max-video-preview:-1\" \/>\n<link rel=\"canonical\" href=\"https:\/\/old.muninsports.com\/nb\/produktet\/m-station-club\/\" \/>\n<meta property=\"og:locale\" content=\"nb_NO\" \/>\n<meta property=\"og:type\" content=\"article\" \/>\n<meta property=\"og:title\" content=\"m-station Talent - Verdens beste fotball rebounder | Munin Sports\" \/>\n<meta property=\"og:description\" content=\"m-station Talent og MuninPlay appen er det eneste treningssystemet i verden som m\u00e5ler fotballspillerenes tekniske evner.\" \/>\n<meta property=\"og:url\" content=\"https:\/\/old.muninsports.com\/nb\/produktet\/m-station-club\/\" \/>\n<meta property=\"og:site_name\" content=\"Munin Sports\" \/>\n<meta property=\"article:modified_time\" content=\"2023-07-12T08:50:08+00:00\" \/>\n<meta property=\"og:image\" content=\"https:\/\/old.muninsports.com\/wp-content\/uploads\/m-station-Talent-Club-rebounder-1.png\" \/>\n\t<meta property=\"og:image:width\" content=\"800\" \/>\n\t<meta property=\"og:image:height\" content=\"800\" \/>\n\t<meta property=\"og:image:type\" content=\"image\/png\" \/>\n<meta name=\"twitter:label1\" content=\"Ansl. lesetid\" \/>\n\t<meta name=\"twitter:data1\" content=\"1 minutt\" \/>\n<script type=\"application\/ld+json\" class=\"yoast-schema-graph\">{\"@context\":\"https:\/\/schema.org\",\"@graph\":[{\"@type\":\"WebPage\",\"@id\":\"https:\/\/old.muninsports.com\/nb\/produktet\/m-station-club\/\",\"url\":\"https:\/\/old.muninsports.com\/nb\/produktet\/m-station-club\/\",\"name\":\"m-station Talent - Verdens beste fotball rebounder | Munin Sports\",\"isPartOf\":{\"@id\":\"https:\/\/old.muninsports.com\/eur\/#website\"},\"datePublished\":\"2016-05-09T21:00:54+00:00\",\"dateModified\":\"2023-07-12T08:50:08+00:00\",\"description\":\"m-station Talent og MuninPlay appen er det eneste treningssystemet i verden som m\u00e5ler fotballspillerenes tekniske evner.\",\"breadcrumb\":{\"@id\":\"https:\/\/old.muninsports.com\/nb\/produktet\/m-station-club\/#breadcrumb\"},\"inLanguage\":\"nb-NO\",\"potentialAction\":[{\"@type\":\"ReadAction\",\"target\":[\"https:\/\/old.muninsports.com\/nb\/produktet\/m-station-club\/\"]}]},{\"@type\":\"BreadcrumbList\",\"@id\":\"https:\/\/old.muninsports.com\/nb\/produktet\/m-station-club\/#breadcrumb\",\"itemListElement\":[{\"@type\":\"ListItem\",\"position\":1,\"name\":\"Home\",\"item\":\"https:\/\/old.muninsports.com\/nb\/\"},{\"@type\":\"ListItem\",\"position\":2,\"name\":\"Online shop\",\"item\":\"https:\/\/old.muninsports.com\/nb\/online-shop\/\"},{\"@type\":\"ListItem\",\"position\":3,\"name\":\"m-station Club\"}]},{\"@type\":\"WebSite\",\"@id\":\"https:\/\/old.muninsports.com\/eur\/#website\",\"url\":\"https:\/\/old.muninsports.com\/eur\/\",\"name\":\"Munin Sports\",\"description\":\"\",\"potentialAction\":[{\"@type\":\"SearchAction\",\"target\":{\"@type\":\"EntryPoint\",\"urlTemplate\":\"https:\/\/old.muninsports.com\/eur\/?s={search_term_string}\"},\"query-input\":\"required name=search_term_string\"}],\"inLanguage\":\"nb-NO\"}]}<\/script>\n<!-- \/ Yoast SEO plugin. -->","yoast_head_json":{"title":"m-station Talent - Verdens beste fotball rebounder | Munin Sports","description":"m-station Talent og MuninPlay appen er det eneste treningssystemet i verden som m\u00e5ler fotballspillerenes tekniske evner.","robots":{"index":"index","follow":"follow","max-snippet":"max-snippet:-1","max-image-preview":"max-image-preview:large","max-video-preview":"max-video-preview:-1"},"canonical":"https:\/\/old.muninsports.com\/nb\/produktet\/m-station-club\/","og_locale":"nb_NO","og_type":"article","og_title":"m-station Talent - Verdens beste fotball rebounder | Munin Sports","og_description":"m-station Talent og MuninPlay appen er det eneste treningssystemet i verden som m\u00e5ler fotballspillerenes tekniske evner.","og_url":"https:\/\/old.muninsports.com\/nb\/produktet\/m-station-club\/","og_site_name":"Munin Sports","article_modified_time":"2023-07-12T08:50:08+00:00","og_image":[{"width":800,"height":800,"url":"https:\/\/old.muninsports.com\/wp-content\/uploads\/m-station-Talent-Club-rebounder-1.png","type":"image\/png"}],"twitter_misc":{"Ansl. lesetid":"1 minutt"},"schema":{"@context":"https:\/\/schema.org","@graph":[{"@type":"WebPage","@id":"https:\/\/old.muninsports.com\/nb\/produktet\/m-station-club\/","url":"https:\/\/old.muninsports.com\/nb\/produktet\/m-station-club\/","name":"m-station Talent - Verdens beste fotball rebounder | Munin Sports","isPartOf":{"@id":"https:\/\/old.muninsports.com\/eur\/#website"},"datePublished":"2016-05-09T21:00:54+00:00","dateModified":"2023-07-12T08:50:08+00:00","description":"m-station Talent og MuninPlay appen er det eneste treningssystemet i verden som m\u00e5ler fotballspillerenes tekniske evner.","breadcrumb":{"@id":"https:\/\/old.muninsports.com\/nb\/produktet\/m-station-club\/#breadcrumb"},"inLanguage":"nb-NO","potentialAction":[{"@type":"ReadAction","target":["https:\/\/old.muninsports.com\/nb\/produktet\/m-station-club\/"]}]},{"@type":"BreadcrumbList","@id":"https:\/\/old.muninsports.com\/nb\/produktet\/m-station-club\/#breadcrumb","itemListElement":[{"@type":"ListItem","position":1,"name":"Home","item":"https:\/\/old.muninsports.com\/nb\/"},{"@type":"ListItem","position":2,"name":"Online shop","item":"https:\/\/old.muninsports.com\/nb\/online-shop\/"},{"@type":"ListItem","position":3,"name":"m-station Club"}]},{"@type":"WebSite","@id":"https:\/\/old.muninsports.com\/eur\/#website","url":"https:\/\/old.muninsports.com\/eur\/","name":"Munin Sports","description":"","potentialAction":[{"@type":"SearchAction","target":{"@type":"EntryPoint","urlTemplate":"https:\/\/old.muninsports.com\/eur\/?s={search_term_string}"},"query-input":"required name=search_term_string"}],"inLanguage":"nb-NO"}]}},"_links":{"self":[{"href":"https:\/\/old.muninsports.com\/nb\/wp-json\/wp\/v2\/product\/15580"}],"collection":[{"href":"https:\/\/old.muninsports.com\/nb\/wp-json\/wp\/v2\/product"}],"about":[{"href":"https:\/\/old.muninsports.com\/nb\/wp-json\/wp\/v2\/types\/product"}],"replies":[{"embeddable":true,"href":"https:\/\/old.muninsports.com\/nb\/wp-json\/wp\/v2\/comments?post=15580"}],"wp:featuredmedia":[{"embeddable":true,"href":"https:\/\/old.muninsports.com\/nb\/wp-json\/wp\/v2\/media\/19089"}],"wp:attachment":[{"href":"https:\/\/old.muninsports.com\/nb\/wp-json\/wp\/v2\/media?parent=15580"}],"wp:term":[{"taxonomy":"product_cat","embeddable":true,"href":"https:\/\/old.muninsports.com\/nb\/wp-json\/wp\/v2\/product_cat?post=15580"},{"taxonomy":"product_tag","embeddable":true,"href":"https:\/\/old.muninsports.com\/nb\/wp-json\/wp\/v2\/product_tag?post=15580"}],"curies":[{"name":"wp","href":"https:\/\/api.w.org\/{rel}","templated":true}]}}