{"id":37332,"date":"2018-01-18T14:32:22","date_gmt":"2018-01-18T13:32:25","guid":{"rendered":"https:\/\/muninsports.com\/?post_type=product&#038;p=37332"},"modified":"2022-10-12T16:56:51","modified_gmt":"2022-10-12T15:56:51","slug":"strings-m-station-europe","status":"publish","type":"product","link":"https:\/\/old.muninsports.com\/nb\/produktet\/strings-m-station-europe\/","title":{"rendered":"Streng &#8211; m-station"},"content":{"rendered":"<p>Nettet er tilpasset og laget for \u00e5 bli truffet av fotballer dag inn og dag ut. Skulle det skje at en av strengene (enten horisontal eller vertikal) g\u00e5r i stykker, kan du bestille en ny her.<\/p>\n<p>Skulle det skje at flere av strengene g\u00e5r i stykker, kan du bestille et nyt nett <span style=\"text-decoration: underline;\"><a href=\"https:\/\/old.muninsports.com\/nb\/produktet\/net-m-station-europe\/\" target=\"_blank\" rel=\"noopener noreferrer\">her<\/a><\/span>.<\/p>\n<p><strong>Velg streng for m-station<\/strong><\/p>\n<ul>\n<li>Streng set (1,6mm) for 100&#215;100 m-station P10 (380 NOK)<\/li>\n<li>1x Streng (1,6mm) for 145x145cm m-station Talent (og Club) (380 NOK)<\/li>\n<li>1x Streng (1,8mm) for 145x145cm m-station Club (og Talent) (515 NOK)<\/li>\n<li>1x Streng (1,8mm) for 200x200cm\u00a0 m-station Academy (780 NOK)<\/li>\n<\/ul>\n<p><strong>Montering<\/strong><br \/>\nStrengen leveres klar til montering, og du finner instruksjoner for hvordan du installerer strengen <span style=\"text-decoration: underline;\"><a href=\"https:\/\/youtu.be\/TR_vGjpTQa8\" target=\"_blank\" rel=\"noopener noreferrer\">her<\/a><\/span>.<\/p>\n<p><em>Moms\/MVA og importfortollingsgebyr er ikke inkludert i prisen.\u00a0<a href=\"https:\/\/old.muninsports.com\/nb\/customer-support\/\">Les mer<\/a>.<\/em><\/p>\n","protected":false},"excerpt":{"rendered":"<p>Nettet er tilpasset og laget for \u00e5 bli truffet av fotballer dag inn og dag ut. Skulle det skje at en av strengene (enten horisontal eller vertikal) g\u00e5r i stykker, kan du bestille en ny her. Skulle det skje at flere av strengene g\u00e5r i stykker, kan du bestille et nyt nett her. Velg streng [&hellip;]<\/p>\n","protected":false},"featured_media":22423,"comment_status":"closed","ping_status":"closed","template":"","meta":{"_mi_skip_tracking":false},"product_cat":[531,523],"product_tag":[],"bundled_by":[],"bundle_stock_status":"instock","bundle_stock_quantity":null,"bundle_virtual":false,"bundle_layout":"","bundle_add_to_cart_form_location":"","bundle_editable_in_cart":false,"bundle_sold_individually_context":"","bundle_item_grouping":"","bundle_min_size":"","bundle_max_size":"","bundled_items":[],"bundle_sell_ids":[],"acf":[],"yoast_head":"<!-- This site is optimized with the Yoast SEO plugin v19.6.1 - https:\/\/yoast.com\/wordpress\/plugins\/seo\/ -->\n<title>Streng - m-station - Munin Sports<\/title>\n<meta name=\"robots\" content=\"index, follow, max-snippet:-1, max-image-preview:large, max-video-preview:-1\" \/>\n<link rel=\"canonical\" href=\"https:\/\/old.muninsports.com\/nb\/produktet\/strings-m-station-europe\/\" \/>\n<meta property=\"og:locale\" content=\"nb_NO\" \/>\n<meta property=\"og:type\" content=\"article\" \/>\n<meta property=\"og:title\" content=\"Streng - m-station - Munin Sports\" \/>\n<meta property=\"og:description\" content=\"Nettet er tilpasset og laget for \u00e5 bli truffet av fotballer dag inn og dag ut. Skulle det skje at en av strengene (enten horisontal eller vertikal) g\u00e5r i stykker, kan du bestille en ny her. Skulle det skje at flere av strengene g\u00e5r i stykker, kan du bestille et nyt nett her. Velg streng [&hellip;]\" \/>\n<meta property=\"og:url\" content=\"https:\/\/old.muninsports.com\/nb\/produktet\/strings-m-station-europe\/\" \/>\n<meta property=\"og:site_name\" content=\"Munin Sports\" \/>\n<meta property=\"article:modified_time\" content=\"2022-10-12T15:56:51+00:00\" \/>\n<meta property=\"og:image\" content=\"https:\/\/old.muninsports.com\/wp-content\/uploads\/800x800_website_m-station_string_compressed.png\" \/>\n\t<meta property=\"og:image:width\" content=\"800\" \/>\n\t<meta property=\"og:image:height\" content=\"800\" \/>\n\t<meta property=\"og:image:type\" content=\"image\/png\" \/>\n<meta name=\"twitter:label1\" content=\"Ansl. lesetid\" \/>\n\t<meta name=\"twitter:data1\" content=\"1 minutt\" \/>\n<script type=\"application\/ld+json\" class=\"yoast-schema-graph\">{\"@context\":\"https:\/\/schema.org\",\"@graph\":[{\"@type\":\"WebPage\",\"@id\":\"https:\/\/old.muninsports.com\/nb\/produktet\/strings-m-station-europe\/\",\"url\":\"https:\/\/old.muninsports.com\/nb\/produktet\/strings-m-station-europe\/\",\"name\":\"Streng - m-station - Munin Sports\",\"isPartOf\":{\"@id\":\"https:\/\/old.muninsports.com\/eur\/#website\"},\"datePublished\":\"2018-01-18T13:32:25+00:00\",\"dateModified\":\"2022-10-12T15:56:51+00:00\",\"breadcrumb\":{\"@id\":\"https:\/\/old.muninsports.com\/nb\/produktet\/strings-m-station-europe\/#breadcrumb\"},\"inLanguage\":\"nb-NO\",\"potentialAction\":[{\"@type\":\"ReadAction\",\"target\":[\"https:\/\/old.muninsports.com\/nb\/produktet\/strings-m-station-europe\/\"]}]},{\"@type\":\"BreadcrumbList\",\"@id\":\"https:\/\/old.muninsports.com\/nb\/produktet\/strings-m-station-europe\/#breadcrumb\",\"itemListElement\":[{\"@type\":\"ListItem\",\"position\":1,\"name\":\"Home\",\"item\":\"https:\/\/old.muninsports.com\/nb\/\"},{\"@type\":\"ListItem\",\"position\":2,\"name\":\"Online shop\",\"item\":\"https:\/\/old.muninsports.com\/nb\/online-shop\/\"},{\"@type\":\"ListItem\",\"position\":3,\"name\":\"Streng &#8211; m-station\"}]},{\"@type\":\"WebSite\",\"@id\":\"https:\/\/old.muninsports.com\/eur\/#website\",\"url\":\"https:\/\/old.muninsports.com\/eur\/\",\"name\":\"Munin Sports\",\"description\":\"\",\"potentialAction\":[{\"@type\":\"SearchAction\",\"target\":{\"@type\":\"EntryPoint\",\"urlTemplate\":\"https:\/\/old.muninsports.com\/eur\/?s={search_term_string}\"},\"query-input\":\"required name=search_term_string\"}],\"inLanguage\":\"nb-NO\"}]}<\/script>\n<!-- \/ Yoast SEO plugin. -->","yoast_head_json":{"title":"Streng - m-station - Munin Sports","robots":{"index":"index","follow":"follow","max-snippet":"max-snippet:-1","max-image-preview":"max-image-preview:large","max-video-preview":"max-video-preview:-1"},"canonical":"https:\/\/old.muninsports.com\/nb\/produktet\/strings-m-station-europe\/","og_locale":"nb_NO","og_type":"article","og_title":"Streng - m-station - Munin Sports","og_description":"Nettet er tilpasset og laget for \u00e5 bli truffet av fotballer dag inn og dag ut. Skulle det skje at en av strengene (enten horisontal eller vertikal) g\u00e5r i stykker, kan du bestille en ny her. Skulle det skje at flere av strengene g\u00e5r i stykker, kan du bestille et nyt nett her. Velg streng [&hellip;]","og_url":"https:\/\/old.muninsports.com\/nb\/produktet\/strings-m-station-europe\/","og_site_name":"Munin Sports","article_modified_time":"2022-10-12T15:56:51+00:00","og_image":[{"width":800,"height":800,"url":"https:\/\/old.muninsports.com\/wp-content\/uploads\/800x800_website_m-station_string_compressed.png","type":"image\/png"}],"twitter_misc":{"Ansl. lesetid":"1 minutt"},"schema":{"@context":"https:\/\/schema.org","@graph":[{"@type":"WebPage","@id":"https:\/\/old.muninsports.com\/nb\/produktet\/strings-m-station-europe\/","url":"https:\/\/old.muninsports.com\/nb\/produktet\/strings-m-station-europe\/","name":"Streng - m-station - Munin Sports","isPartOf":{"@id":"https:\/\/old.muninsports.com\/eur\/#website"},"datePublished":"2018-01-18T13:32:25+00:00","dateModified":"2022-10-12T15:56:51+00:00","breadcrumb":{"@id":"https:\/\/old.muninsports.com\/nb\/produktet\/strings-m-station-europe\/#breadcrumb"},"inLanguage":"nb-NO","potentialAction":[{"@type":"ReadAction","target":["https:\/\/old.muninsports.com\/nb\/produktet\/strings-m-station-europe\/"]}]},{"@type":"BreadcrumbList","@id":"https:\/\/old.muninsports.com\/nb\/produktet\/strings-m-station-europe\/#breadcrumb","itemListElement":[{"@type":"ListItem","position":1,"name":"Home","item":"https:\/\/old.muninsports.com\/nb\/"},{"@type":"ListItem","position":2,"name":"Online shop","item":"https:\/\/old.muninsports.com\/nb\/online-shop\/"},{"@type":"ListItem","position":3,"name":"Streng &#8211; m-station"}]},{"@type":"WebSite","@id":"https:\/\/old.muninsports.com\/eur\/#website","url":"https:\/\/old.muninsports.com\/eur\/","name":"Munin Sports","description":"","potentialAction":[{"@type":"SearchAction","target":{"@type":"EntryPoint","urlTemplate":"https:\/\/old.muninsports.com\/eur\/?s={search_term_string}"},"query-input":"required name=search_term_string"}],"inLanguage":"nb-NO"}]}},"_links":{"self":[{"href":"https:\/\/old.muninsports.com\/nb\/wp-json\/wp\/v2\/product\/37332"}],"collection":[{"href":"https:\/\/old.muninsports.com\/nb\/wp-json\/wp\/v2\/product"}],"about":[{"href":"https:\/\/old.muninsports.com\/nb\/wp-json\/wp\/v2\/types\/product"}],"replies":[{"embeddable":true,"href":"https:\/\/old.muninsports.com\/nb\/wp-json\/wp\/v2\/comments?post=37332"}],"wp:featuredmedia":[{"embeddable":true,"href":"https:\/\/old.muninsports.com\/nb\/wp-json\/wp\/v2\/media\/22423"}],"wp:attachment":[{"href":"https:\/\/old.muninsports.com\/nb\/wp-json\/wp\/v2\/media?parent=37332"}],"wp:term":[{"taxonomy":"product_cat","embeddable":true,"href":"https:\/\/old.muninsports.com\/nb\/wp-json\/wp\/v2\/product_cat?post=37332"},{"taxonomy":"product_tag","embeddable":true,"href":"https:\/\/old.muninsports.com\/nb\/wp-json\/wp\/v2\/product_tag?post=37332"}],"curies":[{"name":"wp","href":"https:\/\/api.w.org\/{rel}","templated":true}]}}